{"id":905,"date":"2023-02-11T15:17:11","date_gmt":"2023-02-11T18:17:11","guid":{"rendered":"https:\/\/dmtcomponentes.com.br\/?page_id=905"},"modified":"2023-03-27T09:54:56","modified_gmt":"2023-03-27T12:54:56","slug":"pistao-a-gas","status":"publish","type":"page","link":"https:\/\/dmtcomponentes.com.br\/?page_id=905","title":{"rendered":"PIST\u00c3O A G\u00c1S"},"content":{"rendered":"\n<div class=\"wp-block-uagb-container uagb-block-9d7b9010 alignfull uagb-is-root-container\"><div class=\"uagb-container-inner-blocks-wrap\">\n<figure class=\"wp-block-image size-full\"><img data-recalc-dims=\"1\" loading=\"lazy\" decoding=\"async\" width=\"4252\" height=\"886\" data-attachment-id=\"6081\" data-permalink=\"https:\/\/dmtcomponentes.com.br\/?attachment_id=6081\" data-orig-file=\"https:\/\/i0.wp.com\/dmtcomponentes.com.br\/wp-content\/uploads\/2023\/03\/pistao.png?fit=4252%2C886&amp;ssl=1\" data-orig-size=\"4252,886\" data-comments-opened=\"1\" data-image-meta=\"{&quot;aperture&quot;:&quot;0&quot;,&quot;credit&quot;:&quot;&quot;,&quot;camera&quot;:&quot;&quot;,&quot;caption&quot;:&quot;&quot;,&quot;created_timestamp&quot;:&quot;0&quot;,&quot;copyright&quot;:&quot;&quot;,&quot;focal_length&quot;:&quot;0&quot;,&quot;iso&quot;:&quot;0&quot;,&quot;shutter_speed&quot;:&quot;0&quot;,&quot;title&quot;:&quot;&quot;,&quot;orientation&quot;:&quot;0&quot;}\" data-image-title=\"pistao\" data-image-description=\"\" data-image-caption=\"\" data-large-file=\"https:\/\/i0.wp.com\/dmtcomponentes.com.br\/wp-content\/uploads\/2023\/03\/pistao.png?fit=1024%2C213&amp;ssl=1\" src=\"https:\/\/i0.wp.com\/dmtcomponentes.com.br\/wp-content\/uploads\/2023\/03\/pistao.png?resize=4252%2C886&#038;ssl=1\" alt=\"\" class=\"wp-image-6081\" srcset=\"https:\/\/i0.wp.com\/dmtcomponentes.com.br\/wp-content\/uploads\/2023\/03\/pistao.png?w=4252&amp;ssl=1 4252w, https:\/\/i0.wp.com\/dmtcomponentes.com.br\/wp-content\/uploads\/2023\/03\/pistao.png?resize=300%2C63&amp;ssl=1 300w, https:\/\/i0.wp.com\/dmtcomponentes.com.br\/wp-content\/uploads\/2023\/03\/pistao.png?resize=1024%2C213&amp;ssl=1 1024w, https:\/\/i0.wp.com\/dmtcomponentes.com.br\/wp-content\/uploads\/2023\/03\/pistao.png?resize=768%2C160&amp;ssl=1 768w, https:\/\/i0.wp.com\/dmtcomponentes.com.br\/wp-content\/uploads\/2023\/03\/pistao.png?resize=1536%2C320&amp;ssl=1 1536w, https:\/\/i0.wp.com\/dmtcomponentes.com.br\/wp-content\/uploads\/2023\/03\/pistao.png?resize=2048%2C427&amp;ssl=1 2048w, https:\/\/i0.wp.com\/dmtcomponentes.com.br\/wp-content\/uploads\/2023\/03\/pistao.png?resize=1200%2C250&amp;ssl=1 1200w, https:\/\/i0.wp.com\/dmtcomponentes.com.br\/wp-content\/uploads\/2023\/03\/pistao.png?w=3000&amp;ssl=1 3000w\" sizes=\"auto, (max-width: 1000px) 100vw, 1000px\" \/><\/figure>\n<\/div><\/div>\n\n\n\n<div style=\"height:100px\" aria-hidden=\"true\" class=\"wp-block-spacer\"><\/div>\n\n\n\n<div class=\"wp-block-uagb-container uagb-block-59572f89 alignfull uagb-is-root-container\"><div class=\"uagb-container-inner-blocks-wrap\">\n<div class=\"wp-block-uagb-container uagb-block-8ef674a7\">\n<figure class=\"wp-block-image size-large\"><a href=\"https:\/\/dmtcomponentes.com.br\/?page_id=935\"><img data-recalc-dims=\"1\" loading=\"lazy\" decoding=\"async\" width=\"1024\" height=\"518\" data-attachment-id=\"909\" data-permalink=\"https:\/\/dmtcomponentes.com.br\/?attachment_id=909\" data-orig-file=\"https:\/\/i0.wp.com\/dmtcomponentes.com.br\/wp-content\/uploads\/2023\/02\/PISTAO-MINI.png?fit=2784%2C1408&amp;ssl=1\" data-orig-size=\"2784,1408\" data-comments-opened=\"1\" data-image-meta=\"{&quot;aperture&quot;:&quot;0&quot;,&quot;credit&quot;:&quot;&quot;,&quot;camera&quot;:&quot;&quot;,&quot;caption&quot;:&quot;&quot;,&quot;created_timestamp&quot;:&quot;0&quot;,&quot;copyright&quot;:&quot;&quot;,&quot;focal_length&quot;:&quot;0&quot;,&quot;iso&quot;:&quot;0&quot;,&quot;shutter_speed&quot;:&quot;0&quot;,&quot;title&quot;:&quot;&quot;,&quot;orientation&quot;:&quot;0&quot;}\" data-image-title=\"PISTAO MINI\" data-image-description=\"\" data-image-caption=\"\" data-large-file=\"https:\/\/i0.wp.com\/dmtcomponentes.com.br\/wp-content\/uploads\/2023\/02\/PISTAO-MINI.png?fit=1024%2C518&amp;ssl=1\" src=\"https:\/\/i0.wp.com\/dmtcomponentes.com.br\/wp-content\/uploads\/2023\/02\/PISTAO-MINI.png?resize=1024%2C518&#038;ssl=1\" alt=\"\" class=\"wp-image-909\" srcset=\"https:\/\/i0.wp.com\/dmtcomponentes.com.br\/wp-content\/uploads\/2023\/02\/PISTAO-MINI.png?resize=1024%2C518&amp;ssl=1 1024w, https:\/\/i0.wp.com\/dmtcomponentes.com.br\/wp-content\/uploads\/2023\/02\/PISTAO-MINI.png?resize=300%2C152&amp;ssl=1 300w, https:\/\/i0.wp.com\/dmtcomponentes.com.br\/wp-content\/uploads\/2023\/02\/PISTAO-MINI.png?resize=768%2C388&amp;ssl=1 768w, https:\/\/i0.wp.com\/dmtcomponentes.com.br\/wp-content\/uploads\/2023\/02\/PISTAO-MINI.png?resize=1536%2C777&amp;ssl=1 1536w, https:\/\/i0.wp.com\/dmtcomponentes.com.br\/wp-content\/uploads\/2023\/02\/PISTAO-MINI.png?resize=2048%2C1036&amp;ssl=1 2048w, https:\/\/i0.wp.com\/dmtcomponentes.com.br\/wp-content\/uploads\/2023\/02\/PISTAO-MINI.png?resize=1200%2C607&amp;ssl=1 1200w\" sizes=\"auto, (max-width: 1000px) 100vw, 1000px\" \/><\/a><\/figure>\n<\/div>\n\n\n\n<div class=\"wp-block-uagb-container uagb-block-b6c02b75\">\n<div class=\"wp-block-uagb-advanced-heading uagb-block-cdd90a0f\"><h2 class=\"uagb-heading-text\">Pist\u00e3o Mini<\/h2><div class=\"uagb-separator\"><\/div><\/div>\n<\/div>\n\n\n\n<div class=\"wp-block-uagb-container uagb-block-74783cbe\">\n<figure class=\"wp-block-image size-full\"><img data-recalc-dims=\"1\" loading=\"lazy\" decoding=\"async\" width=\"856\" height=\"766\" data-attachment-id=\"5829\" data-permalink=\"https:\/\/dmtcomponentes.com.br\/?attachment_id=5829\" data-orig-file=\"https:\/\/i0.wp.com\/dmtcomponentes.com.br\/wp-content\/uploads\/2023\/03\/INTERA.png?fit=856%2C766&amp;ssl=1\" data-orig-size=\"856,766\" data-comments-opened=\"1\" data-image-meta=\"{&quot;aperture&quot;:&quot;0&quot;,&quot;credit&quot;:&quot;&quot;,&quot;camera&quot;:&quot;&quot;,&quot;caption&quot;:&quot;&quot;,&quot;created_timestamp&quot;:&quot;0&quot;,&quot;copyright&quot;:&quot;&quot;,&quot;focal_length&quot;:&quot;0&quot;,&quot;iso&quot;:&quot;0&quot;,&quot;shutter_speed&quot;:&quot;0&quot;,&quot;title&quot;:&quot;&quot;,&quot;orientation&quot;:&quot;0&quot;}\" data-image-title=\"INTERA\" data-image-description=\"\" data-image-caption=\"\" data-large-file=\"https:\/\/i0.wp.com\/dmtcomponentes.com.br\/wp-content\/uploads\/2023\/03\/INTERA.png?fit=856%2C766&amp;ssl=1\" src=\"https:\/\/i0.wp.com\/dmtcomponentes.com.br\/wp-content\/uploads\/2023\/03\/INTERA.png?resize=856%2C766&#038;ssl=1\" alt=\"\" class=\"wp-image-5829\" srcset=\"https:\/\/i0.wp.com\/dmtcomponentes.com.br\/wp-content\/uploads\/2023\/03\/INTERA.png?w=856&amp;ssl=1 856w, https:\/\/i0.wp.com\/dmtcomponentes.com.br\/wp-content\/uploads\/2023\/03\/INTERA.png?resize=300%2C268&amp;ssl=1 300w, https:\/\/i0.wp.com\/dmtcomponentes.com.br\/wp-content\/uploads\/2023\/03\/INTERA.png?resize=768%2C687&amp;ssl=1 768w\" sizes=\"auto, (max-width: 856px) 100vw, 856px\" \/><\/figure>\n<\/div>\n\n\n\n<div class=\"wp-block-uagb-container uagb-block-7a5daead\">\n<figure class=\"wp-block-image size-large\"><a href=\"https:\/\/dmtcomponentes.com.br\/?page_id=913\"><img data-recalc-dims=\"1\" loading=\"lazy\" decoding=\"async\" width=\"1024\" height=\"473\" data-attachment-id=\"907\" data-permalink=\"https:\/\/dmtcomponentes.com.br\/?attachment_id=907\" data-orig-file=\"https:\/\/i0.wp.com\/dmtcomponentes.com.br\/wp-content\/uploads\/2023\/02\/PISTAO-COMUM.png?fit=2745%2C1268&amp;ssl=1\" data-orig-size=\"2745,1268\" data-comments-opened=\"1\" data-image-meta=\"{&quot;aperture&quot;:&quot;0&quot;,&quot;credit&quot;:&quot;&quot;,&quot;camera&quot;:&quot;&quot;,&quot;caption&quot;:&quot;&quot;,&quot;created_timestamp&quot;:&quot;0&quot;,&quot;copyright&quot;:&quot;&quot;,&quot;focal_length&quot;:&quot;0&quot;,&quot;iso&quot;:&quot;0&quot;,&quot;shutter_speed&quot;:&quot;0&quot;,&quot;title&quot;:&quot;&quot;,&quot;orientation&quot;:&quot;0&quot;}\" data-image-title=\"PISTAO COMUM\" data-image-description=\"\" data-image-caption=\"\" data-large-file=\"https:\/\/i0.wp.com\/dmtcomponentes.com.br\/wp-content\/uploads\/2023\/02\/PISTAO-COMUM.png?fit=1024%2C473&amp;ssl=1\" src=\"https:\/\/i0.wp.com\/dmtcomponentes.com.br\/wp-content\/uploads\/2023\/02\/PISTAO-COMUM.png?resize=1024%2C473&#038;ssl=1\" alt=\"\" class=\"wp-image-907\" srcset=\"https:\/\/i0.wp.com\/dmtcomponentes.com.br\/wp-content\/uploads\/2023\/02\/PISTAO-COMUM.png?resize=1024%2C473&amp;ssl=1 1024w, https:\/\/i0.wp.com\/dmtcomponentes.com.br\/wp-content\/uploads\/2023\/02\/PISTAO-COMUM.png?resize=300%2C139&amp;ssl=1 300w, https:\/\/i0.wp.com\/dmtcomponentes.com.br\/wp-content\/uploads\/2023\/02\/PISTAO-COMUM.png?resize=768%2C355&amp;ssl=1 768w, https:\/\/i0.wp.com\/dmtcomponentes.com.br\/wp-content\/uploads\/2023\/02\/PISTAO-COMUM.png?resize=1536%2C710&amp;ssl=1 1536w, https:\/\/i0.wp.com\/dmtcomponentes.com.br\/wp-content\/uploads\/2023\/02\/PISTAO-COMUM.png?resize=2048%2C946&amp;ssl=1 2048w, https:\/\/i0.wp.com\/dmtcomponentes.com.br\/wp-content\/uploads\/2023\/02\/PISTAO-COMUM.png?resize=1200%2C554&amp;ssl=1 1200w\" sizes=\"auto, (max-width: 1000px) 100vw, 1000px\" \/><\/a><\/figure>\n<\/div>\n\n\n\n<div class=\"wp-block-uagb-container uagb-block-772fd002\">\n<div class=\"wp-block-uagb-advanced-heading uagb-block-6e51c2ed\"><h2 class=\"uagb-heading-text\">Pist\u00e3o Comum<\/h2><div class=\"uagb-separator\"><\/div><\/div>\n<\/div>\n\n\n\n<div class=\"wp-block-uagb-container uagb-block-c8fecd05\">\n<figure class=\"wp-block-image size-large\"><a href=\"https:\/\/dmtcomponentes.com.br\/?page_id=927\"><img data-recalc-dims=\"1\" loading=\"lazy\" decoding=\"async\" width=\"1024\" height=\"675\" data-attachment-id=\"908\" data-permalink=\"https:\/\/dmtcomponentes.com.br\/?attachment_id=908\" data-orig-file=\"https:\/\/i0.wp.com\/dmtcomponentes.com.br\/wp-content\/uploads\/2023\/02\/PISTAO-INVERSO.png?fit=3018%2C1990&amp;ssl=1\" data-orig-size=\"3018,1990\" data-comments-opened=\"1\" data-image-meta=\"{&quot;aperture&quot;:&quot;0&quot;,&quot;credit&quot;:&quot;&quot;,&quot;camera&quot;:&quot;&quot;,&quot;caption&quot;:&quot;&quot;,&quot;created_timestamp&quot;:&quot;0&quot;,&quot;copyright&quot;:&quot;&quot;,&quot;focal_length&quot;:&quot;0&quot;,&quot;iso&quot;:&quot;0&quot;,&quot;shutter_speed&quot;:&quot;0&quot;,&quot;title&quot;:&quot;&quot;,&quot;orientation&quot;:&quot;0&quot;}\" data-image-title=\"PISTAO INVERSO\" data-image-description=\"\" data-image-caption=\"\" data-large-file=\"https:\/\/i0.wp.com\/dmtcomponentes.com.br\/wp-content\/uploads\/2023\/02\/PISTAO-INVERSO.png?fit=1024%2C675&amp;ssl=1\" src=\"https:\/\/i0.wp.com\/dmtcomponentes.com.br\/wp-content\/uploads\/2023\/02\/PISTAO-INVERSO.png?resize=1024%2C675&#038;ssl=1\" alt=\"\" class=\"wp-image-908\" srcset=\"https:\/\/i0.wp.com\/dmtcomponentes.com.br\/wp-content\/uploads\/2023\/02\/PISTAO-INVERSO.png?resize=1024%2C675&amp;ssl=1 1024w, https:\/\/i0.wp.com\/dmtcomponentes.com.br\/wp-content\/uploads\/2023\/02\/PISTAO-INVERSO.png?resize=300%2C198&amp;ssl=1 300w, https:\/\/i0.wp.com\/dmtcomponentes.com.br\/wp-content\/uploads\/2023\/02\/PISTAO-INVERSO.png?resize=768%2C506&amp;ssl=1 768w, https:\/\/i0.wp.com\/dmtcomponentes.com.br\/wp-content\/uploads\/2023\/02\/PISTAO-INVERSO.png?resize=1536%2C1013&amp;ssl=1 1536w, https:\/\/i0.wp.com\/dmtcomponentes.com.br\/wp-content\/uploads\/2023\/02\/PISTAO-INVERSO.png?resize=2048%2C1350&amp;ssl=1 2048w, https:\/\/i0.wp.com\/dmtcomponentes.com.br\/wp-content\/uploads\/2023\/02\/PISTAO-INVERSO.png?resize=1200%2C791&amp;ssl=1 1200w, https:\/\/i0.wp.com\/dmtcomponentes.com.br\/wp-content\/uploads\/2023\/02\/PISTAO-INVERSO.png?w=3000&amp;ssl=1 3000w\" sizes=\"auto, (max-width: 1000px) 100vw, 1000px\" \/><\/a><\/figure>\n<\/div>\n\n\n\n<div class=\"wp-block-uagb-container uagb-block-8ae5b93c\">\n<div class=\"wp-block-uagb-advanced-heading uagb-block-310b3082\"><h2 class=\"uagb-heading-text\">Pist\u00e3o For\u00e7a Inversa<\/h2><div class=\"uagb-separator\"><\/div><\/div>\n<\/div>\n<\/div><\/div>\n\n\n\n<div style=\"height:300px\" aria-hidden=\"true\" class=\"wp-block-spacer\"><\/div>\n","protected":false},"excerpt":{"rendered":"<p>Pist\u00e3o Mini Pist\u00e3o Comum Pist\u00e3o For\u00e7a Inversa<\/p>\n","protected":false},"author":231363518,"featured_media":0,"parent":0,"menu_order":0,"comment_status":"closed","ping_status":"closed","template":"","meta":{"_crdt_document":"","_uag_custom_page_level_css":"","site-sidebar-layout":"default","site-content-layout":"","ast-site-content-layout":"","site-content-style":"default","site-sidebar-style":"default","ast-global-header-display":"","ast-banner-title-visibility":"","ast-main-header-display":"","ast-hfb-above-header-display":"","ast-hfb-below-header-display":"","ast-hfb-mobile-header-display":"","site-post-title":"disabled","ast-breadcrumbs-content":"","ast-featured-img":"","footer-sml-layout":"","theme-transparent-header-meta":"","adv-header-id-meta":"","stick-header-meta":"","header-above-stick-meta":"","header-main-stick-meta":"","header-below-stick-meta":"","astra-migrate-meta-layouts":"default","ast-page-background-enabled":"default","ast-page-background-meta":{"desktop":{"background-color":"var(--ast-global-color-4)","background-image":"","background-repeat":"repeat","background-position":"center center","background-size":"auto","background-attachment":"scroll","background-type":"","background-media":"","overlay-type":"","overlay-color":"","overlay-opacity":"","overlay-gradient":""},"tablet":{"background-color":"","background-image":"","background-repeat":"repeat","background-position":"center center","background-size":"auto","background-attachment":"scroll","background-type":"","background-media":"","overlay-type":"","overlay-color":"","overlay-opacity":"","overlay-gradient":""},"mobile":{"background-color":"","background-image":"","background-repeat":"repeat","background-position":"center center","background-size":"auto","background-attachment":"scroll","background-type":"","background-media":"","overlay-type":"","overlay-color":"","overlay-opacity":"","overlay-gradient":""}},"ast-content-background-meta":{"desktop":{"background-color":"var(--ast-global-color-5)","background-image":"","background-repeat":"repeat","background-position":"center center","background-size":"auto","background-attachment":"scroll","background-type":"","background-media":"","overlay-type":"","overlay-color":"","overlay-opacity":"","overlay-gradient":""},"tablet":{"background-color":"var(--ast-global-color-5)","background-image":"","background-repeat":"repeat","background-position":"center center","background-size":"auto","background-attachment":"scroll","background-type":"","background-media":"","overlay-type":"","overlay-color":"","overlay-opacity":"","overlay-gradient":""},"mobile":{"background-color":"var(--ast-global-color-5)","background-image":"","background-repeat":"repeat","background-position":"center center","background-size":"auto","background-attachment":"scroll","background-type":"","background-media":"","overlay-type":"","overlay-color":"","overlay-opacity":"","overlay-gradient":""}},"advanced_seo_description":"","jetpack_seo_html_title":"","jetpack_seo_noindex":false,"_joinchat":[],"footnotes":""},"class_list":["post-905","page","type-page","status-publish","hentry"],"uagb_featured_image_src":{"full":false,"thumbnail":false,"medium":false,"medium_large":false,"large":false,"1536x1536":false,"2048x2048":false,"newspack-article-block-landscape-large":false,"newspack-article-block-portrait-large":false,"newspack-article-block-square-large":false,"newspack-article-block-landscape-medium":false,"newspack-article-block-portrait-medium":false,"newspack-article-block-square-medium":false,"newspack-article-block-landscape-intermediate":false,"newspack-article-block-portrait-intermediate":false,"newspack-article-block-square-intermediate":false,"newspack-article-block-landscape-small":false,"newspack-article-block-portrait-small":false,"newspack-article-block-square-small":false,"newspack-article-block-landscape-tiny":false,"newspack-article-block-portrait-tiny":false,"newspack-article-block-square-tiny":false,"newspack-article-block-uncropped":false},"uagb_author_info":{"display_name":"dmtcomponentes","author_link":"https:\/\/dmtcomponentes.com.br\/?author=231363518"},"uagb_comment_info":0,"uagb_excerpt":"Pist\u00e3o Mini Pist\u00e3o Comum Pist\u00e3o For\u00e7a Inversa","jetpack_likes_enabled":true,"jetpack_sharing_enabled":true,"jetpack_shortlink":"https:\/\/wp.me\/Pezesh-eB","jetpack-related-posts":[{"id":935,"url":"https:\/\/dmtcomponentes.com.br\/?page_id=935","url_meta":{"origin":905,"position":0},"title":"Pist\u00e3o Mini","author":"dmtcomponentes","date":"11 de fevereiro de 2023","format":false,"excerpt":"DESCRI\u00c7\u00c3O\u25cf Acabamento cinza e branco\u25cf Indicado para porta basculante\u25cf Suavidade no movimento VOLTAR","rel":"","context":"Post similar","block_context":{"text":"Post similar","link":""},"img":{"alt_text":"","src":"https:\/\/i0.wp.com\/dmtcomponentes.com.br\/wp-content\/uploads\/2023\/02\/PISTAO-MINI.png?resize=350%2C200&ssl=1","width":350,"height":200,"srcset":"https:\/\/i0.wp.com\/dmtcomponentes.com.br\/wp-content\/uploads\/2023\/02\/PISTAO-MINI.png?resize=350%2C200&ssl=1 1x, https:\/\/i0.wp.com\/dmtcomponentes.com.br\/wp-content\/uploads\/2023\/02\/PISTAO-MINI.png?resize=525%2C300&ssl=1 1.5x, https:\/\/i0.wp.com\/dmtcomponentes.com.br\/wp-content\/uploads\/2023\/02\/PISTAO-MINI.png?resize=700%2C400&ssl=1 2x, https:\/\/i0.wp.com\/dmtcomponentes.com.br\/wp-content\/uploads\/2023\/02\/PISTAO-MINI.png?resize=1050%2C600&ssl=1 3x, https:\/\/i0.wp.com\/dmtcomponentes.com.br\/wp-content\/uploads\/2023\/02\/PISTAO-MINI.png?resize=1400%2C800&ssl=1 4x"},"classes":[]},{"id":927,"url":"https:\/\/dmtcomponentes.com.br\/?page_id=927","url_meta":{"origin":905,"position":1},"title":"Pist\u00e3o for\u00e7a inversa page","author":"dmtcomponentes","date":"11 de fevereiro de 2023","format":false,"excerpt":"DESCRI\u00c7\u00c3O\u25cf Acabamento cinza\u25cf Indicado para porta basculante\u25cf Suavidade no movimento VOLTAR","rel":"","context":"Post similar","block_context":{"text":"Post similar","link":""},"img":{"alt_text":"","src":"https:\/\/i0.wp.com\/dmtcomponentes.com.br\/wp-content\/uploads\/2023\/02\/PISTAO-INVERSO.png?resize=350%2C200&ssl=1","width":350,"height":200,"srcset":"https:\/\/i0.wp.com\/dmtcomponentes.com.br\/wp-content\/uploads\/2023\/02\/PISTAO-INVERSO.png?resize=350%2C200&ssl=1 1x, https:\/\/i0.wp.com\/dmtcomponentes.com.br\/wp-content\/uploads\/2023\/02\/PISTAO-INVERSO.png?resize=525%2C300&ssl=1 1.5x, https:\/\/i0.wp.com\/dmtcomponentes.com.br\/wp-content\/uploads\/2023\/02\/PISTAO-INVERSO.png?resize=700%2C400&ssl=1 2x, https:\/\/i0.wp.com\/dmtcomponentes.com.br\/wp-content\/uploads\/2023\/02\/PISTAO-INVERSO.png?resize=1050%2C600&ssl=1 3x, https:\/\/i0.wp.com\/dmtcomponentes.com.br\/wp-content\/uploads\/2023\/02\/PISTAO-INVERSO.png?resize=1400%2C800&ssl=1 4x"},"classes":[]},{"id":913,"url":"https:\/\/dmtcomponentes.com.br\/?page_id=913","url_meta":{"origin":905,"position":2},"title":"Pist\u00e3o for\u00e7a normal page","author":"dmtcomponentes","date":"11 de fevereiro de 2023","format":false,"excerpt":"DESCRI\u00c7\u00c3O\u25cf Acabamento cinza e branco\u25cf Indicado para porta basculante\u25cf Suavidade no movimento VOLTAR","rel":"","context":"Post similar","block_context":{"text":"Post similar","link":""},"img":{"alt_text":"","src":"https:\/\/i0.wp.com\/dmtcomponentes.com.br\/wp-content\/uploads\/2023\/02\/PISTAO-COMUM.png?resize=350%2C200&ssl=1","width":350,"height":200,"srcset":"https:\/\/i0.wp.com\/dmtcomponentes.com.br\/wp-content\/uploads\/2023\/02\/PISTAO-COMUM.png?resize=350%2C200&ssl=1 1x, https:\/\/i0.wp.com\/dmtcomponentes.com.br\/wp-content\/uploads\/2023\/02\/PISTAO-COMUM.png?resize=525%2C300&ssl=1 1.5x, https:\/\/i0.wp.com\/dmtcomponentes.com.br\/wp-content\/uploads\/2023\/02\/PISTAO-COMUM.png?resize=700%2C400&ssl=1 2x, https:\/\/i0.wp.com\/dmtcomponentes.com.br\/wp-content\/uploads\/2023\/02\/PISTAO-COMUM.png?resize=1050%2C600&ssl=1 3x, https:\/\/i0.wp.com\/dmtcomponentes.com.br\/wp-content\/uploads\/2023\/02\/PISTAO-COMUM.png?resize=1400%2C800&ssl=1 4x"},"classes":[]}],"_links":{"self":[{"href":"https:\/\/dmtcomponentes.com.br\/index.php?rest_route=\/wp\/v2\/pages\/905","targetHints":{"allow":["GET"]}}],"collection":[{"href":"https:\/\/dmtcomponentes.com.br\/index.php?rest_route=\/wp\/v2\/pages"}],"about":[{"href":"https:\/\/dmtcomponentes.com.br\/index.php?rest_route=\/wp\/v2\/types\/page"}],"author":[{"embeddable":true,"href":"https:\/\/dmtcomponentes.com.br\/index.php?rest_route=\/wp\/v2\/users\/231363518"}],"replies":[{"embeddable":true,"href":"https:\/\/dmtcomponentes.com.br\/index.php?rest_route=%2Fwp%2Fv2%2Fcomments&post=905"}],"version-history":[{"count":25,"href":"https:\/\/dmtcomponentes.com.br\/index.php?rest_route=\/wp\/v2\/pages\/905\/revisions"}],"predecessor-version":[{"id":6478,"href":"https:\/\/dmtcomponentes.com.br\/index.php?rest_route=\/wp\/v2\/pages\/905\/revisions\/6478"}],"wp:attachment":[{"href":"https:\/\/dmtcomponentes.com.br\/index.php?rest_route=%2Fwp%2Fv2%2Fmedia&parent=905"}],"curies":[{"name":"wp","href":"https:\/\/api.w.org\/{rel}","templated":true}]}}