{"id":5959,"date":"2023-03-22T16:12:23","date_gmt":"2023-03-22T19:12:23","guid":{"rendered":"https:\/\/dmtcomponentes.com.br\/?page_id=5959"},"modified":"2023-03-25T11:01:53","modified_gmt":"2023-03-25T14:01:53","slug":"bordos-e-tapa-furos-adesivos","status":"publish","type":"page","link":"https:\/\/dmtcomponentes.com.br\/?page_id=5959","title":{"rendered":"BORDOS E TAPA FUROS ADESIVOS"},"content":{"rendered":"\n<div class=\"wp-block-uagb-container uagb-block-9a4e24b8 alignfull uagb-is-root-container\"><div class=\"uagb-container-inner-blocks-wrap\">\n<figure class=\"wp-block-image size-large\"><img data-recalc-dims=\"1\" decoding=\"async\" src=\"https:\/\/i0.wp.com\/dmtcomponentes.com.br\/wp-content\/uploads\/2023\/03\/bordos.png?ssl=1\" alt=\"\"\/><\/figure>\n<\/div><\/div>\n\n\n\n<div style=\"height:100px\" aria-hidden=\"true\" class=\"wp-block-spacer\"><\/div>\n\n\n\n<div class=\"wp-block-uagb-container uagb-block-c56b7b9e alignfull uagb-is-root-container\"><div class=\"uagb-container-inner-blocks-wrap\">\n<div class=\"wp-block-uagb-container uagb-block-e4b699e4\">\n<figure class=\"wp-block-image aligncenter size-full\"><img data-recalc-dims=\"1\" loading=\"lazy\" decoding=\"async\" width=\"324\" height=\"205\" data-attachment-id=\"5987\" data-permalink=\"https:\/\/dmtcomponentes.com.br\/?attachment_id=5987\" data-orig-file=\"https:\/\/i0.wp.com\/dmtcomponentes.com.br\/wp-content\/uploads\/2023\/03\/FITA-DE-BORDO.png?fit=324%2C205&amp;ssl=1\" data-orig-size=\"324,205\" data-comments-opened=\"1\" data-image-meta=\"{&quot;aperture&quot;:&quot;0&quot;,&quot;credit&quot;:&quot;&quot;,&quot;camera&quot;:&quot;&quot;,&quot;caption&quot;:&quot;&quot;,&quot;created_timestamp&quot;:&quot;0&quot;,&quot;copyright&quot;:&quot;&quot;,&quot;focal_length&quot;:&quot;0&quot;,&quot;iso&quot;:&quot;0&quot;,&quot;shutter_speed&quot;:&quot;0&quot;,&quot;title&quot;:&quot;&quot;,&quot;orientation&quot;:&quot;0&quot;}\" data-image-title=\"FITA-DE-BORDO\" data-image-description=\"\" data-image-caption=\"\" data-large-file=\"https:\/\/i0.wp.com\/dmtcomponentes.com.br\/wp-content\/uploads\/2023\/03\/FITA-DE-BORDO.png?fit=324%2C205&amp;ssl=1\" src=\"https:\/\/i0.wp.com\/dmtcomponentes.com.br\/wp-content\/uploads\/2023\/03\/FITA-DE-BORDO.png?resize=324%2C205&#038;ssl=1\" alt=\"\" class=\"wp-image-5987\" srcset=\"https:\/\/i0.wp.com\/dmtcomponentes.com.br\/wp-content\/uploads\/2023\/03\/FITA-DE-BORDO.png?w=324&amp;ssl=1 324w, https:\/\/i0.wp.com\/dmtcomponentes.com.br\/wp-content\/uploads\/2023\/03\/FITA-DE-BORDO.png?resize=300%2C190&amp;ssl=1 300w\" sizes=\"auto, (max-width: 324px) 100vw, 324px\" \/><\/figure>\n<\/div>\n\n\n\n<div class=\"wp-block-uagb-container uagb-block-386138b7\">\n<div class=\"wp-block-uagb-advanced-heading uagb-block-5a3896ef\"><h2 class=\"uagb-heading-text\">Fita de Bordo <br>Branco e Preto<\/h2><div class=\"uagb-separator\"><\/div><\/div>\n\n\n\n<figure class=\"wp-block-table is-style-stripes\"><table><thead><tr><th class=\"has-text-align-left\" data-align=\"left\">DESCRI\u00c7\u00c3O<\/th><th class=\"has-text-align-center\" data-align=\"center\">QUANTIDADE<\/th><\/tr><\/thead><tbody><tr><td class=\"has-text-align-left\" data-align=\"left\">19mmX50mm<\/td><td class=\"has-text-align-center\" data-align=\"center\">1un<\/td><\/tr><tr><td class=\"has-text-align-left\" data-align=\"left\">19mmX300mm<\/td><td class=\"has-text-align-center\" data-align=\"center\">1un<\/td><\/tr><tr><td class=\"has-text-align-left\" data-align=\"left\">22mmX50mm<\/td><td class=\"has-text-align-center\" data-align=\"center\">1un<\/td><\/tr><tr><td class=\"has-text-align-left\" data-align=\"left\">22mmX30mm<\/td><td class=\"has-text-align-center\" data-align=\"center\">1un<\/td><\/tr><\/tbody><\/table><\/figure>\n<\/div>\n\n\n\n<div class=\"wp-block-uagb-container uagb-block-b122f2d0\">\n<figure class=\"wp-block-table is-style-stripes\"><table><thead><tr><th class=\"has-text-align-left\" data-align=\"left\">DESCRI\u00c7\u00c3O<\/th><th class=\"has-text-align-center\" data-align=\"center\">QUANTIDADE<\/th><\/tr><\/thead><tbody><tr><td class=\"has-text-align-left\" data-align=\"left\">35mmX50mm<\/td><td class=\"has-text-align-center\" data-align=\"center\">1un<\/td><\/tr><tr><td class=\"has-text-align-left\" data-align=\"left\">35mmX300mm<\/td><td class=\"has-text-align-center\" data-align=\"center\">1un<\/td><\/tr><tr><td class=\"has-text-align-left\" data-align=\"left\">64mmX50mm<\/td><td class=\"has-text-align-center\" data-align=\"center\">1un<\/td><\/tr><\/tbody><\/table><\/figure>\n<\/div>\n\n\n\n<div class=\"wp-block-uagb-container uagb-block-bb00b631\">\n<figure class=\"wp-block-image aligncenter size-full\"><img data-recalc-dims=\"1\" loading=\"lazy\" decoding=\"async\" width=\"221\" height=\"323\" data-attachment-id=\"5988\" data-permalink=\"https:\/\/dmtcomponentes.com.br\/?attachment_id=5988\" data-orig-file=\"https:\/\/i0.wp.com\/dmtcomponentes.com.br\/wp-content\/uploads\/2023\/03\/TAPAFUROS.png?fit=221%2C323&amp;ssl=1\" data-orig-size=\"221,323\" data-comments-opened=\"1\" data-image-meta=\"{&quot;aperture&quot;:&quot;0&quot;,&quot;credit&quot;:&quot;&quot;,&quot;camera&quot;:&quot;&quot;,&quot;caption&quot;:&quot;&quot;,&quot;created_timestamp&quot;:&quot;0&quot;,&quot;copyright&quot;:&quot;&quot;,&quot;focal_length&quot;:&quot;0&quot;,&quot;iso&quot;:&quot;0&quot;,&quot;shutter_speed&quot;:&quot;0&quot;,&quot;title&quot;:&quot;&quot;,&quot;orientation&quot;:&quot;0&quot;}\" data-image-title=\"TAPAFUROS\" data-image-description=\"\" data-image-caption=\"\" data-large-file=\"https:\/\/i0.wp.com\/dmtcomponentes.com.br\/wp-content\/uploads\/2023\/03\/TAPAFUROS.png?fit=221%2C323&amp;ssl=1\" src=\"https:\/\/i0.wp.com\/dmtcomponentes.com.br\/wp-content\/uploads\/2023\/03\/TAPAFUROS.png?resize=221%2C323&#038;ssl=1\" alt=\"\" class=\"wp-image-5988\" srcset=\"https:\/\/i0.wp.com\/dmtcomponentes.com.br\/wp-content\/uploads\/2023\/03\/TAPAFUROS.png?w=221&amp;ssl=1 221w, https:\/\/i0.wp.com\/dmtcomponentes.com.br\/wp-content\/uploads\/2023\/03\/TAPAFUROS.png?resize=205%2C300&amp;ssl=1 205w\" sizes=\"auto, (max-width: 221px) 100vw, 221px\" \/><\/figure>\n<\/div>\n\n\n\n<div class=\"wp-block-uagb-container uagb-block-2f6beeb9\">\n<div class=\"wp-block-uagb-advanced-heading uagb-block-b50cbf27\"><h2 class=\"uagb-heading-text\">Tapa Furo Adesivo<\/h2><\/div>\n\n\n\n<figure class=\"wp-block-table is-style-stripes\"><table><thead><tr><th class=\"has-text-align-left\" data-align=\"left\">DESCRI\u00c7\u00c3O<\/th><th class=\"has-text-align-center\" data-align=\"center\">QUANTIDADE<\/th><\/tr><\/thead><tbody><tr><td class=\"has-text-align-left\" data-align=\"left\">12mm BRANCO LISO<\/td><td class=\"has-text-align-center\" data-align=\"center\">1000un<\/td><\/tr><tr><td class=\"has-text-align-left\" data-align=\"left\">12mm BRANCO TX<\/td><td class=\"has-text-align-center\" data-align=\"center\">1000un<\/td><\/tr><tr><td class=\"has-text-align-left\" data-align=\"left\">12mm BRANCO TX C\/ NEGATIVO<\/td><td class=\"has-text-align-center\" data-align=\"center\">10 Cartelas<\/td><\/tr><tr><td class=\"has-text-align-left\" data-align=\"left\">12mm BRANCO LISO C\/ NEGATIVO<\/td><td class=\"has-text-align-center\" data-align=\"center\">10 Cartelas<\/td><\/tr><tr><td class=\"has-text-align-left\" data-align=\"left\">12mm PLATIN LISO<\/td><td class=\"has-text-align-center\" data-align=\"center\">1000un<\/td><\/tr><tr><td class=\"has-text-align-left\" data-align=\"left\">12mm PLATIN TX<\/td><td class=\"has-text-align-center\" data-align=\"center\">1000un<\/td><\/tr><\/tbody><\/table><\/figure>\n<\/div>\n\n\n\n<div class=\"wp-block-uagb-container uagb-block-02afcdb8\">\n<figure class=\"wp-block-table is-style-stripes\"><table><thead><tr><th class=\"has-text-align-left\" data-align=\"left\">DESCRI\u00c7\u00c3O<\/th><th class=\"has-text-align-center\" data-align=\"center\">QUANTIDADE<\/th><\/tr><\/thead><tbody><tr><td class=\"has-text-align-left\" data-align=\"left\">12mm PRETO LISO<\/td><td class=\"has-text-align-center\" data-align=\"center\">1000un<\/td><\/tr><tr><td class=\"has-text-align-left\" data-align=\"left\">12mm PRETO TX&nbsp;<\/td><td class=\"has-text-align-center\" data-align=\"center\">1000un<\/td><\/tr><tr><td class=\"has-text-align-left\" data-align=\"left\">12mm PRETO TX C\/ NEGATIVO<\/td><td class=\"has-text-align-center\" data-align=\"center\">10 Cartelas<\/td><\/tr><tr><td class=\"has-text-align-left\" data-align=\"left\">19mm BRANCO LISO<\/td><td class=\"has-text-align-center\" data-align=\"center\">1000un<\/td><\/tr><tr><td class=\"has-text-align-left\" data-align=\"left\">19mm BRANCO TX<\/td><td class=\"has-text-align-center\" data-align=\"center\">1000un<\/td><\/tr><tr><td class=\"has-text-align-left\" data-align=\"left\">19mm BRANCO TX C\/ NEGATIVO<\/td><td class=\"has-text-align-center\" data-align=\"center\">10 Cartelas<\/td><\/tr><tr><td class=\"has-text-align-left\" data-align=\"left\">19mm PRETO TX C\/ NEGATIVO<\/td><td class=\"has-text-align-center\" data-align=\"center\">10 Cartelas<\/td><\/tr><\/tbody><\/table><\/figure>\n<\/div>\n<\/div><\/div>\n\n\n\n<div style=\"height:300px\" aria-hidden=\"true\" class=\"wp-block-spacer\"><\/div>\n","protected":false},"excerpt":{"rendered":"<p>Fita de Bordo Branco e Preto DESCRI\u00c7\u00c3O QUANTIDADE 19mmX50mm 1un 19mmX300mm 1un 22mmX50mm 1un 22mmX30mm 1un DESCRI\u00c7\u00c3O QUANTIDADE 35mmX50mm 1un 35mmX300mm 1un 64mmX50mm 1un Tapa Furo Adesivo DESCRI\u00c7\u00c3O QUANTIDADE 12mm BRANCO LISO 1000un 12mm BRANCO TX 1000un 12mm BRANCO TX C\/ NEGATIVO 10 Cartelas 12mm BRANCO LISO C\/ NEGATIVO 10 Cartelas 12mm PLATIN LISO 1000un [&hellip;]<\/p>\n","protected":false},"author":231363518,"featured_media":0,"parent":0,"menu_order":0,"comment_status":"closed","ping_status":"closed","template":"","meta":{"_crdt_document":"","_uag_custom_page_level_css":"","site-sidebar-layout":"default","site-content-layout":"","ast-site-content-layout":"","site-content-style":"default","site-sidebar-style":"default","ast-global-header-display":"","ast-banner-title-visibility":"","ast-main-header-display":"","ast-hfb-above-header-display":"","ast-hfb-below-header-display":"","ast-hfb-mobile-header-display":"","site-post-title":"disabled","ast-breadcrumbs-content":"","ast-featured-img":"","footer-sml-layout":"","theme-transparent-header-meta":"","adv-header-id-meta":"","stick-header-meta":"","header-above-stick-meta":"","header-main-stick-meta":"","header-below-stick-meta":"","astra-migrate-meta-layouts":"default","ast-page-background-enabled":"default","ast-page-background-meta":{"desktop":{"background-color":"var(--ast-global-color-4)","background-image":"","background-repeat":"repeat","background-position":"center center","background-size":"auto","background-attachment":"scroll","background-type":"","background-media":"","overlay-type":"","overlay-color":"","overlay-opacity":"","overlay-gradient":""},"tablet":{"background-color":"","background-image":"","background-repeat":"repeat","background-position":"center center","background-size":"auto","background-attachment":"scroll","background-type":"","background-media":"","overlay-type":"","overlay-color":"","overlay-opacity":"","overlay-gradient":""},"mobile":{"background-color":"","background-image":"","background-repeat":"repeat","background-position":"center center","background-size":"auto","background-attachment":"scroll","background-type":"","background-media":"","overlay-type":"","overlay-color":"","overlay-opacity":"","overlay-gradient":""}},"ast-content-background-meta":{"desktop":{"background-color":"var(--ast-global-color-5)","background-image":"","background-repeat":"repeat","background-position":"center center","background-size":"auto","background-attachment":"scroll","background-type":"","background-media":"","overlay-type":"","overlay-color":"","overlay-opacity":"","overlay-gradient":""},"tablet":{"background-color":"var(--ast-global-color-5)","background-image":"","background-repeat":"repeat","background-position":"center center","background-size":"auto","background-attachment":"scroll","background-type":"","background-media":"","overlay-type":"","overlay-color":"","overlay-opacity":"","overlay-gradient":""},"mobile":{"background-color":"var(--ast-global-color-5)","background-image":"","background-repeat":"repeat","background-position":"center center","background-size":"auto","background-attachment":"scroll","background-type":"","background-media":"","overlay-type":"","overlay-color":"","overlay-opacity":"","overlay-gradient":""}},"advanced_seo_description":"","jetpack_seo_html_title":"","jetpack_seo_noindex":false,"_joinchat":[],"footnotes":""},"class_list":["post-5959","page","type-page","status-publish","hentry"],"uagb_featured_image_src":{"full":false,"thumbnail":false,"medium":false,"medium_large":false,"large":false,"1536x1536":false,"2048x2048":false,"newspack-article-block-landscape-large":false,"newspack-article-block-portrait-large":false,"newspack-article-block-square-large":false,"newspack-article-block-landscape-medium":false,"newspack-article-block-portrait-medium":false,"newspack-article-block-square-medium":false,"newspack-article-block-landscape-intermediate":false,"newspack-article-block-portrait-intermediate":false,"newspack-article-block-square-intermediate":false,"newspack-article-block-landscape-small":false,"newspack-article-block-portrait-small":false,"newspack-article-block-square-small":false,"newspack-article-block-landscape-tiny":false,"newspack-article-block-portrait-tiny":false,"newspack-article-block-square-tiny":false,"newspack-article-block-uncropped":false},"uagb_author_info":{"display_name":"dmtcomponentes","author_link":"https:\/\/dmtcomponentes.com.br\/?author=231363518"},"uagb_comment_info":0,"uagb_excerpt":"Fita de Bordo Branco e Preto DESCRI\u00c7\u00c3O QUANTIDADE 19mmX50mm 1un 19mmX300mm 1un 22mmX50mm 1un 22mmX30mm 1un DESCRI\u00c7\u00c3O QUANTIDADE 35mmX50mm 1un 35mmX300mm 1un 64mmX50mm 1un Tapa Furo Adesivo DESCRI\u00c7\u00c3O QUANTIDADE 12mm BRANCO LISO 1000un 12mm BRANCO TX 1000un 12mm BRANCO TX C\/ NEGATIVO 10 Cartelas 12mm BRANCO LISO C\/ NEGATIVO 10 Cartelas 12mm PLATIN LISO 1000un&hellip;","jetpack_likes_enabled":true,"jetpack_sharing_enabled":true,"jetpack_shortlink":"https:\/\/wp.me\/Pezesh-1y7","jetpack-related-posts":[{"id":1737,"url":"https:\/\/dmtcomponentes.com.br\/?page_id=1737","url_meta":{"origin":5959,"position":0},"title":"FITAS ADESIVAS","author":"dmtcomponentes","date":"8 de mar\u00e7o de 2023","format":false,"excerpt":"Fita Crepe DESCRI\u00c7\u00c3OQUANTIDADE18x456un24x455un50x452un Fita Embalagem 45x50 DESCRI\u00c7\u00c3OQUANTIDADEMarrom5unTransparente5un Fita Isolante DESCRI\u00c7\u00c3OQUANTIDADE19X0510un19X1010un 19X2010un","rel":"","context":"Post similar","block_context":{"text":"Post similar","link":""},"img":{"alt_text":"","src":"https:\/\/i0.wp.com\/dmtcomponentes.com.br\/wp-content\/uploads\/2023\/03\/crepe.png?resize=350%2C200&ssl=1","width":350,"height":200},"classes":[]},{"id":1758,"url":"https:\/\/dmtcomponentes.com.br\/?page_id=1758","url_meta":{"origin":5959,"position":1},"title":"PL\u00c1STICOS","author":"dmtcomponentes","date":"8 de mar\u00e7o de 2023","format":false,"excerpt":"Bucha 6x3 DESCRI\u00c7\u00c3OQUANTIDADEBranca1000unCinza1000unMarrom1000unMarfim1000unPreta1000un Suporte 6x3 DESCRI\u00c7\u00c3OQUANTIDADEBranca1000unCinza1000unMarrom1000unMarfim1000unPreta1000un Bot\u00e3o Tapa Furo DESCRI\u00c7\u00c3OQUANTIDADE6mm Branco1000un6mm Cinza1000un6mm Marfim1000un6mm Marrom1000un6mm Mel1000un6mm Preto1000un8mm Branco1000un8mm Cinza1000un8mm Marfim1000un8mm Marrom1000un8mm Mel1000un DESCRI\u00c7\u00c3OQUANTIDADE10mm Branco1000un10mm Cinza1000un10mm Marfim1000un10mm Marrom1000un10mm Mel1000un10mm Preto1000un12mm Branco1000un12mm Cinza1000un12mm Marfim1000un12mm Marrom1000un12mm Mel1000un12mm Preto1000un Conector DESCRI\u00c7\u00c3OQUANTIDADEPequeno Branco100unPequeno Cinza Claro100unPequeno Marfim100unPequeno Marrom100unPequeno Mel100unPequeno Mogno100unPequeno Preto100unPequeno Tabaco100un DESCRI\u00c7\u00c3OQUANTIDADEGrande Branco100unGrande Cinza Claro100unGrande Marfim100unGrande\u2026","rel":"","context":"Post similar","block_context":{"text":"Post similar","link":""},"img":{"alt_text":"","src":"https:\/\/i0.wp.com\/dmtcomponentes.com.br\/wp-content\/uploads\/2023\/03\/BUCHA-6X8.jpg?resize=350%2C200&ssl=1","width":350,"height":200},"classes":[]},{"id":1217,"url":"https:\/\/dmtcomponentes.com.br\/?page_id=1217","url_meta":{"origin":5959,"position":2},"title":"BUCHA PLASTICA","author":"dmtcomponentes","date":"27 de fevereiro de 2023","format":false,"excerpt":"Bucha Auto Perfurante DESCRI\u00c7\u00c3OQUANTIDADEN\u00b0 8100un Bucha Nylon S\/ Borda DESCRI\u00c7\u00c3OQUANTIDADEN\u00b0 6500unN\u00b0 8500unN\u00b0 10200un Bucha Nylon TijoloOco FU DESCRI\u00c7\u00c3OQUANTIDADEN\u00b0 6200unN\u00b0 8100unN\u00b0 1050un Bucha Pl\u00e1stica S\/ Borda DESCRI\u00c7\u00c3OQUANTIDADEN\u00b0 61000unN\u00b0 81000unN\u00b0 10500un Bucha Pl\u00e1stica para Tijolo Oco DESCRI\u00c7\u00c3OQUANTIDADEN\u00b0 6200unN\u00b0 6500unN\u00b08100unN\u00b08500unN\u00b01050unN\u00b010250un","rel":"","context":"Post similar","block_context":{"text":"Post similar","link":""},"img":{"alt_text":"","src":"https:\/\/i0.wp.com\/dmtcomponentes.com.br\/wp-content\/uploads\/2023\/03\/bucha-plastica.png?resize=350%2C200&ssl=1","width":350,"height":200,"srcset":"https:\/\/i0.wp.com\/dmtcomponentes.com.br\/wp-content\/uploads\/2023\/03\/bucha-plastica.png?resize=350%2C200&ssl=1 1x, https:\/\/i0.wp.com\/dmtcomponentes.com.br\/wp-content\/uploads\/2023\/03\/bucha-plastica.png?resize=525%2C300&ssl=1 1.5x, https:\/\/i0.wp.com\/dmtcomponentes.com.br\/wp-content\/uploads\/2023\/03\/bucha-plastica.png?resize=700%2C400&ssl=1 2x, https:\/\/i0.wp.com\/dmtcomponentes.com.br\/wp-content\/uploads\/2023\/03\/bucha-plastica.png?resize=1050%2C600&ssl=1 3x, https:\/\/i0.wp.com\/dmtcomponentes.com.br\/wp-content\/uploads\/2023\/03\/bucha-plastica.png?resize=1400%2C800&ssl=1 4x"},"classes":[]},{"id":1707,"url":"https:\/\/dmtcomponentes.com.br\/?page_id=1707","url_meta":{"origin":5959,"position":3},"title":"CANTONEIRAS E SUPORTES","author":"dmtcomponentes","date":"8 de mar\u00e7o de 2023","format":false,"excerpt":"Cantoneira Aliviada DESCRI\u00c7\u00c3OQUANTIDADE13X13 Branca1000un13x13 Niquelada1000un13x13 Preta1000un13x13 Zincada1000un Cantoneira Refor\u00e7ada DESCRI\u00c7\u00c3OQUANTIDADE13X13 Branca100un13x13 Niquelada100un16x16 Branca100un16x16 Niquelada100un Cantoneira C\/ pino DESCRI\u00c7\u00c3OQUANTIDADE13x13 Niquelada100un Cantoneira C\/ Ventosa DESCRI\u00c7\u00c3OQUANTIDADE13X13 Niquelada Cantoneira 13x20 DESCRI\u00c7\u00c3OQUANTIDADENiquelada100un Cantoneira 20x20 DESCRI\u00c7\u00c3OQUANTIDADEBranca100unZincada100un Cantoneira 3 Furos DESCRI\u00c7\u00c3OQUANTIDADEBranca100unPreta100unZincada100un Cantoneira Zincada DESCRI\u00c7\u00c3OQUANTIDADE40x40100uun70x70100un Suporte Prateleira de Vidro DESCRI\u00c7\u00c3OQUANTIDADE4mm100un6mm100un8mm100un10mm100un12mm100un Suporte A\u00e9reo DESCRI\u00c7\u00c3OQUANTIDADERefor\u00e7ado500un Capa para Suporte A\u00e9reo DESCRI\u00c7\u00c3OQUANTIDADEBranca\u2026","rel":"","context":"Post similar","block_context":{"text":"Post similar","link":""},"img":{"alt_text":"","src":"https:\/\/i0.wp.com\/dmtcomponentes.com.br\/wp-content\/uploads\/2023\/03\/Suporte-Aliviada-copiar.png?resize=350%2C200&ssl=1","width":350,"height":200,"srcset":"https:\/\/i0.wp.com\/dmtcomponentes.com.br\/wp-content\/uploads\/2023\/03\/Suporte-Aliviada-copiar.png?resize=350%2C200&ssl=1 1x, https:\/\/i0.wp.com\/dmtcomponentes.com.br\/wp-content\/uploads\/2023\/03\/Suporte-Aliviada-copiar.png?resize=525%2C300&ssl=1 1.5x, https:\/\/i0.wp.com\/dmtcomponentes.com.br\/wp-content\/uploads\/2023\/03\/Suporte-Aliviada-copiar.png?resize=700%2C400&ssl=1 2x"},"classes":[]}],"_links":{"self":[{"href":"https:\/\/dmtcomponentes.com.br\/index.php?rest_route=\/wp\/v2\/pages\/5959","targetHints":{"allow":["GET"]}}],"collection":[{"href":"https:\/\/dmtcomponentes.com.br\/index.php?rest_route=\/wp\/v2\/pages"}],"about":[{"href":"https:\/\/dmtcomponentes.com.br\/index.php?rest_route=\/wp\/v2\/types\/page"}],"author":[{"embeddable":true,"href":"https:\/\/dmtcomponentes.com.br\/index.php?rest_route=\/wp\/v2\/users\/231363518"}],"replies":[{"embeddable":true,"href":"https:\/\/dmtcomponentes.com.br\/index.php?rest_route=%2Fwp%2Fv2%2Fcomments&post=5959"}],"version-history":[{"count":14,"href":"https:\/\/dmtcomponentes.com.br\/index.php?rest_route=\/wp\/v2\/pages\/5959\/revisions"}],"predecessor-version":[{"id":6322,"href":"https:\/\/dmtcomponentes.com.br\/index.php?rest_route=\/wp\/v2\/pages\/5959\/revisions\/6322"}],"wp:attachment":[{"href":"https:\/\/dmtcomponentes.com.br\/index.php?rest_route=%2Fwp%2Fv2%2Fmedia&parent=5959"}],"curies":[{"name":"wp","href":"https:\/\/api.w.org\/{rel}","templated":true}]}}