{"id":309,"date":"2023-02-04T17:53:36","date_gmt":"2023-02-04T20:53:36","guid":{"rendered":"https:\/\/dmtcomponentes.com.br\/?page_id=309"},"modified":"2025-01-06T18:03:50","modified_gmt":"2025-01-06T21:03:50","slug":"home","status":"publish","type":"page","link":"https:\/\/dmtcomponentes.com.br\/","title":{"rendered":"HOME"},"content":{"rendered":"\n<div class=\"wp-block-uagb-slider uagb-block-7e6d2479 uagb-slider-container\"><div class=\"uagb-slides uagb-swiper\"><div class=\"swiper-wrapper\">\n<div class=\"wp-block-uagb-slider-child uagb-slider-child-wrap swiper-slide uagb-block-8ff7a542\"><div class=\"swiper-content\">\n<figure class=\"wp-block-image size-full\"><img data-recalc-dims=\"1\" loading=\"lazy\" decoding=\"async\" width=\"4252\" height=\"886\" data-attachment-id=\"759\" data-permalink=\"https:\/\/dmtcomponentes.com.br\/?attachment_id=759\" data-orig-file=\"https:\/\/i0.wp.com\/dmtcomponentes.com.br\/wp-content\/uploads\/2023\/02\/Fronteiras-1.png?fit=4252%2C886&amp;ssl=1\" data-orig-size=\"4252,886\" data-comments-opened=\"1\" data-image-meta=\"{&quot;aperture&quot;:&quot;0&quot;,&quot;credit&quot;:&quot;&quot;,&quot;camera&quot;:&quot;&quot;,&quot;caption&quot;:&quot;&quot;,&quot;created_timestamp&quot;:&quot;0&quot;,&quot;copyright&quot;:&quot;&quot;,&quot;focal_length&quot;:&quot;0&quot;,&quot;iso&quot;:&quot;0&quot;,&quot;shutter_speed&quot;:&quot;0&quot;,&quot;title&quot;:&quot;&quot;,&quot;orientation&quot;:&quot;0&quot;}\" data-image-title=\"Fronteiras\" data-image-description=\"\" data-image-caption=\"\" data-large-file=\"https:\/\/i0.wp.com\/dmtcomponentes.com.br\/wp-content\/uploads\/2023\/02\/Fronteiras-1.png?fit=1024%2C213&amp;ssl=1\" src=\"https:\/\/i0.wp.com\/dmtcomponentes.com.br\/wp-content\/uploads\/2023\/02\/Fronteiras-1.png?resize=4252%2C886&#038;ssl=1\" alt=\"\" class=\"wp-image-759\" srcset=\"https:\/\/i0.wp.com\/dmtcomponentes.com.br\/wp-content\/uploads\/2023\/02\/Fronteiras-1.png?w=4252&amp;ssl=1 4252w, https:\/\/i0.wp.com\/dmtcomponentes.com.br\/wp-content\/uploads\/2023\/02\/Fronteiras-1.png?resize=300%2C63&amp;ssl=1 300w, https:\/\/i0.wp.com\/dmtcomponentes.com.br\/wp-content\/uploads\/2023\/02\/Fronteiras-1.png?resize=1024%2C213&amp;ssl=1 1024w, https:\/\/i0.wp.com\/dmtcomponentes.com.br\/wp-content\/uploads\/2023\/02\/Fronteiras-1.png?resize=768%2C160&amp;ssl=1 768w, https:\/\/i0.wp.com\/dmtcomponentes.com.br\/wp-content\/uploads\/2023\/02\/Fronteiras-1.png?resize=1536%2C320&amp;ssl=1 1536w, https:\/\/i0.wp.com\/dmtcomponentes.com.br\/wp-content\/uploads\/2023\/02\/Fronteiras-1.png?resize=2048%2C427&amp;ssl=1 2048w, https:\/\/i0.wp.com\/dmtcomponentes.com.br\/wp-content\/uploads\/2023\/02\/Fronteiras-1.png?resize=1200%2C250&amp;ssl=1 1200w, https:\/\/i0.wp.com\/dmtcomponentes.com.br\/wp-content\/uploads\/2023\/02\/Fronteiras-1.png?w=3000&amp;ssl=1 3000w\" sizes=\"auto, (max-width: 1000px) 100vw, 1000px\" \/><\/figure>\n<\/div><\/div>\n\n\n\n<div class=\"wp-block-uagb-slider-child uagb-slider-child-wrap swiper-slide uagb-block-7ef34ff0\"><div class=\"swiper-content\">\n<figure class=\"wp-block-image size-full has-custom-border\"><img data-recalc-dims=\"1\" loading=\"lazy\" decoding=\"async\" width=\"5619\" height=\"1171\" data-attachment-id=\"7330\" data-permalink=\"https:\/\/dmtcomponentes.com.br\/?attachment_id=7330\" data-orig-file=\"https:\/\/i0.wp.com\/dmtcomponentes.com.br\/wp-content\/uploads\/2025\/01\/em-breve.png?fit=5619%2C1171&amp;ssl=1\" data-orig-size=\"5619,1171\" data-comments-opened=\"1\" data-image-meta=\"{&quot;aperture&quot;:&quot;0&quot;,&quot;credit&quot;:&quot;&quot;,&quot;camera&quot;:&quot;&quot;,&quot;caption&quot;:&quot;&quot;,&quot;created_timestamp&quot;:&quot;0&quot;,&quot;copyright&quot;:&quot;&quot;,&quot;focal_length&quot;:&quot;0&quot;,&quot;iso&quot;:&quot;0&quot;,&quot;shutter_speed&quot;:&quot;0&quot;,&quot;title&quot;:&quot;&quot;,&quot;orientation&quot;:&quot;0&quot;}\" data-image-title=\"em-breve\" data-image-description=\"\" data-image-caption=\"\" data-large-file=\"https:\/\/i0.wp.com\/dmtcomponentes.com.br\/wp-content\/uploads\/2025\/01\/em-breve.png?fit=1024%2C213&amp;ssl=1\" src=\"https:\/\/i0.wp.com\/dmtcomponentes.com.br\/wp-content\/uploads\/2025\/01\/em-breve.png?resize=5619%2C1171&#038;ssl=1\" alt=\"\" class=\"wp-image-7330\" style=\"border-style:none;border-width:0px;border-radius:0px\" srcset=\"https:\/\/i0.wp.com\/dmtcomponentes.com.br\/wp-content\/uploads\/2025\/01\/em-breve.png?w=5619&amp;ssl=1 5619w, https:\/\/i0.wp.com\/dmtcomponentes.com.br\/wp-content\/uploads\/2025\/01\/em-breve.png?resize=300%2C63&amp;ssl=1 300w, https:\/\/i0.wp.com\/dmtcomponentes.com.br\/wp-content\/uploads\/2025\/01\/em-breve.png?resize=1024%2C213&amp;ssl=1 1024w, https:\/\/i0.wp.com\/dmtcomponentes.com.br\/wp-content\/uploads\/2025\/01\/em-breve.png?resize=768%2C160&amp;ssl=1 768w, https:\/\/i0.wp.com\/dmtcomponentes.com.br\/wp-content\/uploads\/2025\/01\/em-breve.png?resize=1536%2C320&amp;ssl=1 1536w, https:\/\/i0.wp.com\/dmtcomponentes.com.br\/wp-content\/uploads\/2025\/01\/em-breve.png?resize=2048%2C427&amp;ssl=1 2048w, https:\/\/i0.wp.com\/dmtcomponentes.com.br\/wp-content\/uploads\/2025\/01\/em-breve.png?w=3000&amp;ssl=1 3000w\" sizes=\"auto, (max-width: 1000px) 100vw, 1000px\" \/><\/figure>\n<\/div><\/div>\n\n\n\n<div class=\"wp-block-uagb-slider-child uagb-slider-child-wrap swiper-slide uagb-block-d17f3a46\"><div class=\"swiper-content\">\n<figure class=\"wp-block-image size-full\"><a href=\"https:\/\/dmtcomponentes.com.br\/?page_id=984\"><img data-recalc-dims=\"1\" loading=\"lazy\" decoding=\"async\" width=\"5619\" height=\"1171\" data-attachment-id=\"989\" data-permalink=\"https:\/\/dmtcomponentes.com.br\/?attachment_id=989\" data-orig-file=\"https:\/\/i0.wp.com\/dmtcomponentes.com.br\/wp-content\/uploads\/2023\/02\/Fale-conosco.png?fit=5619%2C1171&amp;ssl=1\" data-orig-size=\"5619,1171\" data-comments-opened=\"1\" data-image-meta=\"{&quot;aperture&quot;:&quot;0&quot;,&quot;credit&quot;:&quot;&quot;,&quot;camera&quot;:&quot;&quot;,&quot;caption&quot;:&quot;&quot;,&quot;created_timestamp&quot;:&quot;0&quot;,&quot;copyright&quot;:&quot;&quot;,&quot;focal_length&quot;:&quot;0&quot;,&quot;iso&quot;:&quot;0&quot;,&quot;shutter_speed&quot;:&quot;0&quot;,&quot;title&quot;:&quot;&quot;,&quot;orientation&quot;:&quot;0&quot;}\" data-image-title=\"Fale-conosco\" data-image-description=\"\" data-image-caption=\"\" data-large-file=\"https:\/\/i0.wp.com\/dmtcomponentes.com.br\/wp-content\/uploads\/2023\/02\/Fale-conosco.png?fit=1024%2C213&amp;ssl=1\" src=\"https:\/\/i0.wp.com\/dmtcomponentes.com.br\/wp-content\/uploads\/2023\/02\/Fale-conosco.png?resize=5619%2C1171&#038;ssl=1\" alt=\"\" class=\"wp-image-989\" srcset=\"https:\/\/i0.wp.com\/dmtcomponentes.com.br\/wp-content\/uploads\/2023\/02\/Fale-conosco.png?w=5619&amp;ssl=1 5619w, https:\/\/i0.wp.com\/dmtcomponentes.com.br\/wp-content\/uploads\/2023\/02\/Fale-conosco.png?resize=300%2C63&amp;ssl=1 300w, https:\/\/i0.wp.com\/dmtcomponentes.com.br\/wp-content\/uploads\/2023\/02\/Fale-conosco.png?resize=1024%2C213&amp;ssl=1 1024w, https:\/\/i0.wp.com\/dmtcomponentes.com.br\/wp-content\/uploads\/2023\/02\/Fale-conosco.png?resize=768%2C160&amp;ssl=1 768w, https:\/\/i0.wp.com\/dmtcomponentes.com.br\/wp-content\/uploads\/2023\/02\/Fale-conosco.png?resize=1536%2C320&amp;ssl=1 1536w, https:\/\/i0.wp.com\/dmtcomponentes.com.br\/wp-content\/uploads\/2023\/02\/Fale-conosco.png?resize=2048%2C427&amp;ssl=1 2048w, https:\/\/i0.wp.com\/dmtcomponentes.com.br\/wp-content\/uploads\/2023\/02\/Fale-conosco.png?resize=1200%2C250&amp;ssl=1 1200w, https:\/\/i0.wp.com\/dmtcomponentes.com.br\/wp-content\/uploads\/2023\/02\/Fale-conosco.png?w=3000&amp;ssl=1 3000w\" sizes=\"auto, (max-width: 1000px) 100vw, 1000px\" \/><\/a><\/figure>\n<\/div><\/div>\n\n\n\n<div class=\"wp-block-uagb-slider-child uagb-slider-child-wrap swiper-slide uagb-block-d00f47f0\"><div class=\"swiper-content\">\n<figure class=\"wp-block-image size-full\"><a href=\"https:\/\/dmtcomponentes.com.br\/?page_id=350\"><img data-recalc-dims=\"1\" loading=\"lazy\" decoding=\"async\" width=\"6000\" height=\"1250\" data-attachment-id=\"1041\" data-permalink=\"https:\/\/dmtcomponentes.com.br\/?attachment_id=1041\" data-orig-file=\"https:\/\/i0.wp.com\/dmtcomponentes.com.br\/wp-content\/uploads\/2023\/02\/Encontre.png?fit=6000%2C1250&amp;ssl=1\" data-orig-size=\"6000,1250\" data-comments-opened=\"1\" data-image-meta=\"{&quot;aperture&quot;:&quot;0&quot;,&quot;credit&quot;:&quot;&quot;,&quot;camera&quot;:&quot;&quot;,&quot;caption&quot;:&quot;&quot;,&quot;created_timestamp&quot;:&quot;0&quot;,&quot;copyright&quot;:&quot;&quot;,&quot;focal_length&quot;:&quot;0&quot;,&quot;iso&quot;:&quot;0&quot;,&quot;shutter_speed&quot;:&quot;0&quot;,&quot;title&quot;:&quot;&quot;,&quot;orientation&quot;:&quot;0&quot;}\" data-image-title=\"Encontre\" data-image-description=\"\" data-image-caption=\"\" data-large-file=\"https:\/\/i0.wp.com\/dmtcomponentes.com.br\/wp-content\/uploads\/2023\/02\/Encontre.png?fit=1024%2C213&amp;ssl=1\" src=\"https:\/\/i0.wp.com\/dmtcomponentes.com.br\/wp-content\/uploads\/2023\/02\/Encontre.png?resize=6000%2C1250&#038;ssl=1\" alt=\"\" class=\"wp-image-1041\" style=\"object-fit:cover\" srcset=\"https:\/\/i0.wp.com\/dmtcomponentes.com.br\/wp-content\/uploads\/2023\/02\/Encontre.png?w=6000&amp;ssl=1 6000w, https:\/\/i0.wp.com\/dmtcomponentes.com.br\/wp-content\/uploads\/2023\/02\/Encontre.png?resize=300%2C63&amp;ssl=1 300w, https:\/\/i0.wp.com\/dmtcomponentes.com.br\/wp-content\/uploads\/2023\/02\/Encontre.png?resize=1024%2C213&amp;ssl=1 1024w, https:\/\/i0.wp.com\/dmtcomponentes.com.br\/wp-content\/uploads\/2023\/02\/Encontre.png?resize=768%2C160&amp;ssl=1 768w, https:\/\/i0.wp.com\/dmtcomponentes.com.br\/wp-content\/uploads\/2023\/02\/Encontre.png?resize=1536%2C320&amp;ssl=1 1536w, https:\/\/i0.wp.com\/dmtcomponentes.com.br\/wp-content\/uploads\/2023\/02\/Encontre.png?resize=2048%2C427&amp;ssl=1 2048w, https:\/\/i0.wp.com\/dmtcomponentes.com.br\/wp-content\/uploads\/2023\/02\/Encontre.png?resize=1200%2C250&amp;ssl=1 1200w, https:\/\/i0.wp.com\/dmtcomponentes.com.br\/wp-content\/uploads\/2023\/02\/Encontre.png?w=3000&amp;ssl=1 3000w\" sizes=\"auto, (max-width: 1000px) 100vw, 1000px\" \/><\/a><\/figure>\n<\/div><\/div>\n<\/div><\/div><div class=\"swiper-pagination\"><\/div><div class=\"swiper-button-prev\"><\/div><div class=\"swiper-button-next\"><\/div><\/div>\n\n\n\n<div class=\"wp-block-uagb-container uagb-block-13a3224a alignfull uagb-is-root-container\"><div class=\"uagb-container-inner-blocks-wrap\">\n<div class=\"wp-block-uagb-container uagb-block-9e0bff34\">\n<figure class=\"wp-block-image size-full is-resized\"><a href=\"https:\/\/drive.google.com\/file\/d\/1XNmN9Cts5d6J2sWXlWjdXZ4JMMobY-Xp\/view?usp=share_link\" target=\"_blank\" rel=\"noreferrer noopener\"><img data-recalc-dims=\"1\" loading=\"lazy\" decoding=\"async\" width=\"531\" height=\"442\" data-attachment-id=\"435\" data-permalink=\"https:\/\/dmtcomponentes.com.br\/?attachment_id=435\" data-orig-file=\"https:\/\/i0.wp.com\/dmtcomponentes.com.br\/wp-content\/uploads\/2023\/02\/catalogo-dmt-1.png?fit=531%2C442&amp;ssl=1\" data-orig-size=\"531,442\" data-comments-opened=\"1\" data-image-meta=\"{&quot;aperture&quot;:&quot;0&quot;,&quot;credit&quot;:&quot;&quot;,&quot;camera&quot;:&quot;&quot;,&quot;caption&quot;:&quot;&quot;,&quot;created_timestamp&quot;:&quot;0&quot;,&quot;copyright&quot;:&quot;&quot;,&quot;focal_length&quot;:&quot;0&quot;,&quot;iso&quot;:&quot;0&quot;,&quot;shutter_speed&quot;:&quot;0&quot;,&quot;title&quot;:&quot;&quot;,&quot;orientation&quot;:&quot;0&quot;}\" data-image-title=\"catalogo-dmt-1\" data-image-description=\"\" data-image-caption=\"\" data-large-file=\"https:\/\/i0.wp.com\/dmtcomponentes.com.br\/wp-content\/uploads\/2023\/02\/catalogo-dmt-1.png?fit=531%2C442&amp;ssl=1\" src=\"https:\/\/i0.wp.com\/dmtcomponentes.com.br\/wp-content\/uploads\/2023\/02\/catalogo-dmt-1.png?resize=531%2C442&#038;ssl=1\" alt=\"\" class=\"wp-image-435\" style=\"width:424px;height:353px\" srcset=\"https:\/\/i0.wp.com\/dmtcomponentes.com.br\/wp-content\/uploads\/2023\/02\/catalogo-dmt-1.png?w=531&amp;ssl=1 531w, https:\/\/i0.wp.com\/dmtcomponentes.com.br\/wp-content\/uploads\/2023\/02\/catalogo-dmt-1.png?resize=300%2C250&amp;ssl=1 300w\" sizes=\"auto, (max-width: 531px) 100vw, 531px\" \/><\/a><\/figure>\n\n\n\n<div class=\"wp-block-uagb-info-box uagb-block-59def0b9 uagb-infobox__content-wrap  uagb-infobox-icon-above-title uagb-infobox-image-valign-top\"><div class=\"uagb-ifb-content\"><div class=\"uagb-ifb-title-wrap\"><h3 class=\"uagb-ifb-title\">Acesse nosso Catalogo<\/h3><\/div><div class=\"uagb-ifb-desc\">\n<p class=\"wp-block-paragraph\">Nossas pe\u00e7as s\u00e3o desenvolvidas para oferecer mais praticidade, <br>acabamento de alta qualidade e efici\u00eancia. <br>Conhe\u00e7a todos os lan\u00e7amentos e novidades.<\/p>\n<\/div><\/div><\/div>\n\n\n\n<div class=\"wp-block-uagb-buttons uagb-buttons__outer-wrap uagb-btn__medium-btn uagb-btn-tablet__default-btn uagb-btn-mobile__default-btn uagb-block-e01ea339\"><div class=\"uagb-buttons__wrap uagb-buttons-layout-wrap \">\n<div class=\"wp-block-uagb-buttons-child uagb-buttons__outer-wrap uagb-block-c8965be5 wp-block-button\"><div class=\"uagb-button__wrapper\"><a class=\"uagb-buttons-repeater wp-block-button__link\" aria-label=\"\" href=\"https:\/\/drive.google.com\/file\/d\/1XNmN9Cts5d6J2sWXlWjdXZ4JMMobY-Xp\/view?usp=share_link\" rel=\"nofollow noopener\" target=\"_blank\" role=\"button\"><div class=\"uagb-button__link\">Acesse Aqui<\/div><\/a><\/div><\/div>\n<\/div><\/div>\n<\/div>\n\n\n\n<div class=\"wp-block-uagb-container uagb-block-bdf2e504\"><\/div>\n<\/div><\/div>\n\n\n\n<div class=\"wp-block-uagb-container uagb-block-ccf39dd7 alignfull uagb-is-root-container\"><div class=\"uagb-container-inner-blocks-wrap\">\n<div class=\"wp-block-uagb-container uagb-block-cf1df091\">\n<div class=\"wp-block-uagb-info-box uagb-block-d0e4f544 uagb-infobox__content-wrap  uagb-infobox-icon-above-title uagb-infobox-image-valign-top uag-hide-tab uag-hide-mob\"><div class=\"uagb-ifb-content\"><div class=\"uagb-ifb-title-wrap\"><span class=\"uagb-ifb-title-prefix\">Quem somos<\/span><div class=\"uagb-ifb-separator\"><\/div><h6 class=\"uagb-ifb-title\">DMT Componentes e acess\u00f3rios<\/h6><\/div><p class=\"uagb-ifb-desc\"><br><br>Somos uma empresa importadora de ferragens, componentes e<br>acess\u00f3rios para a revenda e ind\u00fastria moveleira, com nossa<br>marca exclusiva DMT.<br>Fabricamos tamb\u00e9m perfis de alum\u00ednio, aramados, spot de led,<br>pl\u00e1sticos, Etc&#8230; Enfim, temos uma ampla linha de produtos,<br>a pronta entrega e com pre\u00e7os competitivos.<br>Nossa estrutura f\u00edsica fica no centro do estado de S\u00e3o Paulo,<br>atendendo todo o Brasil com agilidade na entrega.<br>Consulte nossa equipe interna, ou o representante de sua regi\u00e3o<\/p><\/div><\/div>\n\n\n\n<div class=\"wp-block-uagb-icon-list uagb-block-86e12cb3\"><div class=\"uagb-icon-list__wrap\">\n<div class=\"wp-block-uagb-icon-list-child uagb-block-bfaeaf2a\"><span class=\"uagb-icon-list__source-wrap\"><svg xmlns=\"https:\/\/www.w3.org\/2000\/svg\" viewBox=\"0 0 512 512\"><path d=\"M18.92 351.2l108.5-46.52c12.78-5.531 27.77-1.801 36.45 8.98l44.09 53.82c69.25-34 125.5-90.31 159.5-159.5l-53.81-44.04c-10.75-8.781-14.41-23.69-8.974-36.47l46.51-108.5c6.094-13.91 21.1-21.52 35.79-18.11l100.8 23.25c14.25 3.25 24.22 15.8 24.22 30.46c0 252.3-205.2 457.5-457.5 457.5c-14.67 0-27.18-9.968-30.45-24.22l-23.25-100.8C-2.571 372.4 5.018 357.2 18.92 351.2z\"><\/path><\/svg><\/span><span class=\"uagb-icon-list__label\">Contato\u200b<\/span><\/div>\n<\/div><\/div>\n\n\n\n<div class=\"wp-block-uagb-advanced-heading uagb-block-a300fabf\"><h3 class=\"uagb-heading-text\">(16) 3397-1400<br>(16) \u200b3324-5502<\/h3><\/div>\n<\/div>\n\n\n\n<div class=\"wp-block-uagb-container uagb-block-fa840694\">\n<div class=\"wp-block-uagb-image alignleft uagb-block-9225032e wp-block-uagb-image--layout-default wp-block-uagb-image--effect-zoomin wp-block-uagb-image--align-left\"><figure class=\"wp-block-uagb-image__figure\"><img data-recalc-dims=\"1\" decoding=\"async\" srcset=\"https:\/\/dmtcomponentes.com.br\/wp-content\/uploads\/2023\/02\/pexels-pixabay-262353.jpg , https:\/\/dmtcomponentes.com.br\/wp-content\/uploads\/2023\/02\/pexels-pixabay-262353-1024x683.jpg 360w\" sizes=\"auto, (max-width: 480px) 150px\" src=\"https:\/\/i0.wp.com\/dmtcomponentes.com.br\/wp-content\/uploads\/2023\/02\/pexels-pixabay-262353.jpg?resize=5098%2C3399&#038;ssl=1\" alt=\"\" class=\"uag-image-651\" width=\"5098\" height=\"3399\" title=\"\" loading=\"lazy\" role=\"img\"\/><\/figure><\/div>\n<\/div>\n<\/div><\/div>\n\n\n\n<div class=\"wp-block-jetpack-send-a-message\"><\/div>\n\n\n\n<div class=\"wp-block-uagb-container uagb-block-2bd2fa63 alignfull uagb-is-root-container\"><div class=\"uagb-container-inner-blocks-wrap\">\n<div class=\"wp-block-uagb-container uagb-block-18a6fc09\">\n<div class=\"wp-block-uagb-advanced-heading uagb-block-32667eed\"><h2 class=\"uagb-heading-text\">Onde <br>Estamos<\/h2><div class=\"uagb-separator\"><\/div><p class=\"uagb-desc-text\"><br>Avenida Francisco Carlos <br>Merlos, 2640<br>Araraqura &#8211; SP<br>14801-240<\/p><\/div>\n\n\n\n<div class=\"wp-block-buttons is-content-justification-center is-layout-flex wp-container-core-buttons-is-layout-1ee1f49e wp-block-buttons-is-layout-flex\">\n<div class=\"wp-block-button\"><a class=\"wp-block-button__link has-background wp-element-button\" href=\"https:\/\/dmtcomponentes.com.br\/?page_id=350\" style=\"background-color:#9d2e30\">Encontre um Representante<\/a><\/div>\n<\/div>\n<\/div>\n\n\n\n<div class=\"wp-block-uagb-container uagb-block-17f71274\">\t\t\t<div \n\t\t\tclass=\"wp-block-uagb-google-map uagb-google-map__wrap uagb-block-06ef151e     \"\n\t\t\tstyle=\"\" >\n\t\t\t\t<embed\n\t\t\t\t\tclass=\"uagb-google-map__iframe\"\n\t\t\t\t\ttitle=\"Google Map for \"\n\t\t\t\t\tsrc=\"https:\/\/maps.google.com\/maps?q=avenida%20Francisco%20Carlos%20Merlos%2C%202640&#038;z=16&#038;hl=pt&#038;t=m&#038;output=embed&#038;iwloc=near\"\n\t\t\t\t\twidth=\"640\"\n\t\t\t\t\theight=\"459\"\n\t\t\t\t\tloading=\"lazy\"\n\t\t\t\t><\/embed>\n\t\t\t<\/div>\n\t\t\t<\/div>\n<\/div><\/div>\n\n\n\n<div style=\"height:350px\" aria-hidden=\"true\" class=\"wp-block-spacer\"><\/div>\n","protected":false},"excerpt":{"rendered":"<p>(16) 3397-1400(16) \u200b3324-5502 Onde Estamos Avenida Francisco Carlos Merlos, 2640Araraqura &#8211; SP14801-240<\/p>\n","protected":false},"author":231363518,"featured_media":0,"parent":0,"menu_order":0,"comment_status":"closed","ping_status":"closed","template":"","meta":{"_crdt_document":"","_uag_custom_page_level_css":"","site-sidebar-layout":"default","site-content-layout":"","ast-site-content-layout":"default","site-content-style":"default","site-sidebar-style":"default","ast-global-header-display":"","ast-banner-title-visibility":"","ast-main-header-display":"","ast-hfb-above-header-display":"","ast-hfb-below-header-display":"","ast-hfb-mobile-header-display":"","site-post-title":"disabled","ast-breadcrumbs-content":"","ast-featured-img":"","footer-sml-layout":"","theme-transparent-header-meta":"","adv-header-id-meta":"","stick-header-meta":"","header-above-stick-meta":"","header-main-stick-meta":"","header-below-stick-meta":"","astra-migrate-meta-layouts":"set","ast-page-background-enabled":"default","ast-page-background-meta":{"desktop":{"background-color":"var(--ast-global-color-4)","background-image":"","background-repeat":"repeat","background-position":"center center","background-size":"auto","background-attachment":"scroll","background-type":"","background-media":"","overlay-type":"","overlay-color":"","overlay-opacity":"","overlay-gradient":""},"tablet":{"background-color":"","background-image":"","background-repeat":"repeat","background-position":"center center","background-size":"auto","background-attachment":"scroll","background-type":"","background-media":"","overlay-type":"","overlay-color":"","overlay-opacity":"","overlay-gradient":""},"mobile":{"background-color":"","background-image":"","background-repeat":"repeat","background-position":"center center","background-size":"auto","background-attachment":"scroll","background-type":"","background-media":"","overlay-type":"","overlay-color":"","overlay-opacity":"","overlay-gradient":""}},"ast-content-background-meta":{"desktop":{"background-color":"var(--ast-global-color-5)","background-image":"","background-repeat":"repeat","background-position":"center center","background-size":"auto","background-attachment":"scroll","background-type":"","background-media":"","overlay-type":"","overlay-color":"","overlay-opacity":"","overlay-gradient":""},"tablet":{"background-color":"var(--ast-global-color-5)","background-image":"","background-repeat":"repeat","background-position":"center center","background-size":"auto","background-attachment":"scroll","background-type":"","background-media":"","overlay-type":"","overlay-color":"","overlay-opacity":"","overlay-gradient":""},"mobile":{"background-color":"var(--ast-global-color-5)","background-image":"","background-repeat":"repeat","background-position":"center center","background-size":"auto","background-attachment":"scroll","background-type":"","background-media":"","overlay-type":"","overlay-color":"","overlay-opacity":"","overlay-gradient":""}},"advanced_seo_description":"","jetpack_seo_html_title":"","jetpack_seo_noindex":false,"jetpack_post_was_ever_published":false,"_joinchat":{"view":"yes"},"footnotes":""},"class_list":["post-309","page","type-page","status-publish","hentry"],"uagb_featured_image_src":{"full":false,"thumbnail":false,"medium":false,"medium_large":false,"large":false,"1536x1536":false,"2048x2048":false,"newspack-article-block-landscape-large":false,"newspack-article-block-portrait-large":false,"newspack-article-block-square-large":false,"newspack-article-block-landscape-medium":false,"newspack-article-block-portrait-medium":false,"newspack-article-block-square-medium":false,"newspack-article-block-landscape-intermediate":false,"newspack-article-block-portrait-intermediate":false,"newspack-article-block-square-intermediate":false,"newspack-article-block-landscape-small":false,"newspack-article-block-portrait-small":false,"newspack-article-block-square-small":false,"newspack-article-block-landscape-tiny":false,"newspack-article-block-portrait-tiny":false,"newspack-article-block-square-tiny":false,"newspack-article-block-uncropped":false},"uagb_author_info":{"display_name":"dmtcomponentes","author_link":"https:\/\/dmtcomponentes.com.br\/?author=231363518"},"uagb_comment_info":0,"uagb_excerpt":"(16) 3397-1400(16) \u200b3324-5502 Onde Estamos Avenida Francisco Carlos Merlos, 2640Araraqura &#8211; SP14801-240","jetpack_likes_enabled":true,"jetpack_sharing_enabled":true,"jetpack_shortlink":"https:\/\/wp.me\/Pezesh-4Z","jetpack-related-posts":[],"_links":{"self":[{"href":"https:\/\/dmtcomponentes.com.br\/index.php?rest_route=\/wp\/v2\/pages\/309","targetHints":{"allow":["GET"]}}],"collection":[{"href":"https:\/\/dmtcomponentes.com.br\/index.php?rest_route=\/wp\/v2\/pages"}],"about":[{"href":"https:\/\/dmtcomponentes.com.br\/index.php?rest_route=\/wp\/v2\/types\/page"}],"author":[{"embeddable":true,"href":"https:\/\/dmtcomponentes.com.br\/index.php?rest_route=\/wp\/v2\/users\/231363518"}],"replies":[{"embeddable":true,"href":"https:\/\/dmtcomponentes.com.br\/index.php?rest_route=%2Fwp%2Fv2%2Fcomments&post=309"}],"version-history":[{"count":100,"href":"https:\/\/dmtcomponentes.com.br\/index.php?rest_route=\/wp\/v2\/pages\/309\/revisions"}],"predecessor-version":[{"id":7371,"href":"https:\/\/dmtcomponentes.com.br\/index.php?rest_route=\/wp\/v2\/pages\/309\/revisions\/7371"}],"wp:attachment":[{"href":"https:\/\/dmtcomponentes.com.br\/index.php?rest_route=%2Fwp%2Fv2%2Fmedia&parent=309"}],"curies":[{"name":"wp","href":"https:\/\/api.w.org\/{rel}","templated":true}]}}