{"id":1755,"date":"2023-03-08T14:01:50","date_gmt":"2023-03-08T17:01:50","guid":{"rendered":"https:\/\/dmtcomponentes.com.br\/?page_id=1755"},"modified":"2023-03-29T14:48:22","modified_gmt":"2023-03-29T17:48:22","slug":"pe-para-moveis","status":"publish","type":"page","link":"https:\/\/dmtcomponentes.com.br\/?page_id=1755","title":{"rendered":"P\u00c9S PARA MOVEIS"},"content":{"rendered":"\n<div class=\"wp-block-uagb-container uagb-block-0aa5d7ec alignfull uagb-is-root-container\"><div class=\"uagb-container-inner-blocks-wrap\">\n<figure class=\"wp-block-image size-large\"><img data-recalc-dims=\"1\" decoding=\"async\" src=\"https:\/\/i0.wp.com\/dmtcomponentes.com.br\/wp-content\/uploads\/2023\/03\/pes-para-moveis.png?ssl=1\" alt=\"\"\/><\/figure>\n<\/div><\/div>\n\n\n\n<div style=\"height:100px\" aria-hidden=\"true\" class=\"wp-block-spacer\"><\/div>\n\n\n\n<div class=\"wp-block-uagb-container uagb-block-6a08937a alignfull uagb-is-root-container\"><div class=\"uagb-container-inner-blocks-wrap\">\n<div class=\"wp-block-uagb-container uagb-block-035b1e0b\">\n<figure class=\"wp-block-image size-full\"><img data-recalc-dims=\"1\" loading=\"lazy\" decoding=\"async\" width=\"473\" height=\"256\" data-attachment-id=\"5519\" data-permalink=\"https:\/\/dmtcomponentes.com.br\/?attachment_id=5519\" data-orig-file=\"https:\/\/i0.wp.com\/dmtcomponentes.com.br\/wp-content\/uploads\/2023\/03\/pe.png?fit=473%2C256&amp;ssl=1\" data-orig-size=\"473,256\" data-comments-opened=\"1\" data-image-meta=\"{&quot;aperture&quot;:&quot;0&quot;,&quot;credit&quot;:&quot;&quot;,&quot;camera&quot;:&quot;&quot;,&quot;caption&quot;:&quot;&quot;,&quot;created_timestamp&quot;:&quot;0&quot;,&quot;copyright&quot;:&quot;&quot;,&quot;focal_length&quot;:&quot;0&quot;,&quot;iso&quot;:&quot;0&quot;,&quot;shutter_speed&quot;:&quot;0&quot;,&quot;title&quot;:&quot;&quot;,&quot;orientation&quot;:&quot;0&quot;}\" data-image-title=\"pe\" data-image-description=\"\" data-image-caption=\"\" data-large-file=\"https:\/\/i0.wp.com\/dmtcomponentes.com.br\/wp-content\/uploads\/2023\/03\/pe.png?fit=473%2C256&amp;ssl=1\" src=\"https:\/\/i0.wp.com\/dmtcomponentes.com.br\/wp-content\/uploads\/2023\/03\/pe.png?resize=473%2C256&#038;ssl=1\" alt=\"\" class=\"wp-image-5519\" srcset=\"https:\/\/i0.wp.com\/dmtcomponentes.com.br\/wp-content\/uploads\/2023\/03\/pe.png?w=473&amp;ssl=1 473w, https:\/\/i0.wp.com\/dmtcomponentes.com.br\/wp-content\/uploads\/2023\/03\/pe.png?resize=300%2C162&amp;ssl=1 300w\" sizes=\"auto, (max-width: 473px) 100vw, 473px\" \/><\/figure>\n<\/div>\n\n\n\n<div class=\"wp-block-uagb-container uagb-block-1759797c\">\n<div class=\"wp-block-uagb-advanced-heading uagb-block-aaf560b2\"><h2 class=\"uagb-heading-text\">P\u00e9 De Alum\u00ednio<\/h2><div class=\"uagb-separator\"><\/div><\/div>\n\n\n\n<figure class=\"wp-block-table is-style-stripes has-medium-font-size\"><table><thead><tr><th class=\"has-text-align-left\" data-align=\"left\">DESCRI\u00c7\u00c3O<\/th><th class=\"has-text-align-center\" data-align=\"center\">QUANTIDADE<\/th><\/tr><\/thead><tbody><tr><td class=\"has-text-align-left\" data-align=\"left\">6cm REF. 510<\/td><td class=\"has-text-align-center\" data-align=\"center\">4un<\/td><\/tr><tr><td class=\"has-text-align-left\" data-align=\"left\">5cm REF. 513<\/td><td class=\"has-text-align-center\" data-align=\"center\">4un<\/td><\/tr><tr><td class=\"has-text-align-left\" data-align=\"left\">6cm REF. 515<\/td><td class=\"has-text-align-center\" data-align=\"center\">4un<\/td><\/tr><tr><td class=\"has-text-align-left\" data-align=\"left\">6cm REF. 517<\/td><td class=\"has-text-align-center\" data-align=\"center\">4un<\/td><\/tr><tr><td class=\"has-text-align-left\" data-align=\"left\">10cm REF. 519<\/td><td class=\"has-text-align-center\" data-align=\"center\">2un<\/td><\/tr><tr><td class=\"has-text-align-left\" data-align=\"left\">12cm REF. 521<\/td><td class=\"has-text-align-center\" data-align=\"center\">2un<\/td><\/tr><\/tbody><\/table><\/figure>\n<\/div>\n\n\n\n<div class=\"wp-block-uagb-container uagb-block-39903f3e\">\n<div style=\"height:100px\" aria-hidden=\"true\" class=\"wp-block-spacer\"><\/div>\n<\/div>\n\n\n\n<div class=\"wp-block-uagb-container uagb-block-62741de3\">\n<figure class=\"wp-block-image size-full\"><img data-recalc-dims=\"1\" loading=\"lazy\" decoding=\"async\" width=\"176\" height=\"158\" data-attachment-id=\"5520\" data-permalink=\"https:\/\/dmtcomponentes.com.br\/?attachment_id=5520\" data-orig-file=\"https:\/\/i0.wp.com\/dmtcomponentes.com.br\/wp-content\/uploads\/2023\/03\/QUADRADO.png?fit=176%2C158&amp;ssl=1\" data-orig-size=\"176,158\" data-comments-opened=\"1\" data-image-meta=\"{&quot;aperture&quot;:&quot;0&quot;,&quot;credit&quot;:&quot;&quot;,&quot;camera&quot;:&quot;&quot;,&quot;caption&quot;:&quot;&quot;,&quot;created_timestamp&quot;:&quot;0&quot;,&quot;copyright&quot;:&quot;&quot;,&quot;focal_length&quot;:&quot;0&quot;,&quot;iso&quot;:&quot;0&quot;,&quot;shutter_speed&quot;:&quot;0&quot;,&quot;title&quot;:&quot;&quot;,&quot;orientation&quot;:&quot;0&quot;}\" data-image-title=\"QUADRADO\" data-image-description=\"\" data-image-caption=\"\" data-large-file=\"https:\/\/i0.wp.com\/dmtcomponentes.com.br\/wp-content\/uploads\/2023\/03\/QUADRADO.png?fit=176%2C158&amp;ssl=1\" src=\"https:\/\/i0.wp.com\/dmtcomponentes.com.br\/wp-content\/uploads\/2023\/03\/QUADRADO.png?resize=176%2C158&#038;ssl=1\" alt=\"\" class=\"wp-image-5520\"\/><\/figure>\n<\/div>\n\n\n\n<div class=\"wp-block-uagb-container uagb-block-b411657f\">\n<div class=\"wp-block-uagb-advanced-heading uagb-block-5b62c5a8\"><h2 class=\"uagb-heading-text\">P\u00e9 de Alum\u00ednio Quadrado<\/h2><div class=\"uagb-separator\"><\/div><\/div>\n\n\n\n<figure class=\"wp-block-table is-style-stripes has-medium-font-size\"><table><thead><tr><th class=\"has-text-align-left\" data-align=\"left\">DESCRI\u00c7\u00c3O<\/th><th class=\"has-text-align-center\" data-align=\"center\">QUANTIDADE<\/th><\/tr><\/thead><tbody><tr><td class=\"has-text-align-left\" data-align=\"left\">10cm Branco<\/td><td class=\"has-text-align-center\" data-align=\"center\">4un<\/td><\/tr><tr><td class=\"has-text-align-left\" data-align=\"left\">10cm Fosco <\/td><td class=\"has-text-align-center\" data-align=\"center\">4un<\/td><\/tr><tr><td class=\"has-text-align-left\" data-align=\"left\">10cm Polido <\/td><td class=\"has-text-align-center\" data-align=\"center\">4un<\/td><\/tr><tr><td class=\"has-text-align-left\" data-align=\"left\">15cm Branco<\/td><td class=\"has-text-align-center\" data-align=\"center\">4un<\/td><\/tr><tr><td class=\"has-text-align-left\" data-align=\"left\">15cm Fosco<\/td><td class=\"has-text-align-center\" data-align=\"center\">4un<\/td><\/tr><tr><td class=\"has-text-align-left\" data-align=\"left\">15cm Polido<\/td><td class=\"has-text-align-center\" data-align=\"center\">4un<\/td><\/tr><tr><td class=\"has-text-align-left\" data-align=\"left\">20cm Branco<\/td><td class=\"has-text-align-center\" data-align=\"center\">4un<\/td><\/tr><tr><td class=\"has-text-align-left\" data-align=\"left\">20cm Fosco<\/td><td class=\"has-text-align-center\" data-align=\"center\">4un<\/td><\/tr><tr><td class=\"has-text-align-left\" data-align=\"left\">20cm Polido<\/td><td class=\"has-text-align-center\" data-align=\"center\">4un<\/td><\/tr><\/tbody><\/table><\/figure>\n<\/div>\n\n\n\n<div class=\"wp-block-uagb-container uagb-block-6d64c42e\">\n<figure class=\"wp-block-image size-full\"><img data-recalc-dims=\"1\" loading=\"lazy\" decoding=\"async\" width=\"394\" height=\"406\" data-attachment-id=\"5521\" data-permalink=\"https:\/\/dmtcomponentes.com.br\/?attachment_id=5521\" data-orig-file=\"https:\/\/i0.wp.com\/dmtcomponentes.com.br\/wp-content\/uploads\/2023\/03\/CONCO.png?fit=394%2C406&amp;ssl=1\" data-orig-size=\"394,406\" data-comments-opened=\"1\" data-image-meta=\"{&quot;aperture&quot;:&quot;0&quot;,&quot;credit&quot;:&quot;&quot;,&quot;camera&quot;:&quot;&quot;,&quot;caption&quot;:&quot;&quot;,&quot;created_timestamp&quot;:&quot;0&quot;,&quot;copyright&quot;:&quot;&quot;,&quot;focal_length&quot;:&quot;0&quot;,&quot;iso&quot;:&quot;0&quot;,&quot;shutter_speed&quot;:&quot;0&quot;,&quot;title&quot;:&quot;&quot;,&quot;orientation&quot;:&quot;0&quot;}\" data-image-title=\"CONCO\" data-image-description=\"\" data-image-caption=\"\" data-large-file=\"https:\/\/i0.wp.com\/dmtcomponentes.com.br\/wp-content\/uploads\/2023\/03\/CONCO.png?fit=394%2C406&amp;ssl=1\" src=\"https:\/\/i0.wp.com\/dmtcomponentes.com.br\/wp-content\/uploads\/2023\/03\/CONCO.png?resize=394%2C406&#038;ssl=1\" alt=\"\" class=\"wp-image-5521\" srcset=\"https:\/\/i0.wp.com\/dmtcomponentes.com.br\/wp-content\/uploads\/2023\/03\/CONCO.png?w=394&amp;ssl=1 394w, https:\/\/i0.wp.com\/dmtcomponentes.com.br\/wp-content\/uploads\/2023\/03\/CONCO.png?resize=291%2C300&amp;ssl=1 291w\" sizes=\"auto, (max-width: 394px) 100vw, 394px\" \/><\/figure>\n<\/div>\n\n\n\n<div class=\"wp-block-uagb-container uagb-block-66269f93\">\n<div class=\"wp-block-uagb-advanced-heading uagb-block-9fcf8ab7\"><h2 class=\"uagb-heading-text\">P\u00e9 C\u00f4nico de Ferro<\/h2><div class=\"uagb-separator\"><\/div><\/div>\n\n\n\n<figure class=\"wp-block-table is-style-stripes has-medium-font-size\"><table><thead><tr><th class=\"has-text-align-left\" data-align=\"left\">DESCRI\u00c7\u00c3O <\/th><th class=\"has-text-align-center\" data-align=\"center\">QUANTIDADE<\/th><\/tr><\/thead><tbody><tr><td class=\"has-text-align-left\" data-align=\"left\">10cm Branco<\/td><td class=\"has-text-align-center\" data-align=\"center\">100un<\/td><\/tr><tr><td class=\"has-text-align-left\" data-align=\"left\">10cm Cromado<\/td><td class=\"has-text-align-center\" data-align=\"center\">100un<\/td><\/tr><tr><td class=\"has-text-align-left\" data-align=\"left\">10cm Preto<\/td><td class=\"has-text-align-center\" data-align=\"center\">100un<\/td><\/tr><tr><td class=\"has-text-align-left\" data-align=\"left\">15cm Branco<\/td><td class=\"has-text-align-center\" data-align=\"center\">100un<\/td><\/tr><tr><td class=\"has-text-align-left\" data-align=\"left\">15cm Cromado<\/td><td class=\"has-text-align-center\" data-align=\"center\">100un<\/td><\/tr><tr><td class=\"has-text-align-left\" data-align=\"left\">15cm Preto<\/td><td class=\"has-text-align-center\" data-align=\"center\">100un<\/td><\/tr><tr><td class=\"has-text-align-left\" data-align=\"left\">20cm Branco<\/td><td class=\"has-text-align-center\" data-align=\"center\">100un<\/td><\/tr><tr><td class=\"has-text-align-left\" data-align=\"left\">20cm Cromado<\/td><td class=\"has-text-align-center\" data-align=\"center\">100un<\/td><\/tr><tr><td class=\"has-text-align-left\" data-align=\"left\">20cm Preto<\/td><td class=\"has-text-align-center\" data-align=\"center\">100un<\/td><\/tr><tr><td class=\"has-text-align-left\" data-align=\"left\">25cm Cromado<\/td><td class=\"has-text-align-center\" data-align=\"center\">100un<\/td><\/tr><\/tbody><\/table><\/figure>\n<\/div>\n\n\n\n<div class=\"wp-block-uagb-container uagb-block-f376365e\">\n<div style=\"height:100px\" aria-hidden=\"true\" class=\"wp-block-spacer\"><\/div>\n<\/div>\n\n\n\n<div class=\"wp-block-uagb-container uagb-block-65f0bd59\">\n<figure class=\"wp-block-image size-full\"><img data-recalc-dims=\"1\" loading=\"lazy\" decoding=\"async\" width=\"708\" height=\"287\" data-attachment-id=\"5522\" data-permalink=\"https:\/\/dmtcomponentes.com.br\/?attachment_id=5522\" data-orig-file=\"https:\/\/i0.wp.com\/dmtcomponentes.com.br\/wp-content\/uploads\/2023\/03\/PE-DE-MESA.png?fit=708%2C287&amp;ssl=1\" data-orig-size=\"708,287\" data-comments-opened=\"1\" data-image-meta=\"{&quot;aperture&quot;:&quot;0&quot;,&quot;credit&quot;:&quot;&quot;,&quot;camera&quot;:&quot;&quot;,&quot;caption&quot;:&quot;&quot;,&quot;created_timestamp&quot;:&quot;0&quot;,&quot;copyright&quot;:&quot;&quot;,&quot;focal_length&quot;:&quot;0&quot;,&quot;iso&quot;:&quot;0&quot;,&quot;shutter_speed&quot;:&quot;0&quot;,&quot;title&quot;:&quot;&quot;,&quot;orientation&quot;:&quot;0&quot;}\" data-image-title=\"PE-DE-MESA\" data-image-description=\"\" data-image-caption=\"\" data-large-file=\"https:\/\/i0.wp.com\/dmtcomponentes.com.br\/wp-content\/uploads\/2023\/03\/PE-DE-MESA.png?fit=708%2C287&amp;ssl=1\" src=\"https:\/\/i0.wp.com\/dmtcomponentes.com.br\/wp-content\/uploads\/2023\/03\/PE-DE-MESA.png?resize=708%2C287&#038;ssl=1\" alt=\"\" class=\"wp-image-5522\" srcset=\"https:\/\/i0.wp.com\/dmtcomponentes.com.br\/wp-content\/uploads\/2023\/03\/PE-DE-MESA.png?w=708&amp;ssl=1 708w, https:\/\/i0.wp.com\/dmtcomponentes.com.br\/wp-content\/uploads\/2023\/03\/PE-DE-MESA.png?resize=300%2C122&amp;ssl=1 300w\" sizes=\"auto, (max-width: 708px) 100vw, 708px\" \/><\/figure>\n<\/div>\n\n\n\n<div class=\"wp-block-uagb-container uagb-block-47c53be4\">\n<div class=\"wp-block-uagb-advanced-heading uagb-block-ec6bbe34\"><h2 class=\"uagb-heading-text\">P\u00e9 de Mesa de Ferro<\/h2><div class=\"uagb-separator\"><\/div><\/div>\n\n\n\n<figure class=\"wp-block-table is-style-stripes has-medium-font-size\"><table><thead><tr><th class=\"has-text-align-left\" data-align=\"left\">DESCRI\u00c7\u00c3O<\/th><th class=\"has-text-align-center\" data-align=\"center\">QUANTIDADE<\/th><\/tr><\/thead><tbody><tr><td class=\"has-text-align-left\" data-align=\"left\">2.1\/2\u201d Cromado<\/td><td class=\"has-text-align-center\" data-align=\"center\">4un<\/td><\/tr><tr><td class=\"has-text-align-left\" data-align=\"left\">2.1\/2\u201d Escovado<\/td><td class=\"has-text-align-center\" data-align=\"center\">4un<\/td><\/tr><\/tbody><\/table><\/figure>\n<\/div>\n\n\n\n<div class=\"wp-block-uagb-container uagb-block-859ca033\">\n<figure class=\"wp-block-image size-full\"><img data-recalc-dims=\"1\" loading=\"lazy\" decoding=\"async\" width=\"411\" height=\"340\" data-attachment-id=\"5524\" data-permalink=\"https:\/\/dmtcomponentes.com.br\/?attachment_id=5524\" data-orig-file=\"https:\/\/i0.wp.com\/dmtcomponentes.com.br\/wp-content\/uploads\/2023\/03\/PE-REGULAVEL-PARAFUSO.png?fit=411%2C340&amp;ssl=1\" data-orig-size=\"411,340\" data-comments-opened=\"1\" data-image-meta=\"{&quot;aperture&quot;:&quot;0&quot;,&quot;credit&quot;:&quot;&quot;,&quot;camera&quot;:&quot;&quot;,&quot;caption&quot;:&quot;&quot;,&quot;created_timestamp&quot;:&quot;0&quot;,&quot;copyright&quot;:&quot;&quot;,&quot;focal_length&quot;:&quot;0&quot;,&quot;iso&quot;:&quot;0&quot;,&quot;shutter_speed&quot;:&quot;0&quot;,&quot;title&quot;:&quot;&quot;,&quot;orientation&quot;:&quot;0&quot;}\" data-image-title=\"PE-REGULAVEL-PARAFUSO\" data-image-description=\"\" data-image-caption=\"\" data-large-file=\"https:\/\/i0.wp.com\/dmtcomponentes.com.br\/wp-content\/uploads\/2023\/03\/PE-REGULAVEL-PARAFUSO.png?fit=411%2C340&amp;ssl=1\" src=\"https:\/\/i0.wp.com\/dmtcomponentes.com.br\/wp-content\/uploads\/2023\/03\/PE-REGULAVEL-PARAFUSO.png?resize=411%2C340&#038;ssl=1\" alt=\"\" class=\"wp-image-5524\" srcset=\"https:\/\/i0.wp.com\/dmtcomponentes.com.br\/wp-content\/uploads\/2023\/03\/PE-REGULAVEL-PARAFUSO.png?w=411&amp;ssl=1 411w, https:\/\/i0.wp.com\/dmtcomponentes.com.br\/wp-content\/uploads\/2023\/03\/PE-REGULAVEL-PARAFUSO.png?resize=300%2C248&amp;ssl=1 300w\" sizes=\"auto, (max-width: 411px) 100vw, 411px\" \/><\/figure>\n<\/div>\n\n\n\n<div class=\"wp-block-uagb-container uagb-block-65651a01\">\n<div class=\"wp-block-uagb-advanced-heading uagb-block-69c63a97\"><h2 class=\"uagb-heading-text\">P\u00e9 Regul\u00e1vel com <br>Parafuso<\/h2><div class=\"uagb-separator\"><\/div><\/div>\n\n\n\n<figure class=\"wp-block-table is-style-stripes has-medium-font-size\"><table><thead><tr><th class=\"has-text-align-left\" data-align=\"left\">DESCRI\u00c7\u00c3O<\/th><th class=\"has-text-align-center\" data-align=\"center\">QUANTIDADE<br>Inner\/Master<\/th><\/tr><\/thead><tbody><tr><td class=\"has-text-align-left\" data-align=\"left\">Preto<\/td><td class=\"has-text-align-center\" data-align=\"center\">4un\/350un<\/td><\/tr><\/tbody><\/table><\/figure>\n<\/div>\n\n\n\n<div class=\"wp-block-uagb-container uagb-block-59b52ba9\">\n<div style=\"height:100px\" aria-hidden=\"true\" class=\"wp-block-spacer\"><\/div>\n<\/div>\n\n\n\n<div class=\"wp-block-uagb-container uagb-block-b0038687\">\n<figure class=\"wp-block-image size-full\"><img data-recalc-dims=\"1\" loading=\"lazy\" decoding=\"async\" width=\"411\" height=\"298\" data-attachment-id=\"5525\" data-permalink=\"https:\/\/dmtcomponentes.com.br\/?attachment_id=5525\" data-orig-file=\"https:\/\/i0.wp.com\/dmtcomponentes.com.br\/wp-content\/uploads\/2023\/03\/PE-REGULAVEL.png?fit=411%2C298&amp;ssl=1\" data-orig-size=\"411,298\" data-comments-opened=\"1\" data-image-meta=\"{&quot;aperture&quot;:&quot;0&quot;,&quot;credit&quot;:&quot;&quot;,&quot;camera&quot;:&quot;&quot;,&quot;caption&quot;:&quot;&quot;,&quot;created_timestamp&quot;:&quot;0&quot;,&quot;copyright&quot;:&quot;&quot;,&quot;focal_length&quot;:&quot;0&quot;,&quot;iso&quot;:&quot;0&quot;,&quot;shutter_speed&quot;:&quot;0&quot;,&quot;title&quot;:&quot;&quot;,&quot;orientation&quot;:&quot;0&quot;}\" data-image-title=\"PE-REGULAVEL\" data-image-description=\"\" data-image-caption=\"\" data-large-file=\"https:\/\/i0.wp.com\/dmtcomponentes.com.br\/wp-content\/uploads\/2023\/03\/PE-REGULAVEL.png?fit=411%2C298&amp;ssl=1\" src=\"https:\/\/i0.wp.com\/dmtcomponentes.com.br\/wp-content\/uploads\/2023\/03\/PE-REGULAVEL.png?resize=411%2C298&#038;ssl=1\" alt=\"\" class=\"wp-image-5525\" srcset=\"https:\/\/i0.wp.com\/dmtcomponentes.com.br\/wp-content\/uploads\/2023\/03\/PE-REGULAVEL.png?w=411&amp;ssl=1 411w, https:\/\/i0.wp.com\/dmtcomponentes.com.br\/wp-content\/uploads\/2023\/03\/PE-REGULAVEL.png?resize=300%2C218&amp;ssl=1 300w\" sizes=\"auto, (max-width: 411px) 100vw, 411px\" \/><\/figure>\n<\/div>\n\n\n\n<div class=\"wp-block-uagb-container uagb-block-a037ece4\">\n<div class=\"wp-block-uagb-advanced-heading uagb-block-c54172f8\"><h2 class=\"uagb-heading-text\">P\u00e9 Regul\u00e1vel sem Parafuso<\/h2><div class=\"uagb-separator\"><\/div><\/div>\n\n\n\n<figure class=\"wp-block-table is-style-stripes has-medium-font-size\"><table><thead><tr><th class=\"has-text-align-left\" data-align=\"left\">DESCRI\u00c7\u00c3O<\/th><th class=\"has-text-align-center\" data-align=\"center\">QUANTIDADE<br>Inner\/Master<\/th><\/tr><\/thead><tbody><tr><td class=\"has-text-align-left\" data-align=\"left\">Preto<\/td><td class=\"has-text-align-center\" data-align=\"center\">4un\/250un<\/td><\/tr><tr><td class=\"has-text-align-left\" data-align=\"left\">Branco<\/td><td class=\"has-text-align-center\" data-align=\"center\">4un\/250un<\/td><\/tr><\/tbody><\/table><\/figure>\n<\/div>\n\n\n\n<div class=\"wp-block-uagb-container uagb-block-56c77f43\"><\/div>\n\n\n\n<div class=\"wp-block-uagb-container uagb-block-210edc66\"><\/div>\n\n\n\n<div class=\"wp-block-uagb-container uagb-block-b9632368\">\n<div style=\"height:100px\" aria-hidden=\"true\" class=\"wp-block-spacer\"><\/div>\n<\/div>\n\n\n\n<div class=\"wp-block-uagb-container uagb-block-2f5d17eb\"><\/div>\n\n\n\n<div class=\"wp-block-uagb-container uagb-block-2412acee\"><\/div>\n\n\n\n<div class=\"wp-block-uagb-container uagb-block-f1330670\"><\/div>\n\n\n\n<div class=\"wp-block-uagb-container uagb-block-3fee82fe\"><\/div>\n<\/div><\/div>\n\n\n\n<div style=\"height:300px\" aria-hidden=\"true\" class=\"wp-block-spacer\"><\/div>\n","protected":false},"excerpt":{"rendered":"<p>P\u00e9 De Alum\u00ednio DESCRI\u00c7\u00c3O QUANTIDADE 6cm REF. 510 4un 5cm REF. 513 4un 6cm REF. 515 4un 6cm REF. 517 4un 10cm REF. 519 2un 12cm REF. 521 2un P\u00e9 de Alum\u00ednio Quadrado DESCRI\u00c7\u00c3O QUANTIDADE 10cm Branco 4un 10cm Fosco 4un 10cm Polido 4un 15cm Branco 4un 15cm Fosco 4un 15cm Polido 4un 20cm Branco [&hellip;]<\/p>\n","protected":false},"author":231363518,"featured_media":0,"parent":0,"menu_order":0,"comment_status":"closed","ping_status":"closed","template":"","meta":{"_crdt_document":"","_uag_custom_page_level_css":"","site-sidebar-layout":"default","site-content-layout":"","ast-site-content-layout":"","site-content-style":"default","site-sidebar-style":"default","ast-global-header-display":"","ast-banner-title-visibility":"","ast-main-header-display":"","ast-hfb-above-header-display":"","ast-hfb-below-header-display":"","ast-hfb-mobile-header-display":"","site-post-title":"disabled","ast-breadcrumbs-content":"","ast-featured-img":"","footer-sml-layout":"","theme-transparent-header-meta":"","adv-header-id-meta":"","stick-header-meta":"","header-above-stick-meta":"","header-main-stick-meta":"","header-below-stick-meta":"","astra-migrate-meta-layouts":"default","ast-page-background-enabled":"default","ast-page-background-meta":{"desktop":{"background-color":"var(--ast-global-color-4)","background-image":"","background-repeat":"repeat","background-position":"center center","background-size":"auto","background-attachment":"scroll","background-type":"","background-media":"","overlay-type":"","overlay-color":"","overlay-opacity":"","overlay-gradient":""},"tablet":{"background-color":"","background-image":"","background-repeat":"repeat","background-position":"center center","background-size":"auto","background-attachment":"scroll","background-type":"","background-media":"","overlay-type":"","overlay-color":"","overlay-opacity":"","overlay-gradient":""},"mobile":{"background-color":"","background-image":"","background-repeat":"repeat","background-position":"center center","background-size":"auto","background-attachment":"scroll","background-type":"","background-media":"","overlay-type":"","overlay-color":"","overlay-opacity":"","overlay-gradient":""}},"ast-content-background-meta":{"desktop":{"background-color":"var(--ast-global-color-5)","background-image":"","background-repeat":"repeat","background-position":"center center","background-size":"auto","background-attachment":"scroll","background-type":"","background-media":"","overlay-type":"","overlay-color":"","overlay-opacity":"","overlay-gradient":""},"tablet":{"background-color":"var(--ast-global-color-5)","background-image":"","background-repeat":"repeat","background-position":"center center","background-size":"auto","background-attachment":"scroll","background-type":"","background-media":"","overlay-type":"","overlay-color":"","overlay-opacity":"","overlay-gradient":""},"mobile":{"background-color":"var(--ast-global-color-5)","background-image":"","background-repeat":"repeat","background-position":"center center","background-size":"auto","background-attachment":"scroll","background-type":"","background-media":"","overlay-type":"","overlay-color":"","overlay-opacity":"","overlay-gradient":""}},"advanced_seo_description":"","jetpack_seo_html_title":"","jetpack_seo_noindex":false,"jetpack_post_was_ever_published":false,"_joinchat":[],"footnotes":""},"class_list":["post-1755","page","type-page","status-publish","hentry"],"uagb_featured_image_src":{"full":false,"thumbnail":false,"medium":false,"medium_large":false,"large":false,"1536x1536":false,"2048x2048":false,"newspack-article-block-landscape-large":false,"newspack-article-block-portrait-large":false,"newspack-article-block-square-large":false,"newspack-article-block-landscape-medium":false,"newspack-article-block-portrait-medium":false,"newspack-article-block-square-medium":false,"newspack-article-block-landscape-intermediate":false,"newspack-article-block-portrait-intermediate":false,"newspack-article-block-square-intermediate":false,"newspack-article-block-landscape-small":false,"newspack-article-block-portrait-small":false,"newspack-article-block-square-small":false,"newspack-article-block-landscape-tiny":false,"newspack-article-block-portrait-tiny":false,"newspack-article-block-square-tiny":false,"newspack-article-block-uncropped":false},"uagb_author_info":{"display_name":"dmtcomponentes","author_link":"https:\/\/dmtcomponentes.com.br\/?author=231363518"},"uagb_comment_info":0,"uagb_excerpt":"P\u00e9 De Alum\u00ednio DESCRI\u00c7\u00c3O QUANTIDADE 6cm REF. 510 4un 5cm REF. 513 4un 6cm REF. 515 4un 6cm REF. 517 4un 10cm REF. 519 2un 12cm REF. 521 2un P\u00e9 de Alum\u00ednio Quadrado DESCRI\u00c7\u00c3O QUANTIDADE 10cm Branco 4un 10cm Fosco 4un 10cm Polido 4un 15cm Branco 4un 15cm Fosco 4un 15cm Polido 4un 20cm Branco&hellip;","jetpack_likes_enabled":true,"jetpack_sharing_enabled":true,"jetpack_shortlink":"https:\/\/wp.me\/Pezesh-sj","jetpack-related-posts":[{"id":1731,"url":"https:\/\/dmtcomponentes.com.br\/?page_id=1731","url_meta":{"origin":1755,"position":0},"title":"FERRAGENS PARA M\u00d3VEIS","author":"dmtcomponentes","date":"8 de mar\u00e7o de 2023","format":false,"excerpt":"Tampa Plana DESCRI\u00c7\u00c3OQUANTIDADECromada100un Bot\u00e3o Franc\u00eas DESCRI\u00c7\u00c3OQUANTIDADECromado100un Cabide Simples DESCRI\u00c7\u00c3OQUANTIDADECromado 100un Cabide Simples DESCRI\u00c7\u00c3OQUANTIDADECromado100un Cabide Grande DESCRI\u00c7\u00c3OQUANTIDADE Horizontal duplo10un Cabide Grande DESCRI\u00c7\u00c3OQUANTIDADEVertical Duplo10un Fecho Alavanca DESCRI\u00c7\u00c3OQUANTIDADEAlum\u00ednio1unBronze1un Fecho Gatilho DESCRI\u00c7\u00c3OQUANTIDADEAlum\u00ednio1unBronze1un Fecho Gangorra DESCRI\u00c7\u00c3OQUANTIDADENiquelado 75mm10un Fecho Rolete DESCRI\u00c7\u00c3OQUANTIDADENiquelado100unPreto100un Tucano DESCRI\u00c7\u00c3OQUANTIDADECromado Mini10unCromado Pequeno10unCromado Medio10unCromado Grande10unFosco Mini10unFosco Pequeno10unFosco Medio10unFosco Grande10un ACABAMENTOBrancoBicromatizado Suporte Invis\u00edvel DESCRI\u00c7\u00c3OQUANTIDADE10cm6un15cm6un20cm6un25cm6un30cm6un35cm6un40cm6un Acabamento\u2026","rel":"","context":"Post similar","block_context":{"text":"Post similar","link":""},"img":{"alt_text":"","src":"https:\/\/i0.wp.com\/dmtcomponentes.com.br\/wp-content\/uploads\/2023\/03\/GANCHO-FURADINHO.png?resize=350%2C200&ssl=1","width":350,"height":200},"classes":[]}],"_links":{"self":[{"href":"https:\/\/dmtcomponentes.com.br\/index.php?rest_route=\/wp\/v2\/pages\/1755","targetHints":{"allow":["GET"]}}],"collection":[{"href":"https:\/\/dmtcomponentes.com.br\/index.php?rest_route=\/wp\/v2\/pages"}],"about":[{"href":"https:\/\/dmtcomponentes.com.br\/index.php?rest_route=\/wp\/v2\/types\/page"}],"author":[{"embeddable":true,"href":"https:\/\/dmtcomponentes.com.br\/index.php?rest_route=\/wp\/v2\/users\/231363518"}],"replies":[{"embeddable":true,"href":"https:\/\/dmtcomponentes.com.br\/index.php?rest_route=%2Fwp%2Fv2%2Fcomments&post=1755"}],"version-history":[{"count":26,"href":"https:\/\/dmtcomponentes.com.br\/index.php?rest_route=\/wp\/v2\/pages\/1755\/revisions"}],"predecessor-version":[{"id":6753,"href":"https:\/\/dmtcomponentes.com.br\/index.php?rest_route=\/wp\/v2\/pages\/1755\/revisions\/6753"}],"wp:attachment":[{"href":"https:\/\/dmtcomponentes.com.br\/index.php?rest_route=%2Fwp%2Fv2%2Fmedia&parent=1755"}],"curies":[{"name":"wp","href":"https:\/\/api.w.org\/{rel}","templated":true}]}}