{"id":1749,"date":"2023-03-08T14:00:56","date_gmt":"2023-03-08T17:00:56","guid":{"rendered":"https:\/\/dmtcomponentes.com.br\/?page_id=1749"},"modified":"2023-03-29T14:52:44","modified_gmt":"2023-03-29T17:52:44","slug":"niveladores","status":"publish","type":"page","link":"https:\/\/dmtcomponentes.com.br\/?page_id=1749","title":{"rendered":"NIVELADORES"},"content":{"rendered":"\n<div class=\"wp-block-uagb-container uagb-block-cdf9ad5c alignfull uagb-is-root-container\"><div class=\"uagb-container-inner-blocks-wrap\">\n<figure class=\"wp-block-image size-large\"><img data-recalc-dims=\"1\" decoding=\"async\" src=\"https:\/\/i0.wp.com\/dmtcomponentes.com.br\/wp-content\/uploads\/2023\/03\/niveladores.png?ssl=1\" alt=\"\"\/><\/figure>\n<\/div><\/div>\n\n\n\n<div style=\"height:100px\" aria-hidden=\"true\" class=\"wp-block-spacer\"><\/div>\n\n\n\n<div class=\"wp-block-uagb-container uagb-block-6d08956b alignfull uagb-is-root-container\"><div class=\"uagb-container-inner-blocks-wrap\">\n<div class=\"wp-block-uagb-container uagb-block-73c38202\">\n<figure class=\"wp-block-image size-full\"><img data-recalc-dims=\"1\" loading=\"lazy\" decoding=\"async\" width=\"276\" height=\"217\" data-attachment-id=\"5450\" data-permalink=\"https:\/\/dmtcomponentes.com.br\/?attachment_id=5450\" data-orig-file=\"https:\/\/i0.wp.com\/dmtcomponentes.com.br\/wp-content\/uploads\/2023\/03\/bucha.png?fit=276%2C217&amp;ssl=1\" data-orig-size=\"276,217\" data-comments-opened=\"1\" data-image-meta=\"{&quot;aperture&quot;:&quot;0&quot;,&quot;credit&quot;:&quot;&quot;,&quot;camera&quot;:&quot;&quot;,&quot;caption&quot;:&quot;&quot;,&quot;created_timestamp&quot;:&quot;0&quot;,&quot;copyright&quot;:&quot;&quot;,&quot;focal_length&quot;:&quot;0&quot;,&quot;iso&quot;:&quot;0&quot;,&quot;shutter_speed&quot;:&quot;0&quot;,&quot;title&quot;:&quot;&quot;,&quot;orientation&quot;:&quot;0&quot;}\" data-image-title=\"bucha\" data-image-description=\"\" data-image-caption=\"\" data-large-file=\"https:\/\/i0.wp.com\/dmtcomponentes.com.br\/wp-content\/uploads\/2023\/03\/bucha.png?fit=276%2C217&amp;ssl=1\" src=\"https:\/\/i0.wp.com\/dmtcomponentes.com.br\/wp-content\/uploads\/2023\/03\/bucha.png?resize=276%2C217&#038;ssl=1\" alt=\"\" class=\"wp-image-5450\"\/><\/figure>\n<\/div>\n\n\n\n<div class=\"wp-block-uagb-container uagb-block-99326902\">\n<div class=\"wp-block-uagb-advanced-heading uagb-block-d59a0bca\"><h2 class=\"uagb-heading-text\">Bucha Com Rosca <br>de Metal<\/h2><div class=\"uagb-separator\"><\/div><\/div>\n\n\n\n<figure class=\"wp-block-table is-style-stripes has-medium-font-size\"><table><thead><tr><th class=\"has-text-align-left\" data-align=\"left\">DESCRI\u00c7\u00c3O<\/th><th class=\"has-text-align-center\" data-align=\"center\">QUANTIDADE<\/th><\/tr><\/thead><tbody><tr><td class=\"has-text-align-left\" data-align=\"left\">1\/4<\/td><td class=\"has-text-align-center\" data-align=\"center\">100un<\/td><\/tr><tr><td class=\"has-text-align-left\" data-align=\"left\">5\/16<\/td><td class=\"has-text-align-center\" data-align=\"center\">100un<\/td><\/tr><tr><td class=\"has-text-align-left\" data-align=\"left\">3\/8<\/td><td class=\"has-text-align-center\" data-align=\"center\">100un<\/td><\/tr><\/tbody><\/table><\/figure>\n<\/div>\n\n\n\n<div class=\"wp-block-uagb-container uagb-block-5e458f3c\">\n<div style=\"height:100px\" aria-hidden=\"true\" class=\"wp-block-spacer\"><\/div>\n<\/div>\n\n\n\n<div class=\"wp-block-uagb-container uagb-block-b27dc1fc\">\n<figure class=\"wp-block-image size-full\"><img data-recalc-dims=\"1\" loading=\"lazy\" decoding=\"async\" width=\"320\" height=\"275\" data-attachment-id=\"5451\" data-permalink=\"https:\/\/dmtcomponentes.com.br\/?attachment_id=5451\" data-orig-file=\"https:\/\/i0.wp.com\/dmtcomponentes.com.br\/wp-content\/uploads\/2023\/03\/NIVELADOR.png?fit=320%2C275&amp;ssl=1\" data-orig-size=\"320,275\" data-comments-opened=\"1\" data-image-meta=\"{&quot;aperture&quot;:&quot;0&quot;,&quot;credit&quot;:&quot;&quot;,&quot;camera&quot;:&quot;&quot;,&quot;caption&quot;:&quot;&quot;,&quot;created_timestamp&quot;:&quot;0&quot;,&quot;copyright&quot;:&quot;&quot;,&quot;focal_length&quot;:&quot;0&quot;,&quot;iso&quot;:&quot;0&quot;,&quot;shutter_speed&quot;:&quot;0&quot;,&quot;title&quot;:&quot;&quot;,&quot;orientation&quot;:&quot;0&quot;}\" data-image-title=\"NIVELADOR\" data-image-description=\"\" data-image-caption=\"\" data-large-file=\"https:\/\/i0.wp.com\/dmtcomponentes.com.br\/wp-content\/uploads\/2023\/03\/NIVELADOR.png?fit=320%2C275&amp;ssl=1\" src=\"https:\/\/i0.wp.com\/dmtcomponentes.com.br\/wp-content\/uploads\/2023\/03\/NIVELADOR.png?resize=320%2C275&#038;ssl=1\" alt=\"\" class=\"wp-image-5451\" srcset=\"https:\/\/i0.wp.com\/dmtcomponentes.com.br\/wp-content\/uploads\/2023\/03\/NIVELADOR.png?w=320&amp;ssl=1 320w, https:\/\/i0.wp.com\/dmtcomponentes.com.br\/wp-content\/uploads\/2023\/03\/NIVELADOR.png?resize=300%2C258&amp;ssl=1 300w\" sizes=\"auto, (max-width: 320px) 100vw, 320px\" \/><\/figure>\n<\/div>\n\n\n\n<div class=\"wp-block-uagb-container uagb-block-8ab8a6d9\">\n<div class=\"wp-block-uagb-advanced-heading uagb-block-8c5c313b\"><h2 class=\"uagb-heading-text\">Nivelador Base Metal<\/h2><div class=\"uagb-separator\"><\/div><\/div>\n\n\n\n<figure class=\"wp-block-table is-style-stripes has-medium-font-size\"><table><thead><tr><th class=\"has-text-align-left\" data-align=\"left\">DESCRI\u00c7\u00c3O<\/th><th class=\"has-text-align-center\" data-align=\"center\">QUANTIDADE<\/th><\/tr><\/thead><tbody><tr><td class=\"has-text-align-left\" data-align=\"left\">1\/4X1 Base 22mm<\/td><td class=\"has-text-align-center\" data-align=\"center\">100un<\/td><\/tr><tr><td class=\"has-text-align-left\" data-align=\"left\">5\/16X1 Base 35mm<\/td><td class=\"has-text-align-center\" data-align=\"center\">100un<\/td><\/tr><tr><td class=\"has-text-align-left\" data-align=\"left\">3\/8X1 Base 35mm<\/td><td class=\"has-text-align-center\" data-align=\"center\">100un<\/td><\/tr><\/tbody><\/table><\/figure>\n<\/div>\n\n\n\n<div class=\"wp-block-uagb-container uagb-block-7e98cd6f\">\n<figure class=\"wp-block-image size-full\"><img data-recalc-dims=\"1\" loading=\"lazy\" decoding=\"async\" width=\"337\" height=\"225\" data-attachment-id=\"5452\" data-permalink=\"https:\/\/dmtcomponentes.com.br\/?attachment_id=5452\" data-orig-file=\"https:\/\/i0.wp.com\/dmtcomponentes.com.br\/wp-content\/uploads\/2023\/03\/CONJUGADO.png?fit=337%2C225&amp;ssl=1\" data-orig-size=\"337,225\" data-comments-opened=\"1\" data-image-meta=\"{&quot;aperture&quot;:&quot;0&quot;,&quot;credit&quot;:&quot;&quot;,&quot;camera&quot;:&quot;&quot;,&quot;caption&quot;:&quot;&quot;,&quot;created_timestamp&quot;:&quot;0&quot;,&quot;copyright&quot;:&quot;&quot;,&quot;focal_length&quot;:&quot;0&quot;,&quot;iso&quot;:&quot;0&quot;,&quot;shutter_speed&quot;:&quot;0&quot;,&quot;title&quot;:&quot;&quot;,&quot;orientation&quot;:&quot;0&quot;}\" data-image-title=\"CONJUGADO\" data-image-description=\"\" data-image-caption=\"\" data-large-file=\"https:\/\/i0.wp.com\/dmtcomponentes.com.br\/wp-content\/uploads\/2023\/03\/CONJUGADO.png?fit=337%2C225&amp;ssl=1\" src=\"https:\/\/i0.wp.com\/dmtcomponentes.com.br\/wp-content\/uploads\/2023\/03\/CONJUGADO.png?resize=337%2C225&#038;ssl=1\" alt=\"\" class=\"wp-image-5452\" srcset=\"https:\/\/i0.wp.com\/dmtcomponentes.com.br\/wp-content\/uploads\/2023\/03\/CONJUGADO.png?w=337&amp;ssl=1 337w, https:\/\/i0.wp.com\/dmtcomponentes.com.br\/wp-content\/uploads\/2023\/03\/CONJUGADO.png?resize=300%2C200&amp;ssl=1 300w\" sizes=\"auto, (max-width: 337px) 100vw, 337px\" \/><\/figure>\n<\/div>\n\n\n\n<div class=\"wp-block-uagb-container uagb-block-e704519a\">\n<div class=\"wp-block-uagb-advanced-heading uagb-block-b09ba3b4\"><h2 class=\"uagb-heading-text\">Nivelador Conjugado<\/h2><div class=\"uagb-separator\"><\/div><\/div>\n\n\n\n<figure class=\"wp-block-table is-style-stripes has-medium-font-size\"><table><thead><tr><th class=\"has-text-align-left\" data-align=\"left\">DESCRI\u00c7\u00c3O<\/th><th class=\"has-text-align-center\" data-align=\"center\">QUANTIDADE<\/th><\/tr><\/thead><tbody><tr><td class=\"has-text-align-left\" data-align=\"left\">2\u201d Preto<\/td><td class=\"has-text-align-center\" data-align=\"center\">1un<\/td><\/tr><tr><td class=\"has-text-align-left\" data-align=\"left\">2.1\/2\u201d Preto<\/td><td class=\"has-text-align-center\" data-align=\"center\">1un<\/td><\/tr><tr><td class=\"has-text-align-left\" data-align=\"left\">3\u201d Preto<\/td><td class=\"has-text-align-center\" data-align=\"center\">1un<\/td><\/tr><\/tbody><\/table><\/figure>\n<\/div>\n\n\n\n<div class=\"wp-block-uagb-container uagb-block-eef85042\">\n<div style=\"height:100px\" aria-hidden=\"true\" class=\"wp-block-spacer\"><\/div>\n<\/div>\n\n\n\n<div class=\"wp-block-uagb-container uagb-block-d6f1ae6d\">\n<figure class=\"wp-block-image size-full\"><img data-recalc-dims=\"1\" loading=\"lazy\" decoding=\"async\" width=\"261\" height=\"151\" data-attachment-id=\"5454\" data-permalink=\"https:\/\/dmtcomponentes.com.br\/?attachment_id=5454\" data-orig-file=\"https:\/\/i0.wp.com\/dmtcomponentes.com.br\/wp-content\/uploads\/2023\/03\/SAPATA.jpg?fit=261%2C151&amp;ssl=1\" data-orig-size=\"261,151\" data-comments-opened=\"1\" data-image-meta=\"{&quot;aperture&quot;:&quot;0&quot;,&quot;credit&quot;:&quot;&quot;,&quot;camera&quot;:&quot;&quot;,&quot;caption&quot;:&quot;&quot;,&quot;created_timestamp&quot;:&quot;0&quot;,&quot;copyright&quot;:&quot;&quot;,&quot;focal_length&quot;:&quot;0&quot;,&quot;iso&quot;:&quot;0&quot;,&quot;shutter_speed&quot;:&quot;0&quot;,&quot;title&quot;:&quot;&quot;,&quot;orientation&quot;:&quot;0&quot;}\" data-image-title=\"SAPATA\" data-image-description=\"\" data-image-caption=\"\" data-large-file=\"https:\/\/i0.wp.com\/dmtcomponentes.com.br\/wp-content\/uploads\/2023\/03\/SAPATA.jpg?fit=261%2C151&amp;ssl=1\" src=\"https:\/\/i0.wp.com\/dmtcomponentes.com.br\/wp-content\/uploads\/2023\/03\/SAPATA.jpg?resize=261%2C151&#038;ssl=1\" alt=\"\" class=\"wp-image-5454\"\/><\/figure>\n<\/div>\n\n\n\n<div class=\"wp-block-uagb-container uagb-block-f65341c0\">\n<div class=\"wp-block-uagb-advanced-heading uagb-block-c3e03753\"><h2 class=\"uagb-heading-text\">Sapata U Chapa Rosca de 1\/4 de Ferro<\/h2><div class=\"uagb-separator\"><\/div><\/div>\n\n\n\n<figure class=\"wp-block-table is-style-stripes has-medium-font-size\"><table><thead><tr><th class=\"has-text-align-left\" data-align=\"left\">DESCRI\u00c7\u00c3O<\/th><th class=\"has-text-align-center\" data-align=\"center\">QUANTIDADE<\/th><\/tr><\/thead><tbody><tr><td class=\"has-text-align-left\" data-align=\"left\">15mm Branca<\/td><td class=\"has-text-align-center\" data-align=\"center\">100un<\/td><\/tr><tr><td class=\"has-text-align-left\" data-align=\"left\">15mm Preta<\/td><td class=\"has-text-align-center\" data-align=\"center\">100un<\/td><\/tr><tr><td class=\"has-text-align-left\" data-align=\"left\">15mm Zincada<\/td><td class=\"has-text-align-center\" data-align=\"center\">100un<\/td><\/tr><tr><td class=\"has-text-align-left\" data-align=\"left\">18mm Branca<\/td><td class=\"has-text-align-center\" data-align=\"center\">100un<\/td><\/tr><tr><td class=\"has-text-align-left\" data-align=\"left\">18mm Preta<\/td><td class=\"has-text-align-center\" data-align=\"center\">100un<\/td><\/tr><tr><td class=\"has-text-align-left\" data-align=\"left\">18mm Zincada<\/td><td class=\"has-text-align-center\" data-align=\"center\">100un<\/td><\/tr><\/tbody><\/table><\/figure>\n<\/div>\n\n\n\n<div class=\"wp-block-uagb-container uagb-block-aeddd229\">\n<figure class=\"wp-block-image size-full\"><img data-recalc-dims=\"1\" loading=\"lazy\" decoding=\"async\" width=\"226\" height=\"254\" data-attachment-id=\"5455\" data-permalink=\"https:\/\/dmtcomponentes.com.br\/?attachment_id=5455\" data-orig-file=\"https:\/\/i0.wp.com\/dmtcomponentes.com.br\/wp-content\/uploads\/2023\/03\/PLASTICA.png?fit=226%2C254&amp;ssl=1\" data-orig-size=\"226,254\" data-comments-opened=\"1\" data-image-meta=\"{&quot;aperture&quot;:&quot;0&quot;,&quot;credit&quot;:&quot;&quot;,&quot;camera&quot;:&quot;&quot;,&quot;caption&quot;:&quot;&quot;,&quot;created_timestamp&quot;:&quot;0&quot;,&quot;copyright&quot;:&quot;&quot;,&quot;focal_length&quot;:&quot;0&quot;,&quot;iso&quot;:&quot;0&quot;,&quot;shutter_speed&quot;:&quot;0&quot;,&quot;title&quot;:&quot;&quot;,&quot;orientation&quot;:&quot;0&quot;}\" data-image-title=\"PLASTICA\" data-image-description=\"\" data-image-caption=\"\" data-large-file=\"https:\/\/i0.wp.com\/dmtcomponentes.com.br\/wp-content\/uploads\/2023\/03\/PLASTICA.png?fit=226%2C254&amp;ssl=1\" src=\"https:\/\/i0.wp.com\/dmtcomponentes.com.br\/wp-content\/uploads\/2023\/03\/PLASTICA.png?resize=226%2C254&#038;ssl=1\" alt=\"\" class=\"wp-image-5455\"\/><\/figure>\n<\/div>\n\n\n\n<div class=\"wp-block-uagb-container uagb-block-88e51860\">\n<div class=\"wp-block-uagb-advanced-heading uagb-block-453ea9c2\"><h2 class=\"uagb-heading-text\">Sapata U Pl\u00e1stica<\/h2><div class=\"uagb-separator\"><\/div><\/div>\n\n\n\n<figure class=\"wp-block-table is-style-stripes has-medium-font-size\"><table><thead><tr><th class=\"has-text-align-left\" data-align=\"left\">DESCRI\u00c7\u00c3O<\/th><th class=\"has-text-align-center\" data-align=\"center\">QUANTIDADE<\/th><\/tr><\/thead><tbody><tr><td class=\"has-text-align-left\" data-align=\"left\">15x15mm Branca<\/td><td class=\"has-text-align-center\" data-align=\"center\">100un<\/td><\/tr><tr><td class=\"has-text-align-left\" data-align=\"left\">15x15mm Marrom<\/td><td class=\"has-text-align-center\" data-align=\"center\">100un<\/td><\/tr><tr><td class=\"has-text-align-left\" data-align=\"left\">15x15mm Preta<\/td><td class=\"has-text-align-center\" data-align=\"center\">100un<\/td><\/tr><tr><td class=\"has-text-align-left\" data-align=\"left\">15x38mm Branca<\/td><td class=\"has-text-align-center\" data-align=\"center\">100un<\/td><\/tr><tr><td class=\"has-text-align-left\" data-align=\"left\">15x38mm Marrom<\/td><td class=\"has-text-align-center\" data-align=\"center\">100un<\/td><\/tr><tr><td class=\"has-text-align-left\" data-align=\"left\">15x38mm Preta<\/td><td class=\"has-text-align-center\" data-align=\"center\">100un<\/td><\/tr><tr><td class=\"has-text-align-left\" data-align=\"left\">18x30mm Branca<\/td><td class=\"has-text-align-center\" data-align=\"center\">100un<\/td><\/tr><tr><td class=\"has-text-align-left\" data-align=\"left\">18x30mm Marrom<\/td><td class=\"has-text-align-center\" data-align=\"center\">100un<\/td><\/tr><tr><td class=\"has-text-align-left\" data-align=\"left\">18x30mm Preta<\/td><td class=\"has-text-align-center\" data-align=\"center\">100un<\/td><\/tr><\/tbody><\/table><\/figure>\n<\/div>\n\n\n\n<div class=\"wp-block-uagb-container uagb-block-14932047\">\n<div style=\"height:100px\" aria-hidden=\"true\" class=\"wp-block-spacer\"><\/div>\n<\/div>\n\n\n\n<div class=\"wp-block-uagb-container uagb-block-f12e0a6e\">\n<figure class=\"wp-block-image size-full\"><img data-recalc-dims=\"1\" loading=\"lazy\" decoding=\"async\" width=\"221\" height=\"145\" data-attachment-id=\"5456\" data-permalink=\"https:\/\/dmtcomponentes.com.br\/?attachment_id=5456\" data-orig-file=\"https:\/\/i0.wp.com\/dmtcomponentes.com.br\/wp-content\/uploads\/2023\/03\/CHAPA-RETA.png?fit=221%2C145&amp;ssl=1\" data-orig-size=\"221,145\" data-comments-opened=\"1\" data-image-meta=\"{&quot;aperture&quot;:&quot;0&quot;,&quot;credit&quot;:&quot;&quot;,&quot;camera&quot;:&quot;&quot;,&quot;caption&quot;:&quot;&quot;,&quot;created_timestamp&quot;:&quot;0&quot;,&quot;copyright&quot;:&quot;&quot;,&quot;focal_length&quot;:&quot;0&quot;,&quot;iso&quot;:&quot;0&quot;,&quot;shutter_speed&quot;:&quot;0&quot;,&quot;title&quot;:&quot;&quot;,&quot;orientation&quot;:&quot;0&quot;}\" data-image-title=\"CHAPA-RETA\" data-image-description=\"\" data-image-caption=\"\" data-large-file=\"https:\/\/i0.wp.com\/dmtcomponentes.com.br\/wp-content\/uploads\/2023\/03\/CHAPA-RETA.png?fit=221%2C145&amp;ssl=1\" src=\"https:\/\/i0.wp.com\/dmtcomponentes.com.br\/wp-content\/uploads\/2023\/03\/CHAPA-RETA.png?resize=221%2C145&#038;ssl=1\" alt=\"\" class=\"wp-image-5456\"\/><\/figure>\n<\/div>\n\n\n\n<div class=\"wp-block-uagb-container uagb-block-7f93fe35\">\n<div class=\"wp-block-uagb-advanced-heading uagb-block-4e2bb149\"><h2 class=\"uagb-heading-text\">Chapa Reta Para <br>Nivelador<\/h2><div class=\"uagb-separator\"><\/div><\/div>\n\n\n\n<figure class=\"wp-block-table is-style-stripes has-medium-font-size\"><table><thead><tr><th class=\"has-text-align-left\" data-align=\"left\">DESCRI\u00c7\u00c3O<\/th><th class=\"has-text-align-center\" data-align=\"center\">QUANTIDADE<\/th><\/tr><\/thead><tbody><tr><td class=\"has-text-align-left\" data-align=\"left\">1\/4 (30&#215;45)<\/td><td class=\"has-text-align-center\" data-align=\"center\">100un<\/td><\/tr><tr><td class=\"has-text-align-left\" data-align=\"left\">5\/16 (30&#215;45)<\/td><td class=\"has-text-align-center\" data-align=\"center\">100un<\/td><\/tr><tr><td class=\"has-text-align-left\" data-align=\"left\">3\/8 (30&#215;45)<\/td><td class=\"has-text-align-center\" data-align=\"center\">100un<\/td><\/tr><\/tbody><\/table><\/figure>\n<\/div>\n\n\n\n<div class=\"wp-block-uagb-container uagb-block-1542962e\">\n<figure class=\"wp-block-image size-full\"><img data-recalc-dims=\"1\" loading=\"lazy\" decoding=\"async\" width=\"189\" height=\"186\" data-attachment-id=\"5457\" data-permalink=\"https:\/\/dmtcomponentes.com.br\/?attachment_id=5457\" data-orig-file=\"https:\/\/i0.wp.com\/dmtcomponentes.com.br\/wp-content\/uploads\/2023\/03\/SAPATA-PREGO.jpg?fit=189%2C186&amp;ssl=1\" data-orig-size=\"189,186\" data-comments-opened=\"1\" data-image-meta=\"{&quot;aperture&quot;:&quot;0&quot;,&quot;credit&quot;:&quot;&quot;,&quot;camera&quot;:&quot;&quot;,&quot;caption&quot;:&quot;&quot;,&quot;created_timestamp&quot;:&quot;0&quot;,&quot;copyright&quot;:&quot;&quot;,&quot;focal_length&quot;:&quot;0&quot;,&quot;iso&quot;:&quot;0&quot;,&quot;shutter_speed&quot;:&quot;0&quot;,&quot;title&quot;:&quot;&quot;,&quot;orientation&quot;:&quot;0&quot;}\" data-image-title=\"SAPATA-PREGO\" data-image-description=\"\" data-image-caption=\"\" data-large-file=\"https:\/\/i0.wp.com\/dmtcomponentes.com.br\/wp-content\/uploads\/2023\/03\/SAPATA-PREGO.jpg?fit=189%2C186&amp;ssl=1\" src=\"https:\/\/i0.wp.com\/dmtcomponentes.com.br\/wp-content\/uploads\/2023\/03\/SAPATA-PREGO.jpg?resize=189%2C186&#038;ssl=1\" alt=\"\" class=\"wp-image-5457\"\/><\/figure>\n<\/div>\n\n\n\n<div class=\"wp-block-uagb-container uagb-block-433242f4\">\n<div class=\"wp-block-uagb-advanced-heading uagb-block-56ee8b49\"><h2 class=\"uagb-heading-text\">Sapata Prego<\/h2><div class=\"uagb-separator\"><\/div><\/div>\n\n\n\n<figure class=\"wp-block-table is-style-stripes has-medium-font-size\"><table><thead><tr><th class=\"has-text-align-center\" data-align=\"center\">QUANTIDADE<\/th><\/tr><\/thead><tbody><tr><td class=\"has-text-align-center\" data-align=\"center\">100un<\/td><\/tr><\/tbody><\/table><\/figure>\n<\/div>\n<\/div><\/div>\n\n\n\n<div style=\"height:300px\" aria-hidden=\"true\" class=\"wp-block-spacer\"><\/div>\n","protected":false},"excerpt":{"rendered":"<p>Bucha Com Rosca de Metal DESCRI\u00c7\u00c3O QUANTIDADE 1\/4 100un 5\/16 100un 3\/8 100un Nivelador Base Metal DESCRI\u00c7\u00c3O QUANTIDADE 1\/4X1 Base 22mm 100un 5\/16X1 Base 35mm 100un 3\/8X1 Base 35mm 100un Nivelador Conjugado DESCRI\u00c7\u00c3O QUANTIDADE 2\u201d Preto 1un 2.1\/2\u201d Preto 1un 3\u201d Preto 1un Sapata U Chapa Rosca de 1\/4 de Ferro DESCRI\u00c7\u00c3O QUANTIDADE 15mm Branca [&hellip;]<\/p>\n","protected":false},"author":231363518,"featured_media":0,"parent":0,"menu_order":0,"comment_status":"closed","ping_status":"closed","template":"","meta":{"_crdt_document":"","_uag_custom_page_level_css":"","site-sidebar-layout":"default","site-content-layout":"","ast-site-content-layout":"","site-content-style":"default","site-sidebar-style":"default","ast-global-header-display":"","ast-banner-title-visibility":"","ast-main-header-display":"","ast-hfb-above-header-display":"","ast-hfb-below-header-display":"","ast-hfb-mobile-header-display":"","site-post-title":"disabled","ast-breadcrumbs-content":"","ast-featured-img":"","footer-sml-layout":"","theme-transparent-header-meta":"","adv-header-id-meta":"","stick-header-meta":"","header-above-stick-meta":"","header-main-stick-meta":"","header-below-stick-meta":"","astra-migrate-meta-layouts":"default","ast-page-background-enabled":"default","ast-page-background-meta":{"desktop":{"background-color":"var(--ast-global-color-4)","background-image":"","background-repeat":"repeat","background-position":"center center","background-size":"auto","background-attachment":"scroll","background-type":"","background-media":"","overlay-type":"","overlay-color":"","overlay-opacity":"","overlay-gradient":""},"tablet":{"background-color":"","background-image":"","background-repeat":"repeat","background-position":"center center","background-size":"auto","background-attachment":"scroll","background-type":"","background-media":"","overlay-type":"","overlay-color":"","overlay-opacity":"","overlay-gradient":""},"mobile":{"background-color":"","background-image":"","background-repeat":"repeat","background-position":"center center","background-size":"auto","background-attachment":"scroll","background-type":"","background-media":"","overlay-type":"","overlay-color":"","overlay-opacity":"","overlay-gradient":""}},"ast-content-background-meta":{"desktop":{"background-color":"var(--ast-global-color-5)","background-image":"","background-repeat":"repeat","background-position":"center center","background-size":"auto","background-attachment":"scroll","background-type":"","background-media":"","overlay-type":"","overlay-color":"","overlay-opacity":"","overlay-gradient":""},"tablet":{"background-color":"var(--ast-global-color-5)","background-image":"","background-repeat":"repeat","background-position":"center center","background-size":"auto","background-attachment":"scroll","background-type":"","background-media":"","overlay-type":"","overlay-color":"","overlay-opacity":"","overlay-gradient":""},"mobile":{"background-color":"var(--ast-global-color-5)","background-image":"","background-repeat":"repeat","background-position":"center center","background-size":"auto","background-attachment":"scroll","background-type":"","background-media":"","overlay-type":"","overlay-color":"","overlay-opacity":"","overlay-gradient":""}},"advanced_seo_description":"","jetpack_seo_html_title":"","jetpack_seo_noindex":false,"jetpack_post_was_ever_published":false,"_joinchat":[],"footnotes":""},"class_list":["post-1749","page","type-page","status-publish","hentry"],"uagb_featured_image_src":{"full":false,"thumbnail":false,"medium":false,"medium_large":false,"large":false,"1536x1536":false,"2048x2048":false,"newspack-article-block-landscape-large":false,"newspack-article-block-portrait-large":false,"newspack-article-block-square-large":false,"newspack-article-block-landscape-medium":false,"newspack-article-block-portrait-medium":false,"newspack-article-block-square-medium":false,"newspack-article-block-landscape-intermediate":false,"newspack-article-block-portrait-intermediate":false,"newspack-article-block-square-intermediate":false,"newspack-article-block-landscape-small":false,"newspack-article-block-portrait-small":false,"newspack-article-block-square-small":false,"newspack-article-block-landscape-tiny":false,"newspack-article-block-portrait-tiny":false,"newspack-article-block-square-tiny":false,"newspack-article-block-uncropped":false},"uagb_author_info":{"display_name":"dmtcomponentes","author_link":"https:\/\/dmtcomponentes.com.br\/?author=231363518"},"uagb_comment_info":0,"uagb_excerpt":"Bucha Com Rosca de Metal DESCRI\u00c7\u00c3O QUANTIDADE 1\/4 100un 5\/16 100un 3\/8 100un Nivelador Base Metal DESCRI\u00c7\u00c3O QUANTIDADE 1\/4X1 Base 22mm 100un 5\/16X1 Base 35mm 100un 3\/8X1 Base 35mm 100un Nivelador Conjugado DESCRI\u00c7\u00c3O QUANTIDADE 2\u201d Preto 1un 2.1\/2\u201d Preto 1un 3\u201d Preto 1un Sapata U Chapa Rosca de 1\/4 de Ferro DESCRI\u00c7\u00c3O QUANTIDADE 15mm Branca&hellip;","jetpack_likes_enabled":true,"jetpack_sharing_enabled":true,"jetpack_shortlink":"https:\/\/wp.me\/Pezesh-sd","jetpack-related-posts":[{"id":1734,"url":"https:\/\/dmtcomponentes.com.br\/?page_id=1734","url_meta":{"origin":1749,"position":0},"title":"FERRAMENTAS","author":"dmtcomponentes","date":"8 de mar\u00e7o de 2023","format":false,"excerpt":"Abra\u00e7adeira Nylon DESCRI\u00c7\u00c3OQUANTIDADE2,5x150mm \u2013 Branca100un2,5x150mm \u2013 Preta100un2,5x200mm \u2013 Branca100un2,5x200mm \u2013 Preta100un3,6x150mm \u2013 Branca100un3,6x200mm \u2013 Branca100un3,6x200mm \u2013 Preta100un4,8x200mm \u2013 Branca100un4,8x200mm \u2013 Preta100un4,8x300mm \u2013 Branca100un4,8x300mm \u2013 Preta100un7,6x400mm \u2013 Branca50un7,6x400mm \u2013 Preta50un Broca A\u00e7o R\u00e1pido Alicates DESCRI\u00c7\u00c3OQUANTIDADEAlicate A\u00e7o Carbono 8\"Alicate Cromo Vanadium 6\"Alicate de Bico 6\"Alicate de Corte 6\"Alicate Bomba d'agua 10\"Alicate de\u2026","rel":"","context":"Post similar","block_context":{"text":"Post similar","link":""},"img":{"alt_text":"","src":"https:\/\/i0.wp.com\/dmtcomponentes.com.br\/wp-content\/uploads\/2023\/03\/ferramentas.png?resize=350%2C200&ssl=1","width":350,"height":200,"srcset":"https:\/\/i0.wp.com\/dmtcomponentes.com.br\/wp-content\/uploads\/2023\/03\/ferramentas.png?resize=350%2C200&ssl=1 1x, https:\/\/i0.wp.com\/dmtcomponentes.com.br\/wp-content\/uploads\/2023\/03\/ferramentas.png?resize=525%2C300&ssl=1 1.5x, https:\/\/i0.wp.com\/dmtcomponentes.com.br\/wp-content\/uploads\/2023\/03\/ferramentas.png?resize=700%2C400&ssl=1 2x, https:\/\/i0.wp.com\/dmtcomponentes.com.br\/wp-content\/uploads\/2023\/03\/ferramentas.png?resize=1050%2C600&ssl=1 3x, https:\/\/i0.wp.com\/dmtcomponentes.com.br\/wp-content\/uploads\/2023\/03\/ferramentas.png?resize=1400%2C800&ssl=1 4x"},"classes":[]}],"_links":{"self":[{"href":"https:\/\/dmtcomponentes.com.br\/index.php?rest_route=\/wp\/v2\/pages\/1749","targetHints":{"allow":["GET"]}}],"collection":[{"href":"https:\/\/dmtcomponentes.com.br\/index.php?rest_route=\/wp\/v2\/pages"}],"about":[{"href":"https:\/\/dmtcomponentes.com.br\/index.php?rest_route=\/wp\/v2\/types\/page"}],"author":[{"embeddable":true,"href":"https:\/\/dmtcomponentes.com.br\/index.php?rest_route=\/wp\/v2\/users\/231363518"}],"replies":[{"embeddable":true,"href":"https:\/\/dmtcomponentes.com.br\/index.php?rest_route=%2Fwp%2Fv2%2Fcomments&post=1749"}],"version-history":[{"count":21,"href":"https:\/\/dmtcomponentes.com.br\/index.php?rest_route=\/wp\/v2\/pages\/1749\/revisions"}],"predecessor-version":[{"id":6758,"href":"https:\/\/dmtcomponentes.com.br\/index.php?rest_route=\/wp\/v2\/pages\/1749\/revisions\/6758"}],"wp:attachment":[{"href":"https:\/\/dmtcomponentes.com.br\/index.php?rest_route=%2Fwp%2Fv2%2Fmedia&parent=1749"}],"curies":[{"name":"wp","href":"https:\/\/api.w.org\/{rel}","templated":true}]}}