{"id":1737,"date":"2023-03-08T13:59:36","date_gmt":"2023-03-08T16:59:36","guid":{"rendered":"https:\/\/dmtcomponentes.com.br\/?page_id=1737"},"modified":"2023-03-29T14:55:31","modified_gmt":"2023-03-29T17:55:31","slug":"fitas-adesivas","status":"publish","type":"page","link":"https:\/\/dmtcomponentes.com.br\/?page_id=1737","title":{"rendered":"FITAS ADESIVAS"},"content":{"rendered":"\n<div class=\"wp-block-uagb-container uagb-block-aec3a10b alignfull uagb-is-root-container\"><div class=\"uagb-container-inner-blocks-wrap\">\n<figure class=\"wp-block-image size-large\"><img data-recalc-dims=\"1\" decoding=\"async\" src=\"https:\/\/i0.wp.com\/dmtcomponentes.com.br\/wp-content\/uploads\/2023\/03\/fitas-adesivas.png?ssl=1\" alt=\"\"\/><\/figure>\n<\/div><\/div>\n\n\n\n<div class=\"wp-block-uagb-container uagb-block-94995685 alignfull uagb-is-root-container\"><div class=\"uagb-container-inner-blocks-wrap\">\n<div class=\"wp-block-uagb-container uagb-block-fa8f8d6e\">\n<div style=\"height:100px\" aria-hidden=\"true\" class=\"wp-block-spacer\"><\/div>\n<\/div>\n\n\n\n<div class=\"wp-block-uagb-container uagb-block-e820f81c\">\n<figure class=\"wp-block-image aligncenter size-full\"><img data-recalc-dims=\"1\" loading=\"lazy\" decoding=\"async\" width=\"254\" height=\"172\" data-attachment-id=\"2493\" data-permalink=\"https:\/\/dmtcomponentes.com.br\/?attachment_id=2493\" data-orig-file=\"https:\/\/i0.wp.com\/dmtcomponentes.com.br\/wp-content\/uploads\/2023\/03\/crepe.png?fit=254%2C172&amp;ssl=1\" data-orig-size=\"254,172\" data-comments-opened=\"1\" data-image-meta=\"{&quot;aperture&quot;:&quot;0&quot;,&quot;credit&quot;:&quot;&quot;,&quot;camera&quot;:&quot;&quot;,&quot;caption&quot;:&quot;&quot;,&quot;created_timestamp&quot;:&quot;0&quot;,&quot;copyright&quot;:&quot;&quot;,&quot;focal_length&quot;:&quot;0&quot;,&quot;iso&quot;:&quot;0&quot;,&quot;shutter_speed&quot;:&quot;0&quot;,&quot;title&quot;:&quot;&quot;,&quot;orientation&quot;:&quot;0&quot;}\" data-image-title=\"crepe\" data-image-description=\"\" data-image-caption=\"\" data-medium-file=\"https:\/\/i0.wp.com\/dmtcomponentes.com.br\/wp-content\/uploads\/2023\/03\/crepe.png?fit=254%2C172&amp;ssl=1\" data-large-file=\"https:\/\/i0.wp.com\/dmtcomponentes.com.br\/wp-content\/uploads\/2023\/03\/crepe.png?fit=254%2C172&amp;ssl=1\" src=\"https:\/\/i0.wp.com\/dmtcomponentes.com.br\/wp-content\/uploads\/2023\/03\/crepe.png?resize=254%2C172&#038;ssl=1\" alt=\"\" class=\"wp-image-2493\"\/><\/figure>\n<\/div>\n\n\n\n<div class=\"wp-block-uagb-container uagb-block-1852f536\">\n<div class=\"wp-block-uagb-advanced-heading uagb-block-b8ed3ea7\"><h1 class=\"uagb-heading-text\">Fita Crepe<\/h1><div class=\"uagb-separator\"><\/div><\/div>\n\n\n\n<figure class=\"wp-block-table is-style-stripes has-medium-font-size\"><table><thead><tr><th class=\"has-text-align-left\" data-align=\"left\">DESCRI\u00c7\u00c3O<\/th><th class=\"has-text-align-center\" data-align=\"center\">QUANTIDADE<\/th><\/tr><\/thead><tbody><tr><td class=\"has-text-align-left\" data-align=\"left\">18&#215;45<\/td><td class=\"has-text-align-center\" data-align=\"center\">6un<\/td><\/tr><tr><td class=\"has-text-align-left\" data-align=\"left\">24&#215;45<\/td><td class=\"has-text-align-center\" data-align=\"center\">5un<\/td><\/tr><tr><td class=\"has-text-align-left\" data-align=\"left\">50&#215;45<\/td><td class=\"has-text-align-center\" data-align=\"center\">2un<\/td><\/tr><\/tbody><\/table><\/figure>\n<\/div>\n\n\n\n<div class=\"wp-block-uagb-container uagb-block-d9e86832\">\n<div style=\"height:100px\" aria-hidden=\"true\" class=\"wp-block-spacer\"><\/div>\n<\/div>\n\n\n\n<div class=\"wp-block-uagb-container uagb-block-97b8918c\">\n<figure class=\"wp-block-image size-full\"><img data-recalc-dims=\"1\" loading=\"lazy\" decoding=\"async\" width=\"274\" height=\"202\" data-attachment-id=\"2498\" data-permalink=\"https:\/\/dmtcomponentes.com.br\/?attachment_id=2498\" data-orig-file=\"https:\/\/i0.wp.com\/dmtcomponentes.com.br\/wp-content\/uploads\/2023\/03\/Marrom.png?fit=274%2C202&amp;ssl=1\" data-orig-size=\"274,202\" data-comments-opened=\"1\" data-image-meta=\"{&quot;aperture&quot;:&quot;0&quot;,&quot;credit&quot;:&quot;&quot;,&quot;camera&quot;:&quot;&quot;,&quot;caption&quot;:&quot;&quot;,&quot;created_timestamp&quot;:&quot;0&quot;,&quot;copyright&quot;:&quot;&quot;,&quot;focal_length&quot;:&quot;0&quot;,&quot;iso&quot;:&quot;0&quot;,&quot;shutter_speed&quot;:&quot;0&quot;,&quot;title&quot;:&quot;&quot;,&quot;orientation&quot;:&quot;0&quot;}\" data-image-title=\"Marrom\" data-image-description=\"\" data-image-caption=\"\" data-medium-file=\"https:\/\/i0.wp.com\/dmtcomponentes.com.br\/wp-content\/uploads\/2023\/03\/Marrom.png?fit=274%2C202&amp;ssl=1\" data-large-file=\"https:\/\/i0.wp.com\/dmtcomponentes.com.br\/wp-content\/uploads\/2023\/03\/Marrom.png?fit=274%2C202&amp;ssl=1\" src=\"https:\/\/i0.wp.com\/dmtcomponentes.com.br\/wp-content\/uploads\/2023\/03\/Marrom.png?resize=274%2C202&#038;ssl=1\" alt=\"\" class=\"wp-image-2498\"\/><\/figure>\n<\/div>\n\n\n\n<div class=\"wp-block-uagb-container uagb-block-e6b80660\">\n<div class=\"wp-block-uagb-advanced-heading uagb-block-69cb43a1\"><h1 class=\"uagb-heading-text\">Fita <br>Embalagem 45&#215;50<\/h1><div class=\"uagb-separator\"><\/div><\/div>\n\n\n\n<figure class=\"wp-block-table is-style-stripes has-medium-font-size\"><table><thead><tr><th class=\"has-text-align-left\" data-align=\"left\">DESCRI\u00c7\u00c3O<\/th><th class=\"has-text-align-center\" data-align=\"center\">QUANTIDADE<\/th><\/tr><\/thead><tbody><tr><td class=\"has-text-align-left\" data-align=\"left\">Marrom<\/td><td class=\"has-text-align-center\" data-align=\"center\">5un<\/td><\/tr><tr><td class=\"has-text-align-left\" data-align=\"left\">Transparente<\/td><td class=\"has-text-align-center\" data-align=\"center\">5un<\/td><\/tr><\/tbody><\/table><\/figure>\n<\/div>\n\n\n\n<div class=\"wp-block-uagb-container uagb-block-486cbc80\">\n<div style=\"height:100px\" aria-hidden=\"true\" class=\"wp-block-spacer\"><\/div>\n<\/div>\n\n\n\n<div class=\"wp-block-uagb-container uagb-block-36c285cf\">\n<figure class=\"wp-block-image aligncenter size-full\"><img data-recalc-dims=\"1\" loading=\"lazy\" decoding=\"async\" width=\"304\" height=\"307\" data-attachment-id=\"2508\" data-permalink=\"https:\/\/dmtcomponentes.com.br\/?attachment_id=2508\" data-orig-file=\"https:\/\/i0.wp.com\/dmtcomponentes.com.br\/wp-content\/uploads\/2023\/03\/isolante.png?fit=304%2C307&amp;ssl=1\" data-orig-size=\"304,307\" data-comments-opened=\"1\" data-image-meta=\"{&quot;aperture&quot;:&quot;0&quot;,&quot;credit&quot;:&quot;&quot;,&quot;camera&quot;:&quot;&quot;,&quot;caption&quot;:&quot;&quot;,&quot;created_timestamp&quot;:&quot;0&quot;,&quot;copyright&quot;:&quot;&quot;,&quot;focal_length&quot;:&quot;0&quot;,&quot;iso&quot;:&quot;0&quot;,&quot;shutter_speed&quot;:&quot;0&quot;,&quot;title&quot;:&quot;&quot;,&quot;orientation&quot;:&quot;0&quot;}\" data-image-title=\"isolante\" data-image-description=\"\" data-image-caption=\"\" data-medium-file=\"https:\/\/i0.wp.com\/dmtcomponentes.com.br\/wp-content\/uploads\/2023\/03\/isolante.png?fit=297%2C300&amp;ssl=1\" data-large-file=\"https:\/\/i0.wp.com\/dmtcomponentes.com.br\/wp-content\/uploads\/2023\/03\/isolante.png?fit=304%2C307&amp;ssl=1\" src=\"https:\/\/i0.wp.com\/dmtcomponentes.com.br\/wp-content\/uploads\/2023\/03\/isolante.png?resize=304%2C307&#038;ssl=1\" alt=\"\" class=\"wp-image-2508\" srcset=\"https:\/\/i0.wp.com\/dmtcomponentes.com.br\/wp-content\/uploads\/2023\/03\/isolante.png?w=304&amp;ssl=1 304w, https:\/\/i0.wp.com\/dmtcomponentes.com.br\/wp-content\/uploads\/2023\/03\/isolante.png?resize=297%2C300&amp;ssl=1 297w, https:\/\/i0.wp.com\/dmtcomponentes.com.br\/wp-content\/uploads\/2023\/03\/isolante.png?resize=150%2C150&amp;ssl=1 150w\" sizes=\"auto, (max-width: 304px) 100vw, 304px\" \/><\/figure>\n<\/div>\n\n\n\n<div class=\"wp-block-uagb-container uagb-block-e4b22d88\">\n<div class=\"wp-block-uagb-advanced-heading uagb-block-e2f6bb39\"><h1 class=\"uagb-heading-text\">Fita Isolante<\/h1><div class=\"uagb-separator\"><\/div><\/div>\n\n\n\n<figure class=\"wp-block-table is-style-stripes has-medium-font-size\"><table><thead><tr><th class=\"has-text-align-left\" data-align=\"left\">DESCRI\u00c7\u00c3O<\/th><th class=\"has-text-align-center\" data-align=\"center\">QUANTIDADE<\/th><\/tr><\/thead><tbody><tr><td class=\"has-text-align-left\" data-align=\"left\">19X05<\/td><td class=\"has-text-align-center\" data-align=\"center\">10un<\/td><\/tr><tr><td class=\"has-text-align-left\" data-align=\"left\">19X10<\/td><td class=\"has-text-align-center\" data-align=\"center\">10un <\/td><\/tr><tr><td class=\"has-text-align-left\" data-align=\"left\">19X20<\/td><td class=\"has-text-align-center\" data-align=\"center\">10un<\/td><\/tr><\/tbody><\/table><\/figure>\n<\/div>\n<\/div><\/div>\n\n\n\n<div style=\"height:300px\" aria-hidden=\"true\" class=\"wp-block-spacer\"><\/div>\n","protected":false},"excerpt":{"rendered":"<p>Fita Crepe DESCRI\u00c7\u00c3O QUANTIDADE 18&#215;45 6un 24&#215;45 5un 50&#215;45 2un Fita Embalagem 45&#215;50 DESCRI\u00c7\u00c3O QUANTIDADE Marrom 5un Transparente 5un Fita Isolante DESCRI\u00c7\u00c3O QUANTIDADE 19X05 10un 19X10 10un 19X20 10un<\/p>\n","protected":false},"author":231363518,"featured_media":0,"parent":0,"menu_order":0,"comment_status":"closed","ping_status":"closed","template":"","meta":{"_uag_custom_page_level_css":"","site-sidebar-layout":"default","site-content-layout":"","ast-site-content-layout":"","site-content-style":"default","site-sidebar-style":"default","ast-global-header-display":"","ast-banner-title-visibility":"","ast-main-header-display":"","ast-hfb-above-header-display":"","ast-hfb-below-header-display":"","ast-hfb-mobile-header-display":"","site-post-title":"disabled","ast-breadcrumbs-content":"","ast-featured-img":"","footer-sml-layout":"","theme-transparent-header-meta":"","adv-header-id-meta":"","stick-header-meta":"","header-above-stick-meta":"","header-main-stick-meta":"","header-below-stick-meta":"","astra-migrate-meta-layouts":"default","ast-page-background-enabled":"default","ast-page-background-meta":{"desktop":{"background-color":"var(--ast-global-color-4)","background-image":"","background-repeat":"repeat","background-position":"center center","background-size":"auto","background-attachment":"scroll","background-type":"","background-media":"","overlay-type":"","overlay-color":"","overlay-opacity":"","overlay-gradient":""},"tablet":{"background-color":"","background-image":"","background-repeat":"repeat","background-position":"center center","background-size":"auto","background-attachment":"scroll","background-type":"","background-media":"","overlay-type":"","overlay-color":"","overlay-opacity":"","overlay-gradient":""},"mobile":{"background-color":"","background-image":"","background-repeat":"repeat","background-position":"center center","background-size":"auto","background-attachment":"scroll","background-type":"","background-media":"","overlay-type":"","overlay-color":"","overlay-opacity":"","overlay-gradient":""}},"ast-content-background-meta":{"desktop":{"background-color":"var(--ast-global-color-5)","background-image":"","background-repeat":"repeat","background-position":"center center","background-size":"auto","background-attachment":"scroll","background-type":"","background-media":"","overlay-type":"","overlay-color":"","overlay-opacity":"","overlay-gradient":""},"tablet":{"background-color":"var(--ast-global-color-5)","background-image":"","background-repeat":"repeat","background-position":"center center","background-size":"auto","background-attachment":"scroll","background-type":"","background-media":"","overlay-type":"","overlay-color":"","overlay-opacity":"","overlay-gradient":""},"mobile":{"background-color":"var(--ast-global-color-5)","background-image":"","background-repeat":"repeat","background-position":"center center","background-size":"auto","background-attachment":"scroll","background-type":"","background-media":"","overlay-type":"","overlay-color":"","overlay-opacity":"","overlay-gradient":""}},"advanced_seo_description":"","jetpack_seo_html_title":"","jetpack_seo_noindex":false,"jetpack_post_was_ever_published":false,"_joinchat":[],"footnotes":""},"class_list":["post-1737","page","type-page","status-publish","hentry"],"uagb_featured_image_src":{"full":false,"thumbnail":false,"medium":false,"medium_large":false,"large":false,"1536x1536":false,"2048x2048":false,"newspack-article-block-landscape-large":false,"newspack-article-block-portrait-large":false,"newspack-article-block-square-large":false,"newspack-article-block-landscape-medium":false,"newspack-article-block-portrait-medium":false,"newspack-article-block-square-medium":false,"newspack-article-block-landscape-intermediate":false,"newspack-article-block-portrait-intermediate":false,"newspack-article-block-square-intermediate":false,"newspack-article-block-landscape-small":false,"newspack-article-block-portrait-small":false,"newspack-article-block-square-small":false,"newspack-article-block-landscape-tiny":false,"newspack-article-block-portrait-tiny":false,"newspack-article-block-square-tiny":false,"newspack-article-block-uncropped":false},"uagb_author_info":{"display_name":"dmtcomponentes","author_link":"https:\/\/dmtcomponentes.com.br\/?author=231363518"},"uagb_comment_info":0,"uagb_excerpt":"Fita Crepe DESCRI\u00c7\u00c3O QUANTIDADE 18&#215;45 6un 24&#215;45 5un 50&#215;45 2un Fita Embalagem 45&#215;50 DESCRI\u00c7\u00c3O QUANTIDADE Marrom 5un Transparente 5un Fita Isolante DESCRI\u00c7\u00c3O QUANTIDADE 19X05 10un 19X10 10un 19X20 10un","jetpack_likes_enabled":true,"jetpack_sharing_enabled":true,"jetpack_shortlink":"https:\/\/wp.me\/Pezesh-s1","jetpack-related-posts":[{"id":5959,"url":"https:\/\/dmtcomponentes.com.br\/?page_id=5959","url_meta":{"origin":1737,"position":0},"title":"BORDOS E TAPA FUROS ADESIVOS","author":"dmtcomponentes","date":"22 de mar\u00e7o de 2023","format":false,"excerpt":"Fita de Bordo Branco e Preto DESCRI\u00c7\u00c3OQUANTIDADE19mmX50mm1un19mmX300mm1un22mmX50mm1un22mmX30mm1un DESCRI\u00c7\u00c3OQUANTIDADE35mmX50mm1un35mmX300mm1un64mmX50mm1un Tapa Furo Adesivo DESCRI\u00c7\u00c3OQUANTIDADE12mm BRANCO LISO1000un12mm BRANCO TX1000un12mm BRANCO TX C\/ NEGATIVO10 Cartelas12mm BRANCO LISO C\/ NEGATIVO10 Cartelas12mm PLATIN LISO1000un12mm PLATIN TX1000un DESCRI\u00c7\u00c3OQUANTIDADE12mm PRETO LISO1000un12mm PRETO TX\u00a01000un12mm PRETO TX C\/ NEGATIVO10 Cartelas19mm BRANCO LISO1000un19mm BRANCO TX1000un19mm BRANCO TX C\/ NEGATIVO10 Cartelas19mm PRETO\u2026","rel":"","context":"Post similar","block_context":{"text":"Post similar","link":""},"img":{"alt_text":"","src":"https:\/\/i0.wp.com\/dmtcomponentes.com.br\/wp-content\/uploads\/2023\/03\/FITA-DE-BORDO.png?resize=350%2C200&ssl=1","width":350,"height":200},"classes":[]}],"_links":{"self":[{"href":"https:\/\/dmtcomponentes.com.br\/index.php?rest_route=\/wp\/v2\/pages\/1737","targetHints":{"allow":["GET"]}}],"collection":[{"href":"https:\/\/dmtcomponentes.com.br\/index.php?rest_route=\/wp\/v2\/pages"}],"about":[{"href":"https:\/\/dmtcomponentes.com.br\/index.php?rest_route=\/wp\/v2\/types\/page"}],"author":[{"embeddable":true,"href":"https:\/\/dmtcomponentes.com.br\/index.php?rest_route=\/wp\/v2\/users\/231363518"}],"replies":[{"embeddable":true,"href":"https:\/\/dmtcomponentes.com.br\/index.php?rest_route=%2Fwp%2Fv2%2Fcomments&post=1737"}],"version-history":[{"count":15,"href":"https:\/\/dmtcomponentes.com.br\/index.php?rest_route=\/wp\/v2\/pages\/1737\/revisions"}],"predecessor-version":[{"id":6762,"href":"https:\/\/dmtcomponentes.com.br\/index.php?rest_route=\/wp\/v2\/pages\/1737\/revisions\/6762"}],"wp:attachment":[{"href":"https:\/\/dmtcomponentes.com.br\/index.php?rest_route=%2Fwp%2Fv2%2Fmedia&parent=1737"}],"curies":[{"name":"wp","href":"https:\/\/api.w.org\/{rel}","templated":true}]}}