{"id":1065,"date":"2023-02-15T18:20:50","date_gmt":"2023-02-15T21:20:50","guid":{"rendered":"https:\/\/dmtcomponentes.com.br\/?page_id=1065"},"modified":"2023-03-29T15:06:08","modified_gmt":"2023-03-29T18:06:08","slug":"porta-tacas-page","status":"publish","type":"page","link":"https:\/\/dmtcomponentes.com.br\/?page_id=1065","title":{"rendered":"Porta ta\u00e7as Page"},"content":{"rendered":"\n<div style=\"height:100px\" aria-hidden=\"true\" class=\"wp-block-spacer\"><\/div>\n\n\n\n<div class=\"wp-block-uagb-container uagb-block-0fb778f0 alignfull uagb-is-root-container\"><div class=\"uagb-container-inner-blocks-wrap\">\n<div class=\"wp-block-uagb-container uagb-block-74c0ffa1\">\n<div class=\"wp-block-uagb-slider uagb-block-2015b578 uagb-slider-container\"><div class=\"uagb-slides uagb-swiper\"><div class=\"swiper-wrapper\">\n<div class=\"wp-block-uagb-slider-child uagb-slider-child-wrap swiper-slide uagb-block-9007c18a\"><div class=\"swiper-content\">\n<div class=\"wp-block-uagb-container uagb-block-351110a3\">\n<figure class=\"wp-block-image size-full is-resized\"><img data-recalc-dims=\"1\" loading=\"lazy\" decoding=\"async\" data-attachment-id=\"1067\" data-permalink=\"https:\/\/dmtcomponentes.com.br\/?attachment_id=1067\" data-orig-file=\"https:\/\/i0.wp.com\/dmtcomponentes.com.br\/wp-content\/uploads\/2023\/02\/porta-taca-reto.png?fit=741%2C589&amp;ssl=1\" data-orig-size=\"741,589\" data-comments-opened=\"1\" data-image-meta=\"{&quot;aperture&quot;:&quot;0&quot;,&quot;credit&quot;:&quot;&quot;,&quot;camera&quot;:&quot;&quot;,&quot;caption&quot;:&quot;&quot;,&quot;created_timestamp&quot;:&quot;0&quot;,&quot;copyright&quot;:&quot;&quot;,&quot;focal_length&quot;:&quot;0&quot;,&quot;iso&quot;:&quot;0&quot;,&quot;shutter_speed&quot;:&quot;0&quot;,&quot;title&quot;:&quot;&quot;,&quot;orientation&quot;:&quot;0&quot;}\" data-image-title=\"porta ta\u00e7a reto\" data-image-description=\"\" data-image-caption=\"\" data-large-file=\"https:\/\/i0.wp.com\/dmtcomponentes.com.br\/wp-content\/uploads\/2023\/02\/porta-taca-reto.png?fit=741%2C589&amp;ssl=1\" src=\"https:\/\/i0.wp.com\/dmtcomponentes.com.br\/wp-content\/uploads\/2023\/02\/porta-taca-reto.png?resize=474%2C377&#038;ssl=1\" alt=\"\" class=\"wp-image-1067\" width=\"474\" height=\"377\" srcset=\"https:\/\/i0.wp.com\/dmtcomponentes.com.br\/wp-content\/uploads\/2023\/02\/porta-taca-reto.png?w=741&amp;ssl=1 741w, https:\/\/i0.wp.com\/dmtcomponentes.com.br\/wp-content\/uploads\/2023\/02\/porta-taca-reto.png?resize=300%2C238&amp;ssl=1 300w\" sizes=\"auto, (max-width: 474px) 100vw, 474px\" \/><\/figure>\n<\/div>\n<\/div><\/div>\n\n\n\n<div class=\"wp-block-uagb-slider-child uagb-slider-child-wrap swiper-slide uagb-block-f6ec9334\"><div class=\"swiper-content\">\n<div class=\"wp-block-uagb-container uagb-block-a3c8f635\">\n<figure class=\"wp-block-image size-large is-resized\"><img data-recalc-dims=\"1\" loading=\"lazy\" decoding=\"async\" data-attachment-id=\"1070\" data-permalink=\"https:\/\/dmtcomponentes.com.br\/?attachment_id=1070\" data-orig-file=\"https:\/\/i0.wp.com\/dmtcomponentes.com.br\/wp-content\/uploads\/2023\/02\/porta-taca-lua.png?fit=1537%2C877&amp;ssl=1\" data-orig-size=\"1537,877\" data-comments-opened=\"1\" data-image-meta=\"{&quot;aperture&quot;:&quot;0&quot;,&quot;credit&quot;:&quot;&quot;,&quot;camera&quot;:&quot;&quot;,&quot;caption&quot;:&quot;&quot;,&quot;created_timestamp&quot;:&quot;0&quot;,&quot;copyright&quot;:&quot;&quot;,&quot;focal_length&quot;:&quot;0&quot;,&quot;iso&quot;:&quot;0&quot;,&quot;shutter_speed&quot;:&quot;0&quot;,&quot;title&quot;:&quot;&quot;,&quot;orientation&quot;:&quot;0&quot;}\" data-image-title=\"porta ta\u00e7a lua\" data-image-description=\"\" data-image-caption=\"\" data-large-file=\"https:\/\/i0.wp.com\/dmtcomponentes.com.br\/wp-content\/uploads\/2023\/02\/porta-taca-lua.png?fit=1024%2C584&amp;ssl=1\" src=\"https:\/\/i0.wp.com\/dmtcomponentes.com.br\/wp-content\/uploads\/2023\/02\/porta-taca-lua.png?resize=470%2C269&#038;ssl=1\" alt=\"\" class=\"wp-image-1070\" width=\"470\" height=\"269\" srcset=\"https:\/\/i0.wp.com\/dmtcomponentes.com.br\/wp-content\/uploads\/2023\/02\/porta-taca-lua.png?resize=1024%2C584&amp;ssl=1 1024w, https:\/\/i0.wp.com\/dmtcomponentes.com.br\/wp-content\/uploads\/2023\/02\/porta-taca-lua.png?resize=300%2C171&amp;ssl=1 300w, https:\/\/i0.wp.com\/dmtcomponentes.com.br\/wp-content\/uploads\/2023\/02\/porta-taca-lua.png?resize=768%2C438&amp;ssl=1 768w, https:\/\/i0.wp.com\/dmtcomponentes.com.br\/wp-content\/uploads\/2023\/02\/porta-taca-lua.png?resize=1200%2C685&amp;ssl=1 1200w, https:\/\/i0.wp.com\/dmtcomponentes.com.br\/wp-content\/uploads\/2023\/02\/porta-taca-lua.png?w=1537&amp;ssl=1 1537w\" sizes=\"auto, (max-width: 470px) 100vw, 470px\" \/><\/figure>\n<\/div>\n<\/div><\/div>\n<\/div><\/div><div class=\"swiper-pagination\"><\/div><div class=\"swiper-button-prev\"><\/div><div class=\"swiper-button-next\"><\/div><\/div>\n<\/div>\n\n\n\n<div class=\"wp-block-uagb-container uagb-block-9eb22553\">\n<div class=\"wp-block-uagb-advanced-heading uagb-block-4fd1fe9c\"><h2 class=\"uagb-heading-text\">Porta ta\u00e7as <\/h2><div class=\"uagb-separator\"><\/div><\/div>\n<\/div>\n\n\n\n<div class=\"wp-block-uagb-container uagb-block-a52f077a\">\n<div class=\"wp-block-uagb-advanced-heading uagb-block-44221422\"><h1 class=\"uagb-heading-text\">DESCRI\u00c7\u00c3O<\/h1><div class=\"uagb-separator\"><\/div><p class=\"uagb-desc-text\">\u25cfReto e meia lua<br>\u25cfCromado<\/p><\/div>\n<\/div>\n\n\n\n<div class=\"wp-block-uagb-container uagb-block-e36c7bdf\">\n<div class=\"wp-block-buttons is-horizontal is-content-justification-left is-layout-flex wp-container-core-buttons-is-layout-20435799 wp-block-buttons-is-layout-flex\"><\/div>\n\n\n\n<div class=\"wp-block-buttons is-layout-flex wp-block-buttons-is-layout-flex\">\n<div class=\"wp-block-button\"><a class=\"wp-block-button__link has-background wp-element-button\" href=\"https:\/\/dmtcomponentes.com.br\/?page_id=1044\" style=\"background-color:#9d2e30\">VOLTAR<\/a><\/div>\n<\/div>\n<\/div>\n<\/div><\/div>\n\n\n\n<div style=\"height:100px\" aria-hidden=\"true\" class=\"wp-block-spacer\"><\/div>\n","protected":false},"excerpt":{"rendered":"<p>Porta ta\u00e7as DESCRI\u00c7\u00c3O \u25cfReto e meia lua\u25cfCromado<\/p>\n","protected":false},"author":231363518,"featured_media":0,"parent":0,"menu_order":0,"comment_status":"closed","ping_status":"closed","template":"","meta":{"_crdt_document":"","_uag_custom_page_level_css":"","site-sidebar-layout":"default","site-content-layout":"","ast-site-content-layout":"","site-content-style":"default","site-sidebar-style":"default","ast-global-header-display":"","ast-banner-title-visibility":"","ast-main-header-display":"","ast-hfb-above-header-display":"","ast-hfb-below-header-display":"","ast-hfb-mobile-header-display":"","site-post-title":"disabled","ast-breadcrumbs-content":"","ast-featured-img":"","footer-sml-layout":"","theme-transparent-header-meta":"","adv-header-id-meta":"","stick-header-meta":"","header-above-stick-meta":"","header-main-stick-meta":"","header-below-stick-meta":"","astra-migrate-meta-layouts":"default","ast-page-background-enabled":"default","ast-page-background-meta":{"desktop":{"background-color":"var(--ast-global-color-4)","background-image":"","background-repeat":"repeat","background-position":"center center","background-size":"auto","background-attachment":"scroll","background-type":"","background-media":"","overlay-type":"","overlay-color":"","overlay-opacity":"","overlay-gradient":""},"tablet":{"background-color":"","background-image":"","background-repeat":"repeat","background-position":"center center","background-size":"auto","background-attachment":"scroll","background-type":"","background-media":"","overlay-type":"","overlay-color":"","overlay-opacity":"","overlay-gradient":""},"mobile":{"background-color":"","background-image":"","background-repeat":"repeat","background-position":"center center","background-size":"auto","background-attachment":"scroll","background-type":"","background-media":"","overlay-type":"","overlay-color":"","overlay-opacity":"","overlay-gradient":""}},"ast-content-background-meta":{"desktop":{"background-color":"var(--ast-global-color-5)","background-image":"","background-repeat":"repeat","background-position":"center center","background-size":"auto","background-attachment":"scroll","background-type":"","background-media":"","overlay-type":"","overlay-color":"","overlay-opacity":"","overlay-gradient":""},"tablet":{"background-color":"var(--ast-global-color-5)","background-image":"","background-repeat":"repeat","background-position":"center center","background-size":"auto","background-attachment":"scroll","background-type":"","background-media":"","overlay-type":"","overlay-color":"","overlay-opacity":"","overlay-gradient":""},"mobile":{"background-color":"var(--ast-global-color-5)","background-image":"","background-repeat":"repeat","background-position":"center center","background-size":"auto","background-attachment":"scroll","background-type":"","background-media":"","overlay-type":"","overlay-color":"","overlay-opacity":"","overlay-gradient":""}},"advanced_seo_description":"","jetpack_seo_html_title":"","jetpack_seo_noindex":false,"_joinchat":[],"footnotes":""},"class_list":["post-1065","page","type-page","status-publish","hentry"],"uagb_featured_image_src":{"full":false,"thumbnail":false,"medium":false,"medium_large":false,"large":false,"1536x1536":false,"2048x2048":false,"newspack-article-block-landscape-large":false,"newspack-article-block-portrait-large":false,"newspack-article-block-square-large":false,"newspack-article-block-landscape-medium":false,"newspack-article-block-portrait-medium":false,"newspack-article-block-square-medium":false,"newspack-article-block-landscape-intermediate":false,"newspack-article-block-portrait-intermediate":false,"newspack-article-block-square-intermediate":false,"newspack-article-block-landscape-small":false,"newspack-article-block-portrait-small":false,"newspack-article-block-square-small":false,"newspack-article-block-landscape-tiny":false,"newspack-article-block-portrait-tiny":false,"newspack-article-block-square-tiny":false,"newspack-article-block-uncropped":false},"uagb_author_info":{"display_name":"dmtcomponentes","author_link":"https:\/\/dmtcomponentes.com.br\/?author=231363518"},"uagb_comment_info":0,"uagb_excerpt":"Porta ta\u00e7as DESCRI\u00c7\u00c3O \u25cfReto e meia lua\u25cfCromado","jetpack_likes_enabled":true,"jetpack_sharing_enabled":true,"jetpack_shortlink":"https:\/\/wp.me\/Pezesh-hb","jetpack-related-posts":[{"id":1044,"url":"https:\/\/dmtcomponentes.com.br\/?page_id=1044","url_meta":{"origin":1065,"position":0},"title":"ARAMADOS","author":"dmtcomponentes","date":"15 de fevereiro de 2023","format":false,"excerpt":"Porta \u00d3leo Calceiro Deslizante Porta Ta\u00e7a Porta Toalha","rel":"","context":"Post similar","block_context":{"text":"Post similar","link":""},"img":{"alt_text":"","src":"https:\/\/i0.wp.com\/dmtcomponentes.com.br\/wp-content\/uploads\/2023\/03\/ARAMADOS-1.png?resize=350%2C200&ssl=1","width":350,"height":200,"srcset":"https:\/\/i0.wp.com\/dmtcomponentes.com.br\/wp-content\/uploads\/2023\/03\/ARAMADOS-1.png?resize=350%2C200&ssl=1 1x, https:\/\/i0.wp.com\/dmtcomponentes.com.br\/wp-content\/uploads\/2023\/03\/ARAMADOS-1.png?resize=525%2C300&ssl=1 1.5x, https:\/\/i0.wp.com\/dmtcomponentes.com.br\/wp-content\/uploads\/2023\/03\/ARAMADOS-1.png?resize=700%2C400&ssl=1 2x, https:\/\/i0.wp.com\/dmtcomponentes.com.br\/wp-content\/uploads\/2023\/03\/ARAMADOS-1.png?resize=1050%2C600&ssl=1 3x, https:\/\/i0.wp.com\/dmtcomponentes.com.br\/wp-content\/uploads\/2023\/03\/ARAMADOS-1.png?resize=1400%2C800&ssl=1 4x"},"classes":[]},{"id":1076,"url":"https:\/\/dmtcomponentes.com.br\/?page_id=1076","url_meta":{"origin":1065,"position":1},"title":"Porta toalha Page","author":"dmtcomponentes","date":"15 de fevereiro de 2023","format":false,"excerpt":"Porta toalha DESCRI\u00c7\u00c3O\u25cfPonteira de silicone na ponta das hastes\u25cfCromado VOLTAR","rel":"","context":"Post similar","block_context":{"text":"Post similar","link":""},"img":{"alt_text":"","src":"https:\/\/i0.wp.com\/dmtcomponentes.com.br\/wp-content\/uploads\/2023\/02\/Porta-toalha.png?resize=350%2C200&ssl=1","width":350,"height":200,"srcset":"https:\/\/i0.wp.com\/dmtcomponentes.com.br\/wp-content\/uploads\/2023\/02\/Porta-toalha.png?resize=350%2C200&ssl=1 1x, https:\/\/i0.wp.com\/dmtcomponentes.com.br\/wp-content\/uploads\/2023\/02\/Porta-toalha.png?resize=525%2C300&ssl=1 1.5x, https:\/\/i0.wp.com\/dmtcomponentes.com.br\/wp-content\/uploads\/2023\/02\/Porta-toalha.png?resize=700%2C400&ssl=1 2x, https:\/\/i0.wp.com\/dmtcomponentes.com.br\/wp-content\/uploads\/2023\/02\/Porta-toalha.png?resize=1050%2C600&ssl=1 3x, https:\/\/i0.wp.com\/dmtcomponentes.com.br\/wp-content\/uploads\/2023\/02\/Porta-toalha.png?resize=1400%2C800&ssl=1 4x"},"classes":[]},{"id":1054,"url":"https:\/\/dmtcomponentes.com.br\/?page_id=1054","url_meta":{"origin":1065,"position":2},"title":"Porta Oleo Page","author":"dmtcomponentes","date":"15 de fevereiro de 2023","format":false,"excerpt":"Porta \u00d3leo Cromado 100mm DESCRI\u00c7\u00c3O\u25cfEstrutura com arame 6mm e 4mm, tela com arame de 3mm\u25cfFixa\u00e7\u00e3o lateral\u25cfAcompanham parafusos de fixa\u00e7\u00e3o e regulagem\u25cfPermite instala\u00e7\u00e3o por ambos os lado VOLTAR","rel":"","context":"Post similar","block_context":{"text":"Post similar","link":""},"img":{"alt_text":"","src":"https:\/\/i0.wp.com\/dmtcomponentes.com.br\/wp-content\/uploads\/2023\/02\/Porta-oleo-.png?resize=350%2C200&ssl=1","width":350,"height":200,"srcset":"https:\/\/i0.wp.com\/dmtcomponentes.com.br\/wp-content\/uploads\/2023\/02\/Porta-oleo-.png?resize=350%2C200&ssl=1 1x, https:\/\/i0.wp.com\/dmtcomponentes.com.br\/wp-content\/uploads\/2023\/02\/Porta-oleo-.png?resize=525%2C300&ssl=1 1.5x, https:\/\/i0.wp.com\/dmtcomponentes.com.br\/wp-content\/uploads\/2023\/02\/Porta-oleo-.png?resize=700%2C400&ssl=1 2x, https:\/\/i0.wp.com\/dmtcomponentes.com.br\/wp-content\/uploads\/2023\/02\/Porta-oleo-.png?resize=1050%2C600&ssl=1 3x"},"classes":[]},{"id":927,"url":"https:\/\/dmtcomponentes.com.br\/?page_id=927","url_meta":{"origin":1065,"position":3},"title":"Pist\u00e3o for\u00e7a inversa page","author":"dmtcomponentes","date":"11 de fevereiro de 2023","format":false,"excerpt":"DESCRI\u00c7\u00c3O\u25cf Acabamento cinza\u25cf Indicado para porta basculante\u25cf Suavidade no movimento VOLTAR","rel":"","context":"Post similar","block_context":{"text":"Post similar","link":""},"img":{"alt_text":"","src":"https:\/\/i0.wp.com\/dmtcomponentes.com.br\/wp-content\/uploads\/2023\/02\/PISTAO-INVERSO.png?resize=350%2C200&ssl=1","width":350,"height":200,"srcset":"https:\/\/i0.wp.com\/dmtcomponentes.com.br\/wp-content\/uploads\/2023\/02\/PISTAO-INVERSO.png?resize=350%2C200&ssl=1 1x, https:\/\/i0.wp.com\/dmtcomponentes.com.br\/wp-content\/uploads\/2023\/02\/PISTAO-INVERSO.png?resize=525%2C300&ssl=1 1.5x, https:\/\/i0.wp.com\/dmtcomponentes.com.br\/wp-content\/uploads\/2023\/02\/PISTAO-INVERSO.png?resize=700%2C400&ssl=1 2x, https:\/\/i0.wp.com\/dmtcomponentes.com.br\/wp-content\/uploads\/2023\/02\/PISTAO-INVERSO.png?resize=1050%2C600&ssl=1 3x, https:\/\/i0.wp.com\/dmtcomponentes.com.br\/wp-content\/uploads\/2023\/02\/PISTAO-INVERSO.png?resize=1400%2C800&ssl=1 4x"},"classes":[]},{"id":913,"url":"https:\/\/dmtcomponentes.com.br\/?page_id=913","url_meta":{"origin":1065,"position":4},"title":"Pist\u00e3o for\u00e7a normal page","author":"dmtcomponentes","date":"11 de fevereiro de 2023","format":false,"excerpt":"DESCRI\u00c7\u00c3O\u25cf Acabamento cinza e branco\u25cf Indicado para porta basculante\u25cf Suavidade no movimento VOLTAR","rel":"","context":"Post similar","block_context":{"text":"Post similar","link":""},"img":{"alt_text":"","src":"https:\/\/i0.wp.com\/dmtcomponentes.com.br\/wp-content\/uploads\/2023\/02\/PISTAO-COMUM.png?resize=350%2C200&ssl=1","width":350,"height":200,"srcset":"https:\/\/i0.wp.com\/dmtcomponentes.com.br\/wp-content\/uploads\/2023\/02\/PISTAO-COMUM.png?resize=350%2C200&ssl=1 1x, https:\/\/i0.wp.com\/dmtcomponentes.com.br\/wp-content\/uploads\/2023\/02\/PISTAO-COMUM.png?resize=525%2C300&ssl=1 1.5x, https:\/\/i0.wp.com\/dmtcomponentes.com.br\/wp-content\/uploads\/2023\/02\/PISTAO-COMUM.png?resize=700%2C400&ssl=1 2x, https:\/\/i0.wp.com\/dmtcomponentes.com.br\/wp-content\/uploads\/2023\/02\/PISTAO-COMUM.png?resize=1050%2C600&ssl=1 3x, https:\/\/i0.wp.com\/dmtcomponentes.com.br\/wp-content\/uploads\/2023\/02\/PISTAO-COMUM.png?resize=1400%2C800&ssl=1 4x"},"classes":[]},{"id":377,"url":"https:\/\/dmtcomponentes.com.br\/?page_id=377","url_meta":{"origin":1065,"position":5},"title":"Corredi\u00e7a Refor\u00e7ada Page","author":"dmtcomponentes","date":"5 de fevereiro de 2023","format":false,"excerpt":"DESCRI\u00c7\u00c3O\u25cf Extra\u00e7\u00e3o total do trilho\u25cf Tr\u00eas est\u00e1gios de abertura e fechamento\u25cf Acabamento zincado\u25cf Alta resist\u00eancia \u00e0 corros\u00e3o VOLTAR","rel":"","context":"Post similar","block_context":{"text":"Post similar","link":""},"img":{"alt_text":"","src":"https:\/\/i0.wp.com\/dmtcomponentes.com.br\/wp-content\/uploads\/2023\/02\/corredica1.png?resize=350%2C200&ssl=1","width":350,"height":200,"srcset":"https:\/\/i0.wp.com\/dmtcomponentes.com.br\/wp-content\/uploads\/2023\/02\/corredica1.png?resize=350%2C200&ssl=1 1x, https:\/\/i0.wp.com\/dmtcomponentes.com.br\/wp-content\/uploads\/2023\/02\/corredica1.png?resize=525%2C300&ssl=1 1.5x, https:\/\/i0.wp.com\/dmtcomponentes.com.br\/wp-content\/uploads\/2023\/02\/corredica1.png?resize=700%2C400&ssl=1 2x, https:\/\/i0.wp.com\/dmtcomponentes.com.br\/wp-content\/uploads\/2023\/02\/corredica1.png?resize=1050%2C600&ssl=1 3x, https:\/\/i0.wp.com\/dmtcomponentes.com.br\/wp-content\/uploads\/2023\/02\/corredica1.png?resize=1400%2C800&ssl=1 4x"},"classes":[]}],"_links":{"self":[{"href":"https:\/\/dmtcomponentes.com.br\/index.php?rest_route=\/wp\/v2\/pages\/1065","targetHints":{"allow":["GET"]}}],"collection":[{"href":"https:\/\/dmtcomponentes.com.br\/index.php?rest_route=\/wp\/v2\/pages"}],"about":[{"href":"https:\/\/dmtcomponentes.com.br\/index.php?rest_route=\/wp\/v2\/types\/page"}],"author":[{"embeddable":true,"href":"https:\/\/dmtcomponentes.com.br\/index.php?rest_route=\/wp\/v2\/users\/231363518"}],"replies":[{"embeddable":true,"href":"https:\/\/dmtcomponentes.com.br\/index.php?rest_route=%2Fwp%2Fv2%2Fcomments&post=1065"}],"version-history":[{"count":11,"href":"https:\/\/dmtcomponentes.com.br\/index.php?rest_route=\/wp\/v2\/pages\/1065\/revisions"}],"predecessor-version":[{"id":6773,"href":"https:\/\/dmtcomponentes.com.br\/index.php?rest_route=\/wp\/v2\/pages\/1065\/revisions\/6773"}],"wp:attachment":[{"href":"https:\/\/dmtcomponentes.com.br\/index.php?rest_route=%2Fwp%2Fv2%2Fmedia&parent=1065"}],"curies":[{"name":"wp","href":"https:\/\/api.w.org\/{rel}","templated":true}]}}