{"id":1044,"date":"2023-02-15T18:33:54","date_gmt":"2023-02-15T21:33:54","guid":{"rendered":"https:\/\/dmtcomponentes.com.br\/?page_id=1044"},"modified":"2023-03-27T09:59:44","modified_gmt":"2023-03-27T12:59:44","slug":"aramados","status":"publish","type":"page","link":"https:\/\/dmtcomponentes.com.br\/?page_id=1044","title":{"rendered":"ARAMADOS"},"content":{"rendered":"\n<div class=\"wp-block-uagb-container uagb-block-6a3545fa alignfull uagb-is-root-container\"><div class=\"uagb-container-inner-blocks-wrap\">\n<figure class=\"wp-block-image size-full\"><img data-recalc-dims=\"1\" loading=\"lazy\" decoding=\"async\" width=\"4252\" height=\"886\" data-attachment-id=\"5994\" data-permalink=\"https:\/\/dmtcomponentes.com.br\/?attachment_id=5994\" data-orig-file=\"https:\/\/i0.wp.com\/dmtcomponentes.com.br\/wp-content\/uploads\/2023\/03\/ARAMADOS-1.png?fit=4252%2C886&amp;ssl=1\" data-orig-size=\"4252,886\" data-comments-opened=\"1\" data-image-meta=\"{&quot;aperture&quot;:&quot;0&quot;,&quot;credit&quot;:&quot;&quot;,&quot;camera&quot;:&quot;&quot;,&quot;caption&quot;:&quot;&quot;,&quot;created_timestamp&quot;:&quot;0&quot;,&quot;copyright&quot;:&quot;&quot;,&quot;focal_length&quot;:&quot;0&quot;,&quot;iso&quot;:&quot;0&quot;,&quot;shutter_speed&quot;:&quot;0&quot;,&quot;title&quot;:&quot;&quot;,&quot;orientation&quot;:&quot;0&quot;}\" data-image-title=\"ARAMADOS-1\" data-image-description=\"\" data-image-caption=\"\" data-large-file=\"https:\/\/i0.wp.com\/dmtcomponentes.com.br\/wp-content\/uploads\/2023\/03\/ARAMADOS-1.png?fit=1024%2C213&amp;ssl=1\" src=\"https:\/\/i0.wp.com\/dmtcomponentes.com.br\/wp-content\/uploads\/2023\/03\/ARAMADOS-1.png?resize=4252%2C886&#038;ssl=1\" alt=\"\" class=\"wp-image-5994\" srcset=\"https:\/\/i0.wp.com\/dmtcomponentes.com.br\/wp-content\/uploads\/2023\/03\/ARAMADOS-1.png?w=4252&amp;ssl=1 4252w, https:\/\/i0.wp.com\/dmtcomponentes.com.br\/wp-content\/uploads\/2023\/03\/ARAMADOS-1.png?resize=300%2C63&amp;ssl=1 300w, https:\/\/i0.wp.com\/dmtcomponentes.com.br\/wp-content\/uploads\/2023\/03\/ARAMADOS-1.png?resize=1024%2C213&amp;ssl=1 1024w, https:\/\/i0.wp.com\/dmtcomponentes.com.br\/wp-content\/uploads\/2023\/03\/ARAMADOS-1.png?resize=768%2C160&amp;ssl=1 768w, https:\/\/i0.wp.com\/dmtcomponentes.com.br\/wp-content\/uploads\/2023\/03\/ARAMADOS-1.png?resize=1536%2C320&amp;ssl=1 1536w, https:\/\/i0.wp.com\/dmtcomponentes.com.br\/wp-content\/uploads\/2023\/03\/ARAMADOS-1.png?resize=2048%2C427&amp;ssl=1 2048w, https:\/\/i0.wp.com\/dmtcomponentes.com.br\/wp-content\/uploads\/2023\/03\/ARAMADOS-1.png?resize=1200%2C250&amp;ssl=1 1200w, https:\/\/i0.wp.com\/dmtcomponentes.com.br\/wp-content\/uploads\/2023\/03\/ARAMADOS-1.png?w=3000&amp;ssl=1 3000w\" sizes=\"auto, (max-width: 1000px) 100vw, 1000px\" \/><\/figure>\n<\/div><\/div>\n\n\n\n<div style=\"height:100px\" aria-hidden=\"true\" class=\"wp-block-spacer\"><\/div>\n\n\n\n<div class=\"wp-block-uagb-container uagb-block-89478966 alignfull uagb-is-root-container\"><div class=\"uagb-container-inner-blocks-wrap\">\n<div class=\"wp-block-uagb-container uagb-block-c6ac25d3\">\n<figure class=\"wp-block-image size-large is-resized\"><a href=\"https:\/\/dmtcomponentes.com.br\/?page_id=1054\"><img data-recalc-dims=\"1\" loading=\"lazy\" decoding=\"async\" data-attachment-id=\"1047\" data-permalink=\"https:\/\/dmtcomponentes.com.br\/?attachment_id=1047\" data-orig-file=\"https:\/\/i0.wp.com\/dmtcomponentes.com.br\/wp-content\/uploads\/2023\/02\/Porta-oleo-.png?fit=1128%2C1088&amp;ssl=1\" data-orig-size=\"1128,1088\" data-comments-opened=\"1\" data-image-meta=\"{&quot;aperture&quot;:&quot;0&quot;,&quot;credit&quot;:&quot;&quot;,&quot;camera&quot;:&quot;&quot;,&quot;caption&quot;:&quot;&quot;,&quot;created_timestamp&quot;:&quot;0&quot;,&quot;copyright&quot;:&quot;&quot;,&quot;focal_length&quot;:&quot;0&quot;,&quot;iso&quot;:&quot;0&quot;,&quot;shutter_speed&quot;:&quot;0&quot;,&quot;title&quot;:&quot;&quot;,&quot;orientation&quot;:&quot;0&quot;}\" data-image-title=\"Porta oleo\" data-image-description=\"\" data-image-caption=\"\" data-large-file=\"https:\/\/i0.wp.com\/dmtcomponentes.com.br\/wp-content\/uploads\/2023\/02\/Porta-oleo-.png?fit=1024%2C988&amp;ssl=1\" src=\"https:\/\/i0.wp.com\/dmtcomponentes.com.br\/wp-content\/uploads\/2023\/02\/Porta-oleo-.png?resize=304%2C293&#038;ssl=1\" alt=\"\" class=\"wp-image-1047\" width=\"304\" height=\"293\" srcset=\"https:\/\/i0.wp.com\/dmtcomponentes.com.br\/wp-content\/uploads\/2023\/02\/Porta-oleo-.png?resize=1024%2C988&amp;ssl=1 1024w, https:\/\/i0.wp.com\/dmtcomponentes.com.br\/wp-content\/uploads\/2023\/02\/Porta-oleo-.png?resize=300%2C289&amp;ssl=1 300w, https:\/\/i0.wp.com\/dmtcomponentes.com.br\/wp-content\/uploads\/2023\/02\/Porta-oleo-.png?resize=768%2C741&amp;ssl=1 768w, https:\/\/i0.wp.com\/dmtcomponentes.com.br\/wp-content\/uploads\/2023\/02\/Porta-oleo-.png?w=1128&amp;ssl=1 1128w\" sizes=\"auto, (max-width: 304px) 100vw, 304px\" \/><\/a><\/figure>\n<\/div>\n\n\n\n<div class=\"wp-block-uagb-container uagb-block-ed08cc80\">\n<div class=\"wp-block-uagb-advanced-heading uagb-block-b959239b\"><h2 class=\"uagb-heading-text\">Porta \u00d3leo<\/h2><div class=\"uagb-separator\"><\/div><\/div>\n<\/div>\n\n\n\n<div class=\"wp-block-uagb-container uagb-block-69bffbf6\">\n<figure class=\"wp-block-image size-large\"><a href=\"https:\/\/dmtcomponentes.com.br\/?page_id=1060\"><img data-recalc-dims=\"1\" loading=\"lazy\" decoding=\"async\" width=\"1024\" height=\"823\" data-attachment-id=\"1046\" data-permalink=\"https:\/\/dmtcomponentes.com.br\/?attachment_id=1046\" data-orig-file=\"https:\/\/i0.wp.com\/dmtcomponentes.com.br\/wp-content\/uploads\/2023\/02\/calceiro-12-hastes-novo.png?fit=2839%2C2283&amp;ssl=1\" data-orig-size=\"2839,2283\" data-comments-opened=\"1\" data-image-meta=\"{&quot;aperture&quot;:&quot;0&quot;,&quot;credit&quot;:&quot;&quot;,&quot;camera&quot;:&quot;&quot;,&quot;caption&quot;:&quot;&quot;,&quot;created_timestamp&quot;:&quot;0&quot;,&quot;copyright&quot;:&quot;&quot;,&quot;focal_length&quot;:&quot;0&quot;,&quot;iso&quot;:&quot;0&quot;,&quot;shutter_speed&quot;:&quot;0&quot;,&quot;title&quot;:&quot;&quot;,&quot;orientation&quot;:&quot;0&quot;}\" data-image-title=\"calceiro 12 hastes novo\" data-image-description=\"\" data-image-caption=\"\" data-large-file=\"https:\/\/i0.wp.com\/dmtcomponentes.com.br\/wp-content\/uploads\/2023\/02\/calceiro-12-hastes-novo.png?fit=1024%2C823&amp;ssl=1\" src=\"https:\/\/i0.wp.com\/dmtcomponentes.com.br\/wp-content\/uploads\/2023\/02\/calceiro-12-hastes-novo.png?resize=1024%2C823&#038;ssl=1\" alt=\"\" class=\"wp-image-1046\" srcset=\"https:\/\/i0.wp.com\/dmtcomponentes.com.br\/wp-content\/uploads\/2023\/02\/calceiro-12-hastes-novo.png?resize=1024%2C823&amp;ssl=1 1024w, https:\/\/i0.wp.com\/dmtcomponentes.com.br\/wp-content\/uploads\/2023\/02\/calceiro-12-hastes-novo.png?resize=300%2C241&amp;ssl=1 300w, https:\/\/i0.wp.com\/dmtcomponentes.com.br\/wp-content\/uploads\/2023\/02\/calceiro-12-hastes-novo.png?resize=768%2C618&amp;ssl=1 768w, https:\/\/i0.wp.com\/dmtcomponentes.com.br\/wp-content\/uploads\/2023\/02\/calceiro-12-hastes-novo.png?resize=1536%2C1235&amp;ssl=1 1536w, https:\/\/i0.wp.com\/dmtcomponentes.com.br\/wp-content\/uploads\/2023\/02\/calceiro-12-hastes-novo.png?resize=2048%2C1647&amp;ssl=1 2048w, https:\/\/i0.wp.com\/dmtcomponentes.com.br\/wp-content\/uploads\/2023\/02\/calceiro-12-hastes-novo.png?resize=1200%2C965&amp;ssl=1 1200w\" sizes=\"auto, (max-width: 1000px) 100vw, 1000px\" \/><\/a><\/figure>\n<\/div>\n\n\n\n<div class=\"wp-block-uagb-container uagb-block-87e19f26\">\n<div class=\"wp-block-uagb-advanced-heading uagb-block-bde6fc06\"><h2 class=\"uagb-heading-text\">Calceiro Deslizante<\/h2><div class=\"uagb-separator\"><\/div><\/div>\n<\/div>\n\n\n\n<div style=\"height:14px\" aria-hidden=\"true\" class=\"wp-block-spacer\"><\/div>\n\n\n\n<div class=\"wp-block-uagb-container uagb-block-5a013a87\">\n<figure class=\"wp-block-image size-full\"><img data-recalc-dims=\"1\" loading=\"lazy\" decoding=\"async\" width=\"856\" height=\"766\" data-attachment-id=\"5829\" data-permalink=\"https:\/\/dmtcomponentes.com.br\/?attachment_id=5829\" data-orig-file=\"https:\/\/i0.wp.com\/dmtcomponentes.com.br\/wp-content\/uploads\/2023\/03\/INTERA.png?fit=856%2C766&amp;ssl=1\" data-orig-size=\"856,766\" data-comments-opened=\"1\" data-image-meta=\"{&quot;aperture&quot;:&quot;0&quot;,&quot;credit&quot;:&quot;&quot;,&quot;camera&quot;:&quot;&quot;,&quot;caption&quot;:&quot;&quot;,&quot;created_timestamp&quot;:&quot;0&quot;,&quot;copyright&quot;:&quot;&quot;,&quot;focal_length&quot;:&quot;0&quot;,&quot;iso&quot;:&quot;0&quot;,&quot;shutter_speed&quot;:&quot;0&quot;,&quot;title&quot;:&quot;&quot;,&quot;orientation&quot;:&quot;0&quot;}\" data-image-title=\"INTERA\" data-image-description=\"\" data-image-caption=\"\" data-large-file=\"https:\/\/i0.wp.com\/dmtcomponentes.com.br\/wp-content\/uploads\/2023\/03\/INTERA.png?fit=856%2C766&amp;ssl=1\" src=\"https:\/\/i0.wp.com\/dmtcomponentes.com.br\/wp-content\/uploads\/2023\/03\/INTERA.png?resize=856%2C766&#038;ssl=1\" alt=\"\" class=\"wp-image-5829\" srcset=\"https:\/\/i0.wp.com\/dmtcomponentes.com.br\/wp-content\/uploads\/2023\/03\/INTERA.png?w=856&amp;ssl=1 856w, https:\/\/i0.wp.com\/dmtcomponentes.com.br\/wp-content\/uploads\/2023\/03\/INTERA.png?resize=300%2C268&amp;ssl=1 300w, https:\/\/i0.wp.com\/dmtcomponentes.com.br\/wp-content\/uploads\/2023\/03\/INTERA.png?resize=768%2C687&amp;ssl=1 768w\" sizes=\"auto, (max-width: 856px) 100vw, 856px\" \/><\/figure>\n<\/div>\n<\/div><\/div>\n\n\n\n<div class=\"wp-block-uagb-container uagb-block-cc7be637 alignfull uagb-is-root-container\"><div class=\"uagb-container-inner-blocks-wrap\">\n<div style=\"height:58px\" aria-hidden=\"true\" class=\"wp-block-spacer\"><\/div>\n\n\n\n<div class=\"wp-block-uagb-container uagb-block-d86d1770\">\n<figure class=\"wp-block-image size-large\"><a href=\"https:\/\/dmtcomponentes.com.br\/?page_id=1065\"><img data-recalc-dims=\"1\" loading=\"lazy\" decoding=\"async\" width=\"1024\" height=\"584\" data-attachment-id=\"1070\" data-permalink=\"https:\/\/dmtcomponentes.com.br\/?attachment_id=1070\" data-orig-file=\"https:\/\/i0.wp.com\/dmtcomponentes.com.br\/wp-content\/uploads\/2023\/02\/porta-taca-lua.png?fit=1537%2C877&amp;ssl=1\" data-orig-size=\"1537,877\" data-comments-opened=\"1\" data-image-meta=\"{&quot;aperture&quot;:&quot;0&quot;,&quot;credit&quot;:&quot;&quot;,&quot;camera&quot;:&quot;&quot;,&quot;caption&quot;:&quot;&quot;,&quot;created_timestamp&quot;:&quot;0&quot;,&quot;copyright&quot;:&quot;&quot;,&quot;focal_length&quot;:&quot;0&quot;,&quot;iso&quot;:&quot;0&quot;,&quot;shutter_speed&quot;:&quot;0&quot;,&quot;title&quot;:&quot;&quot;,&quot;orientation&quot;:&quot;0&quot;}\" data-image-title=\"porta ta\u00e7a lua\" data-image-description=\"\" data-image-caption=\"\" data-large-file=\"https:\/\/i0.wp.com\/dmtcomponentes.com.br\/wp-content\/uploads\/2023\/02\/porta-taca-lua.png?fit=1024%2C584&amp;ssl=1\" src=\"https:\/\/i0.wp.com\/dmtcomponentes.com.br\/wp-content\/uploads\/2023\/02\/porta-taca-lua.png?resize=1024%2C584&#038;ssl=1\" alt=\"\" class=\"wp-image-1070\" srcset=\"https:\/\/i0.wp.com\/dmtcomponentes.com.br\/wp-content\/uploads\/2023\/02\/porta-taca-lua.png?resize=1024%2C584&amp;ssl=1 1024w, https:\/\/i0.wp.com\/dmtcomponentes.com.br\/wp-content\/uploads\/2023\/02\/porta-taca-lua.png?resize=300%2C171&amp;ssl=1 300w, https:\/\/i0.wp.com\/dmtcomponentes.com.br\/wp-content\/uploads\/2023\/02\/porta-taca-lua.png?resize=768%2C438&amp;ssl=1 768w, https:\/\/i0.wp.com\/dmtcomponentes.com.br\/wp-content\/uploads\/2023\/02\/porta-taca-lua.png?resize=1200%2C685&amp;ssl=1 1200w, https:\/\/i0.wp.com\/dmtcomponentes.com.br\/wp-content\/uploads\/2023\/02\/porta-taca-lua.png?w=1537&amp;ssl=1 1537w\" sizes=\"auto, (max-width: 1000px) 100vw, 1000px\" \/><\/a><\/figure>\n<\/div>\n\n\n\n<div class=\"wp-block-uagb-container uagb-block-ee894c93\">\n<div class=\"wp-block-uagb-advanced-heading uagb-block-304fafd3\"><h2 class=\"uagb-heading-text\">Porta Ta\u00e7a<\/h2><div class=\"uagb-separator\"><\/div><\/div>\n<\/div>\n\n\n\n<div class=\"wp-block-uagb-container uagb-block-f6cb06f9\">\n<figure class=\"wp-block-image size-large\"><a href=\"https:\/\/dmtcomponentes.com.br\/?page_id=1076\"><img data-recalc-dims=\"1\" loading=\"lazy\" decoding=\"async\" width=\"1024\" height=\"575\" data-attachment-id=\"1075\" data-permalink=\"https:\/\/dmtcomponentes.com.br\/?attachment_id=1075\" data-orig-file=\"https:\/\/i0.wp.com\/dmtcomponentes.com.br\/wp-content\/uploads\/2023\/02\/Porta-toalha.png?fit=1552%2C872&amp;ssl=1\" data-orig-size=\"1552,872\" data-comments-opened=\"1\" data-image-meta=\"{&quot;aperture&quot;:&quot;0&quot;,&quot;credit&quot;:&quot;&quot;,&quot;camera&quot;:&quot;&quot;,&quot;caption&quot;:&quot;&quot;,&quot;created_timestamp&quot;:&quot;0&quot;,&quot;copyright&quot;:&quot;&quot;,&quot;focal_length&quot;:&quot;0&quot;,&quot;iso&quot;:&quot;0&quot;,&quot;shutter_speed&quot;:&quot;0&quot;,&quot;title&quot;:&quot;&quot;,&quot;orientation&quot;:&quot;0&quot;}\" data-image-title=\"Porta toalha\" data-image-description=\"\" data-image-caption=\"\" data-large-file=\"https:\/\/i0.wp.com\/dmtcomponentes.com.br\/wp-content\/uploads\/2023\/02\/Porta-toalha.png?fit=1024%2C575&amp;ssl=1\" src=\"https:\/\/i0.wp.com\/dmtcomponentes.com.br\/wp-content\/uploads\/2023\/02\/Porta-toalha.png?resize=1024%2C575&#038;ssl=1\" alt=\"\" class=\"wp-image-1075\" srcset=\"https:\/\/i0.wp.com\/dmtcomponentes.com.br\/wp-content\/uploads\/2023\/02\/Porta-toalha.png?resize=1024%2C575&amp;ssl=1 1024w, https:\/\/i0.wp.com\/dmtcomponentes.com.br\/wp-content\/uploads\/2023\/02\/Porta-toalha.png?resize=300%2C169&amp;ssl=1 300w, https:\/\/i0.wp.com\/dmtcomponentes.com.br\/wp-content\/uploads\/2023\/02\/Porta-toalha.png?resize=768%2C432&amp;ssl=1 768w, https:\/\/i0.wp.com\/dmtcomponentes.com.br\/wp-content\/uploads\/2023\/02\/Porta-toalha.png?resize=1536%2C863&amp;ssl=1 1536w, https:\/\/i0.wp.com\/dmtcomponentes.com.br\/wp-content\/uploads\/2023\/02\/Porta-toalha.png?resize=1200%2C674&amp;ssl=1 1200w, https:\/\/i0.wp.com\/dmtcomponentes.com.br\/wp-content\/uploads\/2023\/02\/Porta-toalha.png?w=1552&amp;ssl=1 1552w\" sizes=\"auto, (max-width: 1000px) 100vw, 1000px\" \/><\/a><\/figure>\n<\/div>\n\n\n\n<div class=\"wp-block-uagb-container uagb-block-736b89f5\">\n<div class=\"wp-block-uagb-advanced-heading uagb-block-646dccf2\"><h2 class=\"uagb-heading-text\">Porta Toalha<\/h2><div class=\"uagb-separator\"><\/div><\/div>\n<\/div>\n<\/div><\/div>\n\n\n\n<div style=\"height:210px\" aria-hidden=\"true\" class=\"wp-block-spacer\"><\/div>\n","protected":false},"excerpt":{"rendered":"<p>Porta \u00d3leo Calceiro Deslizante Porta Ta\u00e7a Porta Toalha<\/p>\n","protected":false},"author":231363518,"featured_media":0,"parent":0,"menu_order":0,"comment_status":"closed","ping_status":"closed","template":"","meta":{"_crdt_document":"","_uag_custom_page_level_css":"","site-sidebar-layout":"default","site-content-layout":"","ast-site-content-layout":"","site-content-style":"default","site-sidebar-style":"default","ast-global-header-display":"","ast-banner-title-visibility":"","ast-main-header-display":"","ast-hfb-above-header-display":"","ast-hfb-below-header-display":"","ast-hfb-mobile-header-display":"","site-post-title":"disabled","ast-breadcrumbs-content":"","ast-featured-img":"","footer-sml-layout":"","theme-transparent-header-meta":"","adv-header-id-meta":"","stick-header-meta":"","header-above-stick-meta":"","header-main-stick-meta":"","header-below-stick-meta":"","astra-migrate-meta-layouts":"default","ast-page-background-enabled":"default","ast-page-background-meta":{"desktop":{"background-color":"var(--ast-global-color-4)","background-image":"","background-repeat":"repeat","background-position":"center center","background-size":"auto","background-attachment":"scroll","background-type":"","background-media":"","overlay-type":"","overlay-color":"","overlay-opacity":"","overlay-gradient":""},"tablet":{"background-color":"","background-image":"","background-repeat":"repeat","background-position":"center center","background-size":"auto","background-attachment":"scroll","background-type":"","background-media":"","overlay-type":"","overlay-color":"","overlay-opacity":"","overlay-gradient":""},"mobile":{"background-color":"","background-image":"","background-repeat":"repeat","background-position":"center center","background-size":"auto","background-attachment":"scroll","background-type":"","background-media":"","overlay-type":"","overlay-color":"","overlay-opacity":"","overlay-gradient":""}},"ast-content-background-meta":{"desktop":{"background-color":"var(--ast-global-color-5)","background-image":"","background-repeat":"repeat","background-position":"center center","background-size":"auto","background-attachment":"scroll","background-type":"","background-media":"","overlay-type":"","overlay-color":"","overlay-opacity":"","overlay-gradient":""},"tablet":{"background-color":"var(--ast-global-color-5)","background-image":"","background-repeat":"repeat","background-position":"center center","background-size":"auto","background-attachment":"scroll","background-type":"","background-media":"","overlay-type":"","overlay-color":"","overlay-opacity":"","overlay-gradient":""},"mobile":{"background-color":"var(--ast-global-color-5)","background-image":"","background-repeat":"repeat","background-position":"center center","background-size":"auto","background-attachment":"scroll","background-type":"","background-media":"","overlay-type":"","overlay-color":"","overlay-opacity":"","overlay-gradient":""}},"advanced_seo_description":"","jetpack_seo_html_title":"","jetpack_seo_noindex":false,"_joinchat":[],"footnotes":""},"class_list":["post-1044","page","type-page","status-publish","hentry"],"uagb_featured_image_src":{"full":false,"thumbnail":false,"medium":false,"medium_large":false,"large":false,"1536x1536":false,"2048x2048":false,"newspack-article-block-landscape-large":false,"newspack-article-block-portrait-large":false,"newspack-article-block-square-large":false,"newspack-article-block-landscape-medium":false,"newspack-article-block-portrait-medium":false,"newspack-article-block-square-medium":false,"newspack-article-block-landscape-intermediate":false,"newspack-article-block-portrait-intermediate":false,"newspack-article-block-square-intermediate":false,"newspack-article-block-landscape-small":false,"newspack-article-block-portrait-small":false,"newspack-article-block-square-small":false,"newspack-article-block-landscape-tiny":false,"newspack-article-block-portrait-tiny":false,"newspack-article-block-square-tiny":false,"newspack-article-block-uncropped":false},"uagb_author_info":{"display_name":"dmtcomponentes","author_link":"https:\/\/dmtcomponentes.com.br\/?author=231363518"},"uagb_comment_info":0,"uagb_excerpt":"Porta \u00d3leo Calceiro Deslizante Porta Ta\u00e7a Porta Toalha","jetpack_likes_enabled":true,"jetpack_sharing_enabled":true,"jetpack_shortlink":"https:\/\/wp.me\/Pezesh-gQ","jetpack-related-posts":[{"id":1054,"url":"https:\/\/dmtcomponentes.com.br\/?page_id=1054","url_meta":{"origin":1044,"position":0},"title":"Porta Oleo Page","author":"dmtcomponentes","date":"15 de fevereiro de 2023","format":false,"excerpt":"Porta \u00d3leo Cromado 100mm DESCRI\u00c7\u00c3O\u25cfEstrutura com arame 6mm e 4mm, tela com arame de 3mm\u25cfFixa\u00e7\u00e3o lateral\u25cfAcompanham parafusos de fixa\u00e7\u00e3o e regulagem\u25cfPermite instala\u00e7\u00e3o por ambos os lado VOLTAR","rel":"","context":"Post similar","block_context":{"text":"Post similar","link":""},"img":{"alt_text":"","src":"https:\/\/i0.wp.com\/dmtcomponentes.com.br\/wp-content\/uploads\/2023\/02\/Porta-oleo-.png?resize=350%2C200&ssl=1","width":350,"height":200,"srcset":"https:\/\/i0.wp.com\/dmtcomponentes.com.br\/wp-content\/uploads\/2023\/02\/Porta-oleo-.png?resize=350%2C200&ssl=1 1x, https:\/\/i0.wp.com\/dmtcomponentes.com.br\/wp-content\/uploads\/2023\/02\/Porta-oleo-.png?resize=525%2C300&ssl=1 1.5x, https:\/\/i0.wp.com\/dmtcomponentes.com.br\/wp-content\/uploads\/2023\/02\/Porta-oleo-.png?resize=700%2C400&ssl=1 2x, https:\/\/i0.wp.com\/dmtcomponentes.com.br\/wp-content\/uploads\/2023\/02\/Porta-oleo-.png?resize=1050%2C600&ssl=1 3x"},"classes":[]},{"id":1060,"url":"https:\/\/dmtcomponentes.com.br\/?page_id=1060","url_meta":{"origin":1044,"position":1},"title":"Calceiro deslizante page","author":"dmtcomponentes","date":"15 de fevereiro de 2023","format":false,"excerpt":"Calceiro deslizante 12 hastes DESCRI\u00c7\u00c3O\u25cfEstrutura com chapa de 1,5 mm\u25cfArame\u00a0puxador 8mm e haste com arame: 4,7mm\u25cfCapacidade: Indicado para 12 cal\u00e7as\u25cfAcompanha parafusos para instala\u00e7\u00e3o VOLTAR","rel":"","context":"Post similar","block_context":{"text":"Post similar","link":""},"img":{"alt_text":"","src":"https:\/\/i0.wp.com\/dmtcomponentes.com.br\/wp-content\/uploads\/2023\/02\/calceiro-12-hastes-novo.png?resize=350%2C200&ssl=1","width":350,"height":200,"srcset":"https:\/\/i0.wp.com\/dmtcomponentes.com.br\/wp-content\/uploads\/2023\/02\/calceiro-12-hastes-novo.png?resize=350%2C200&ssl=1 1x, https:\/\/i0.wp.com\/dmtcomponentes.com.br\/wp-content\/uploads\/2023\/02\/calceiro-12-hastes-novo.png?resize=525%2C300&ssl=1 1.5x, https:\/\/i0.wp.com\/dmtcomponentes.com.br\/wp-content\/uploads\/2023\/02\/calceiro-12-hastes-novo.png?resize=700%2C400&ssl=1 2x, https:\/\/i0.wp.com\/dmtcomponentes.com.br\/wp-content\/uploads\/2023\/02\/calceiro-12-hastes-novo.png?resize=1050%2C600&ssl=1 3x, https:\/\/i0.wp.com\/dmtcomponentes.com.br\/wp-content\/uploads\/2023\/02\/calceiro-12-hastes-novo.png?resize=1400%2C800&ssl=1 4x"},"classes":[]},{"id":309,"url":"https:\/\/dmtcomponentes.com.br\/","url_meta":{"origin":1044,"position":2},"title":"HOME","author":"dmtcomponentes","date":"4 de fevereiro de 2023","format":false,"excerpt":"Acesse nosso Catalogo Nossas pe\u00e7as s\u00e3o desenvolvidas para oferecer mais praticidade, acabamento de alta qualidade e efici\u00eancia. Conhe\u00e7a todos os lan\u00e7amentos e novidades. Acesse Aqui Quem somosDMT Componentes e acess\u00f3riosSomos uma empresa importadora de ferragens, componentes eacess\u00f3rios para a revenda e ind\u00fastria moveleira, com nossamarca exclusiva DMT.Fabricamos tamb\u00e9m perfis de\u2026","rel":"","context":"Post similar","block_context":{"text":"Post similar","link":""},"img":{"alt_text":"","src":"https:\/\/i0.wp.com\/dmtcomponentes.com.br\/wp-content\/uploads\/2025\/01\/em-breve.png?resize=350%2C200&ssl=1","width":350,"height":200,"srcset":"https:\/\/i0.wp.com\/dmtcomponentes.com.br\/wp-content\/uploads\/2025\/01\/em-breve.png?resize=350%2C200&ssl=1 1x, https:\/\/i0.wp.com\/dmtcomponentes.com.br\/wp-content\/uploads\/2025\/01\/em-breve.png?resize=525%2C300&ssl=1 1.5x, https:\/\/i0.wp.com\/dmtcomponentes.com.br\/wp-content\/uploads\/2025\/01\/em-breve.png?resize=700%2C400&ssl=1 2x, https:\/\/i0.wp.com\/dmtcomponentes.com.br\/wp-content\/uploads\/2025\/01\/em-breve.png?resize=1050%2C600&ssl=1 3x, https:\/\/i0.wp.com\/dmtcomponentes.com.br\/wp-content\/uploads\/2025\/01\/em-breve.png?resize=1400%2C800&ssl=1 4x"},"classes":[]}],"_links":{"self":[{"href":"https:\/\/dmtcomponentes.com.br\/index.php?rest_route=\/wp\/v2\/pages\/1044","targetHints":{"allow":["GET"]}}],"collection":[{"href":"https:\/\/dmtcomponentes.com.br\/index.php?rest_route=\/wp\/v2\/pages"}],"about":[{"href":"https:\/\/dmtcomponentes.com.br\/index.php?rest_route=\/wp\/v2\/types\/page"}],"author":[{"embeddable":true,"href":"https:\/\/dmtcomponentes.com.br\/index.php?rest_route=\/wp\/v2\/users\/231363518"}],"replies":[{"embeddable":true,"href":"https:\/\/dmtcomponentes.com.br\/index.php?rest_route=%2Fwp%2Fv2%2Fcomments&post=1044"}],"version-history":[{"count":33,"href":"https:\/\/dmtcomponentes.com.br\/index.php?rest_route=\/wp\/v2\/pages\/1044\/revisions"}],"predecessor-version":[{"id":6491,"href":"https:\/\/dmtcomponentes.com.br\/index.php?rest_route=\/wp\/v2\/pages\/1044\/revisions\/6491"}],"wp:attachment":[{"href":"https:\/\/dmtcomponentes.com.br\/index.php?rest_route=%2Fwp%2Fv2%2Fmedia&parent=1044"}],"curies":[{"name":"wp","href":"https:\/\/api.w.org\/{rel}","templated":true}]}}